{"id":6720,"date":"2023-12-06T10:46:46","date_gmt":"2023-12-06T09:46:46","guid":{"rendered":"https:\/\/axelcare.ch\/?page_id=6720"},"modified":"2025-11-11T13:03:08","modified_gmt":"2025-11-11T12:03:08","slug":"webinar-registrieren","status":"publish","type":"page","link":"https:\/\/axelcare.ch\/de\/webinar-registrieren\/","title":{"rendered":"Registrieren"},"content":{"rendered":"\t\t<div data-elementor-type=\"wp-page\" data-elementor-id=\"6720\" class=\"elementor elementor-6720 elementor-6591\" data-elementor-post-type=\"page\">\n\t\t\t\t\t\t<section class=\"elementor-section elementor-top-section elementor-element elementor-element-a35e6f0 elementor-section-height-min-height elementor-section-items-stretch elementor-section-boxed elementor-section-height-default\" data-id=\"a35e6f0\" data-element_type=\"section\" data-e-type=\"section\" data-settings=\"{&quot;background_background&quot;:&quot;classic&quot;}\">\n\t\t\t\t\t\t<div class=\"elementor-container elementor-column-gap-default\">\n\t\t\t\t\t<div class=\"elementor-column elementor-col-50 elementor-top-column elementor-element elementor-element-91cc733\" data-id=\"91cc733\" data-element_type=\"column\" data-e-type=\"column\">\n\t\t\t<div class=\"elementor-widget-wrap elementor-element-populated\">\n\t\t\t\t\t\t<section class=\"elementor-section elementor-inner-section elementor-element elementor-element-c795587 elementor-section-boxed elementor-section-height-default elementor-section-height-default\" data-id=\"c795587\" data-element_type=\"section\" data-e-type=\"section\">\n\t\t\t\t\t\t<div class=\"elementor-container elementor-column-gap-default\">\n\t\t\t\t\t<div class=\"elementor-column elementor-col-100 elementor-inner-column elementor-element elementor-element-918a4cd\" data-id=\"918a4cd\" data-element_type=\"column\" data-e-type=\"column\">\n\t\t\t<div class=\"elementor-widget-wrap\">\n\t\t\t\t\t\t\t<\/div>\n\t\t<\/div>\n\t\t\t\t\t<\/div>\n\t\t<\/section>\n\t\t\t\t\t<\/div>\n\t\t<\/div>\n\t\t\t\t<div class=\"elementor-column elementor-col-50 elementor-top-column elementor-element elementor-element-6cba24b column-with-shape\" data-id=\"6cba24b\" data-element_type=\"column\" data-e-type=\"column\">\n\t\t\t<div class=\"elementor-widget-wrap\">\n\t\t\t\t\t\t\t<\/div>\n\t\t<\/div>\n\t\t\t\t\t<\/div>\n\t\t<\/section>\n\t\t\t\t<section class=\"elementor-section elementor-top-section elementor-element elementor-element-8ec7663 elementor-section-height-min-height elementor-section-boxed elementor-section-height-default elementor-section-items-middle\" data-id=\"8ec7663\" data-element_type=\"section\" data-e-type=\"section\" data-settings=\"{&quot;background_background&quot;:&quot;classic&quot;}\">\n\t\t\t\t\t\t<div class=\"elementor-container elementor-column-gap-default\">\n\t\t\t\t\t<div class=\"elementor-column elementor-col-100 elementor-top-column elementor-element elementor-element-25f3b7f\" data-id=\"25f3b7f\" data-element_type=\"column\" data-e-type=\"column\">\n\t\t\t<div class=\"elementor-widget-wrap elementor-element-populated\">\n\t\t\t\t\t\t<div class=\"elementor-element elementor-element-0b9f0da elementor-widget elementor-widget-heading\" data-id=\"0b9f0da\" data-element_type=\"widget\" data-e-type=\"widget\" data-widget_type=\"heading.default\">\n\t\t\t\t<div class=\"elementor-widget-container\">\n\t\t\t\t\t<h4 class=\"elementor-heading-title elementor-size-default\">Registrieren<\/h4>\t\t\t\t<\/div>\n\t\t\t\t<\/div>\n\t\t\t\t<div class=\"elementor-element elementor-element-56b6f21 elementor-widget elementor-widget-text-editor\" data-id=\"56b6f21\" data-element_type=\"widget\" data-e-type=\"widget\" data-widget_type=\"text-editor.default\">\n\t\t\t\t<div class=\"elementor-widget-container\">\n\t\t\t\t\t\t\t\t\t<p>Vielen Dank f\u00fcr Ihr Interesse an unsere Webinare !<\/p><p>Die Anmeldung ist kostenlos, aber notwendig, damit wir Ihnen die Teilnahmezertifikat senden k\u00f6nnen.<\/p><p data-start=\"212\" data-end=\"378\">F\u00fcr das Webinar-Programm 2026 melden Sie sich bitte direkt \u00fcber Zoom an, indem Sie auf die Schaltfl\u00e4che <strong data-start=\"316\" data-end=\"331\">\u201eAnmeldung\u201c<\/strong> auf den jeweiligen Informationsseiten klicken.<\/p><p data-start=\"380\" data-end=\"431\">Anschlie\u00dfend erhalten Sie eine Best\u00e4tigungs-E-Mail.<\/p><p>Bei Fragen k\u00f6nnen Sie sich gerne unter der E-Mail-Adresse <a href=\"mailto:webinar@axelcare.ch\">webinar@axelcare.ch<\/a> an uns wenden.<\/p>\t\t\t\t\t\t\t\t<\/div>\n\t\t\t\t<\/div>\n\t\t\t\t<div class=\"elementor-element elementor-element-d4de842 elementor-button-align-end elementor-widget__width-initial c-custom-validated-form elementor-widget elementor-widget-form\" data-id=\"d4de842\" data-element_type=\"widget\" data-e-type=\"widget\" data-settings=\"{&quot;step_next_label&quot;:&quot;N\\u00e4chste&quot;,&quot;step_previous_label&quot;:&quot;Vorherige&quot;,&quot;button_width&quot;:&quot;100&quot;,&quot;step_type&quot;:&quot;number_text&quot;,&quot;step_icon_shape&quot;:&quot;circle&quot;}\" data-widget_type=\"form.default\">\n\t\t\t\t<div class=\"elementor-widget-container\">\n\t\t\t\t\t\t\t<form class=\"elementor-form\" method=\"post\" id=\"anmeldung_webinar\" name=\"Inscription webinaire\" aria-label=\"Inscription webinaire\" novalidate=\"\">\n\t\t\t<input type=\"hidden\" name=\"post_id\" value=\"6720\"\/>\n\t\t\t<input type=\"hidden\" name=\"form_id\" value=\"d4de842\"\/>\n\t\t\t<input type=\"hidden\" name=\"referer_title\" value=\"Axelcare &#8211; Registrieren &#8211; K\u00fcnstliche Ern\u00e4hrung zu Hause\" \/>\n\n\t\t\t\t\t\t\t<input type=\"hidden\" name=\"queried_id\" value=\"6720\"\/>\n\t\t\t\n\t\t\t<div class=\"elementor-form-fields-wrapper elementor-labels-\">\n\t\t\t\t\t\t\t\t<div class=\"elementor-field-type-select elementor-field-group elementor-column elementor-field-group-field_a11ecbb elementor-col-100 elementor-field-type-select-multiple elementor-field-required\">\n\t\t\t\t\t\t\t\t\t\t\t\t<label for=\"form-field-field_a11ecbb\" class=\"elementor-field-label elementor-screen-only\">\n\t\t\t\t\t\t\t\t*W\u00e4hlen\t\t\t\t\t\t\t<\/label>\n\t\t\t\t\t\t\t\t<div class=\"elementor-field elementor-select-wrapper remove-before \">\n\t\t\t<div class=\"select-caret-down-wrapper\">\n\t\t\t\t\t\t\t<\/div>\n\t\t\t<select name=\"form_fields[field_a11ecbb][]\" id=\"form-field-field_a11ecbb\" class=\"elementor-field-textual elementor-size-sm\" required=\"required\" multiple=\"\" size=\"2\">\n\t\t\t\t\t\t\t\t\t<option value=\"12.03.2026 Mangelern\u00e4hrung zu Hause und in Institutionen\">12.03.2026 Mangelern\u00e4hrung zu Hause und in Institutionen<\/option>\n\t\t\t\t\t\t\t\t\t<option value=\"25.06.2026 Ern\u00e4hrung \u00fcber Sonden zu Hause und in Institutionen\">25.06.2026 Ern\u00e4hrung \u00fcber Sonden zu Hause und in Institutionen<\/option>\n\t\t\t\t\t\t\t<\/select>\n\t\t<\/div>\n\t\t\t\t\t\t<\/div>\n\t\t\t\t\t\t\t\t<div class=\"elementor-field-type-text elementor-field-group elementor-column elementor-field-group-surname elementor-col-50 elementor-field-required\">\n\t\t\t\t\t\t\t\t\t\t\t\t<label for=\"form-field-surname\" class=\"elementor-field-label elementor-screen-only\">\n\t\t\t\t\t\t\t\tVorname\t\t\t\t\t\t\t<\/label>\n\t\t\t\t\t\t\t\t\t\t\t\t\t\t<input size=\"1\" type=\"text\" name=\"form_fields[surname]\" id=\"form-field-surname\" class=\"elementor-field elementor-size-sm  elementor-field-textual\" placeholder=\"*Vorname\" required=\"required\">\n\t\t\t\t\t\t\t\t\t\t\t<\/div>\n\t\t\t\t\t\t\t\t<div class=\"elementor-field-type-text elementor-field-group elementor-column elementor-field-group-field_d7af2c0 elementor-col-50 elementor-field-required\">\n\t\t\t\t\t\t\t\t\t\t\t\t<label for=\"form-field-field_d7af2c0\" class=\"elementor-field-label elementor-screen-only\">\n\t\t\t\t\t\t\t\tName\t\t\t\t\t\t\t<\/label>\n\t\t\t\t\t\t\t\t\t\t\t\t\t\t<input size=\"1\" type=\"text\" name=\"form_fields[field_d7af2c0]\" id=\"form-field-field_d7af2c0\" class=\"elementor-field elementor-size-sm  elementor-field-textual\" placeholder=\"*Name\" required=\"required\">\n\t\t\t\t\t\t\t\t\t\t\t<\/div>\n\t\t\t\t\t\t\t\t<div class=\"elementor-field-type-email elementor-field-group elementor-column elementor-field-group-email elementor-col-50 elementor-field-required\">\n\t\t\t\t\t\t\t\t\t\t\t\t<label for=\"form-field-email\" class=\"elementor-field-label elementor-screen-only\">\n\t\t\t\t\t\t\t\tE-Mail\t\t\t\t\t\t\t<\/label>\n\t\t\t\t\t\t\t\t\t\t\t\t\t\t<input size=\"1\" type=\"email\" name=\"form_fields[email]\" id=\"form-field-email\" class=\"elementor-field elementor-size-sm  elementor-field-textual\" placeholder=\"*E-Mail\" required=\"required\">\n\t\t\t\t\t\t\t\t\t\t\t<\/div>\n\t\t\t\t\t\t\t\t<div class=\"elementor-field-type-text elementor-field-group elementor-column elementor-field-group-job elementor-col-50\">\n\t\t\t\t\t\t\t\t\t\t\t\t<label for=\"form-field-job\" class=\"elementor-field-label elementor-screen-only\">\n\t\t\t\t\t\t\t\tBeruf\t\t\t\t\t\t\t<\/label>\n\t\t\t\t\t\t\t\t\t\t\t\t\t\t<input size=\"1\" type=\"text\" name=\"form_fields[job]\" id=\"form-field-job\" class=\"elementor-field elementor-size-sm  elementor-field-textual\" placeholder=\"*Beruf\">\n\t\t\t\t\t\t\t\t\t\t\t<\/div>\n\t\t\t\t\t\t\t\t<div class=\"elementor-field-type-text elementor-field-group elementor-column elementor-field-group-company elementor-col-50 elementor-field-required\">\n\t\t\t\t\t\t\t\t\t\t\t\t<label for=\"form-field-company\" class=\"elementor-field-label elementor-screen-only\">\n\t\t\t\t\t\t\t\t Anstalt\t\t\t\t\t\t\t<\/label>\n\t\t\t\t\t\t\t\t\t\t\t\t\t\t<input size=\"1\" type=\"text\" name=\"form_fields[company]\" id=\"form-field-company\" class=\"elementor-field elementor-size-sm  elementor-field-textual\" placeholder=\"* Anstalt\" required=\"required\">\n\t\t\t\t\t\t\t\t\t\t\t<\/div>\n\t\t\t\t\t\t\t\t<div class=\"elementor-field-type-text elementor-field-group elementor-column elementor-field-group-zip elementor-col-50\">\n\t\t\t\t\t\t\t\t\t\t\t\t<label for=\"form-field-zip\" class=\"elementor-field-label elementor-screen-only\">\n\t\t\t\t\t\t\t\tPLZ\t\t\t\t\t\t\t<\/label>\n\t\t\t\t\t\t\t\t\t\t\t\t\t\t<input size=\"1\" type=\"text\" name=\"form_fields[zip]\" id=\"form-field-zip\" class=\"elementor-field elementor-size-sm  elementor-field-textual\" placeholder=\"PLZ\">\n\t\t\t\t\t\t\t\t\t\t\t<\/div>\n\t\t\t\t\t\t\t\t<div class=\"elementor-field-type-textarea elementor-field-group elementor-column elementor-field-group-message elementor-col-100\">\n\t\t\t\t\t\t\t\t\t\t\t\t<label for=\"form-field-message\" class=\"elementor-field-label elementor-screen-only\">\n\t\t\t\t\t\t\t\tBemerkungen\t\t\t\t\t\t\t<\/label>\n\t\t\t\t\t\t<textarea class=\"elementor-field-textual elementor-field  elementor-size-sm\" name=\"form_fields[message]\" id=\"form-field-message\" rows=\"8\" placeholder=\"Bemerkungen\"><\/textarea>\t\t\t\t<\/div>\n\t\t\t\t\t\t\t\t<div class=\"elementor-field-type-html elementor-field-group elementor-column elementor-field-group-field_affc390 elementor-col-100\">\n\t\t\t\t\t<span class=\"mandatory-form-label\">\n*Ben\u00f6tigte Felder\n<\/span>\t\t\t\t<\/div>\n\t\t\t\t\t\t\t\t<div class=\"elementor-field-type-recaptcha elementor-field-group elementor-column elementor-field-group-field_7ef1afa elementor-col-100\">\n\t\t\t\t\t<div class=\"elementor-field\" id=\"form-field-field_7ef1afa\"><div class=\"elementor-g-recaptcha\" data-sitekey=\"6LcJXZwfAAAAABtLuG8wIsg7GPjtQd4IMzQmVf96\" data-type=\"v2_checkbox\" data-theme=\"light\" data-size=\"normal\"><\/div><\/div>\t\t\t\t<\/div>\n\t\t\t\t\t\t\t\t<div class=\"elementor-field-group elementor-column elementor-field-type-submit elementor-col-100 e-form__buttons\">\n\t\t\t\t\t<button class=\"elementor-button elementor-size-sm\" type=\"submit\">\n\t\t\t\t\t\t<span class=\"elementor-button-content-wrapper\">\n\t\t\t\t\t\t\t\t\t\t\t\t\t\t\t\t\t\t\t\t\t\t<span class=\"elementor-button-text\">Senden<\/span>\n\t\t\t\t\t\t\t\t\t\t\t\t\t<\/span>\n\t\t\t\t\t<\/button>\n\t\t\t\t<\/div>\n\t\t\t<\/div>\n\t\t<\/form>\n\t\t\t\t\t\t<\/div>\n\t\t\t\t<\/div>\n\t\t\t\t\t<\/div>\n\t\t<\/div>\n\t\t\t\t\t<\/div>\n\t\t<\/section>\n\t\t\t\t<section class=\"elementor-section elementor-top-section elementor-element elementor-element-73bfd67 elementor-section-boxed elementor-section-height-default elementor-section-height-default\" data-id=\"73bfd67\" data-element_type=\"section\" data-e-type=\"section\" data-settings=\"{&quot;background_background&quot;:&quot;classic&quot;}\">\n\t\t\t\t\t\t<div class=\"elementor-container elementor-column-gap-default\">\n\t\t\t\t\t<div class=\"elementor-column elementor-col-100 elementor-top-column elementor-element elementor-element-09ab0a4\" data-id=\"09ab0a4\" data-element_type=\"column\" data-e-type=\"column\">\n\t\t\t<div class=\"elementor-widget-wrap elementor-element-populated\">\n\t\t\t\t\t\t<div class=\"elementor-element elementor-element-e4b4317 elementor-widget elementor-widget-spacer\" data-id=\"e4b4317\" data-element_type=\"widget\" data-e-type=\"widget\" data-widget_type=\"spacer.default\">\n\t\t\t\t<div class=\"elementor-widget-container\">\n\t\t\t\t\t\t\t<div class=\"elementor-spacer\">\n\t\t\t<div class=\"elementor-spacer-inner\"><\/div>\n\t\t<\/div>\n\t\t\t\t\t\t<\/div>\n\t\t\t\t<\/div>\n\t\t\t\t\t<\/div>\n\t\t<\/div>\n\t\t\t\t\t<\/div>\n\t\t<\/section>\n\t\t\t\t<\/div>\n\t\t","protected":false},"excerpt":{"rendered":"<p>Registrieren Vielen Dank f\u00fcr Ihr Interesse an unsere Webinare ! Die Anmeldung ist kostenlos, aber notwendig, damit wir Ihnen die Teilnahmezertifikat senden k\u00f6nnen. F\u00fcr das Webinar-Programm 2026 melden Sie sich bitte direkt \u00fcber Zoom an, indem Sie auf die Schaltfl\u00e4che \u201eAnmeldung\u201c auf den jeweiligen Informationsseiten klicken. Anschlie\u00dfend erhalten Sie eine Best\u00e4tigungs-E-Mail. Bei Fragen k\u00f6nnen Sie [&hellip;]<\/p>\n","protected":false},"author":2,"featured_media":0,"parent":0,"menu_order":0,"comment_status":"closed","ping_status":"closed","template":"","meta":{"footnotes":""},"class_list":["post-6720","page","type-page","status-publish","hentry"],"yoast_head":"<!-- This site is optimized with the Yoast SEO plugin v27.5 - https:\/\/yoast.com\/product\/yoast-seo-wordpress\/ -->\n<title>Axelcare &#8211; Registrieren &#8211; K\u00fcnstliche Ern\u00e4hrung zu Hause<\/title>\n<meta name=\"robots\" content=\"index, follow, max-snippet:-1, max-image-preview:large, max-video-preview:-1\" \/>\n<link rel=\"canonical\" href=\"https:\/\/axelcare.ch\/inscription-webinaire-axelcare\/\" \/>\n<meta property=\"og:locale\" content=\"de_DE\" \/>\n<meta property=\"og:type\" content=\"article\" \/>\n<meta property=\"og:title\" content=\"Axelcare &#8211; Registrieren &#8211; K\u00fcnstliche Ern\u00e4hrung zu Hause\" \/>\n<meta property=\"og:url\" content=\"https:\/\/axelcare.ch\/inscription-webinaire-axelcare\/\" \/>\n<meta property=\"og:site_name\" content=\"Axelcare\" \/>\n<meta property=\"article:publisher\" content=\"https:\/\/www.facebook.com\/AxelCare-1705916956371757\" \/>\n<meta property=\"article:modified_time\" content=\"2025-11-11T12:03:08+00:00\" \/>\n<meta name=\"twitter:card\" content=\"summary_large_image\" \/>\n<meta name=\"twitter:label1\" content=\"Est. reading time\" \/>\n\t<meta name=\"twitter:data1\" content=\"1 minute\" \/>\n<script type=\"application\/ld+json\" class=\"yoast-schema-graph\">{\"@context\":\"https:\\\/\\\/schema.org\",\"@graph\":[{\"@type\":\"WebPage\",\"@id\":\"https:\\\/\\\/axelcare.ch\\\/inscription-webinaire-axelcare\\\/\",\"url\":\"https:\\\/\\\/axelcare.ch\\\/inscription-webinaire-axelcare\\\/\",\"name\":\"Axelcare &#8211; Registrieren &#8211; K\u00fcnstliche Ern\u00e4hrung zu Hause\",\"isPartOf\":{\"@id\":\"https:\\\/\\\/axelcare.ch\\\/#website\"},\"datePublished\":\"2023-12-06T09:46:46+00:00\",\"dateModified\":\"2025-11-11T12:03:08+00:00\",\"breadcrumb\":{\"@id\":\"https:\\\/\\\/axelcare.ch\\\/inscription-webinaire-axelcare\\\/#breadcrumb\"},\"inLanguage\":\"de\",\"potentialAction\":[{\"@type\":\"ReadAction\",\"target\":[\"https:\\\/\\\/axelcare.ch\\\/inscription-webinaire-axelcare\\\/\"]}]},{\"@type\":\"BreadcrumbList\",\"@id\":\"https:\\\/\\\/axelcare.ch\\\/inscription-webinaire-axelcare\\\/#breadcrumb\",\"itemListElement\":[{\"@type\":\"ListItem\",\"position\":1,\"name\":\"Accueil\",\"item\":\"https:\\\/\\\/axelcare.ch\\\/de\\\/\"},{\"@type\":\"ListItem\",\"position\":2,\"name\":\"Registrieren\"}]},{\"@type\":\"WebSite\",\"@id\":\"https:\\\/\\\/axelcare.ch\\\/#website\",\"url\":\"https:\\\/\\\/axelcare.ch\\\/\",\"name\":\"Axelcare\",\"description\":\"K\u00fcnstliche Ern\u00e4hrung zu Hause\",\"publisher\":{\"@id\":\"https:\\\/\\\/axelcare.ch\\\/#organization\"},\"potentialAction\":[{\"@type\":\"SearchAction\",\"target\":{\"@type\":\"EntryPoint\",\"urlTemplate\":\"https:\\\/\\\/axelcare.ch\\\/?s={search_term_string}\"},\"query-input\":{\"@type\":\"PropertyValueSpecification\",\"valueRequired\":true,\"valueName\":\"search_term_string\"}}],\"inLanguage\":\"de\"},{\"@type\":\"Organization\",\"@id\":\"https:\\\/\\\/axelcare.ch\\\/#organization\",\"name\":\"AxelCare SA\",\"url\":\"https:\\\/\\\/axelcare.ch\\\/\",\"logo\":{\"@type\":\"ImageObject\",\"inLanguage\":\"de\",\"@id\":\"https:\\\/\\\/axelcare.ch\\\/#\\\/schema\\\/logo\\\/image\\\/\",\"url\":\"https:\\\/\\\/axelcare.ch\\\/wp\\\/wp-content\\\/uploads\\\/2022\\\/04\\\/logo.png\",\"contentUrl\":\"https:\\\/\\\/axelcare.ch\\\/wp\\\/wp-content\\\/uploads\\\/2022\\\/04\\\/logo.png\",\"width\":300,\"height\":100,\"caption\":\"AxelCare SA\"},\"image\":{\"@id\":\"https:\\\/\\\/axelcare.ch\\\/#\\\/schema\\\/logo\\\/image\\\/\"},\"sameAs\":[\"https:\\\/\\\/www.facebook.com\\\/AxelCare-1705916956371757\",\"https:\\\/\\\/www.linkedin.com\\\/company\\\/axelcare\\\/\",\"https:\\\/\\\/www.youtube.com\\\/channel\\\/UClZ7KChzl8sRXl0B7VB9xbw\"]}]}<\/script>\n<!-- \/ Yoast SEO plugin. -->","yoast_head_json":{"title":"Axelcare &#8211; Registrieren &#8211; K\u00fcnstliche Ern\u00e4hrung zu Hause","robots":{"index":"index","follow":"follow","max-snippet":"max-snippet:-1","max-image-preview":"max-image-preview:large","max-video-preview":"max-video-preview:-1"},"canonical":"https:\/\/axelcare.ch\/inscription-webinaire-axelcare\/","og_locale":"de_DE","og_type":"article","og_title":"Axelcare &#8211; Registrieren &#8211; K\u00fcnstliche Ern\u00e4hrung zu Hause","og_url":"https:\/\/axelcare.ch\/inscription-webinaire-axelcare\/","og_site_name":"Axelcare","article_publisher":"https:\/\/www.facebook.com\/AxelCare-1705916956371757","article_modified_time":"2025-11-11T12:03:08+00:00","twitter_card":"summary_large_image","twitter_misc":{"Est. reading time":"1 minute"},"schema":{"@context":"https:\/\/schema.org","@graph":[{"@type":"WebPage","@id":"https:\/\/axelcare.ch\/inscription-webinaire-axelcare\/","url":"https:\/\/axelcare.ch\/inscription-webinaire-axelcare\/","name":"Axelcare &#8211; Registrieren &#8211; K\u00fcnstliche Ern\u00e4hrung zu Hause","isPartOf":{"@id":"https:\/\/axelcare.ch\/#website"},"datePublished":"2023-12-06T09:46:46+00:00","dateModified":"2025-11-11T12:03:08+00:00","breadcrumb":{"@id":"https:\/\/axelcare.ch\/inscription-webinaire-axelcare\/#breadcrumb"},"inLanguage":"de","potentialAction":[{"@type":"ReadAction","target":["https:\/\/axelcare.ch\/inscription-webinaire-axelcare\/"]}]},{"@type":"BreadcrumbList","@id":"https:\/\/axelcare.ch\/inscription-webinaire-axelcare\/#breadcrumb","itemListElement":[{"@type":"ListItem","position":1,"name":"Accueil","item":"https:\/\/axelcare.ch\/de\/"},{"@type":"ListItem","position":2,"name":"Registrieren"}]},{"@type":"WebSite","@id":"https:\/\/axelcare.ch\/#website","url":"https:\/\/axelcare.ch\/","name":"Axelcare","description":"K\u00fcnstliche Ern\u00e4hrung zu Hause","publisher":{"@id":"https:\/\/axelcare.ch\/#organization"},"potentialAction":[{"@type":"SearchAction","target":{"@type":"EntryPoint","urlTemplate":"https:\/\/axelcare.ch\/?s={search_term_string}"},"query-input":{"@type":"PropertyValueSpecification","valueRequired":true,"valueName":"search_term_string"}}],"inLanguage":"de"},{"@type":"Organization","@id":"https:\/\/axelcare.ch\/#organization","name":"AxelCare SA","url":"https:\/\/axelcare.ch\/","logo":{"@type":"ImageObject","inLanguage":"de","@id":"https:\/\/axelcare.ch\/#\/schema\/logo\/image\/","url":"https:\/\/axelcare.ch\/wp\/wp-content\/uploads\/2022\/04\/logo.png","contentUrl":"https:\/\/axelcare.ch\/wp\/wp-content\/uploads\/2022\/04\/logo.png","width":300,"height":100,"caption":"AxelCare SA"},"image":{"@id":"https:\/\/axelcare.ch\/#\/schema\/logo\/image\/"},"sameAs":["https:\/\/www.facebook.com\/AxelCare-1705916956371757","https:\/\/www.linkedin.com\/company\/axelcare\/","https:\/\/www.youtube.com\/channel\/UClZ7KChzl8sRXl0B7VB9xbw"]}]}},"_links":{"self":[{"href":"https:\/\/axelcare.ch\/de\/wp-json\/wp\/v2\/pages\/6720","targetHints":{"allow":["GET"]}}],"collection":[{"href":"https:\/\/axelcare.ch\/de\/wp-json\/wp\/v2\/pages"}],"about":[{"href":"https:\/\/axelcare.ch\/de\/wp-json\/wp\/v2\/types\/page"}],"author":[{"embeddable":true,"href":"https:\/\/axelcare.ch\/de\/wp-json\/wp\/v2\/users\/2"}],"replies":[{"embeddable":true,"href":"https:\/\/axelcare.ch\/de\/wp-json\/wp\/v2\/comments?post=6720"}],"version-history":[{"count":68,"href":"https:\/\/axelcare.ch\/de\/wp-json\/wp\/v2\/pages\/6720\/revisions"}],"predecessor-version":[{"id":11573,"href":"https:\/\/axelcare.ch\/de\/wp-json\/wp\/v2\/pages\/6720\/revisions\/11573"}],"wp:attachment":[{"href":"https:\/\/axelcare.ch\/de\/wp-json\/wp\/v2\/media?parent=6720"}],"curies":[{"name":"wp","href":"https:\/\/api.w.org\/{rel}","templated":true}]}}