{"id":3614,"date":"2022-04-26T14:02:30","date_gmt":"2022-04-26T13:02:30","guid":{"rendered":"https:\/\/web.axelcare.ch\/plaies\/"},"modified":"2022-08-09T10:08:58","modified_gmt":"2022-08-09T09:08:58","slug":"wundheilung","status":"publish","type":"page","link":"https:\/\/axelcare.ch\/de\/wundheilung\/","title":{"rendered":"Wundheilung"},"content":{"rendered":"\t\t<div data-elementor-type=\"wp-page\" data-elementor-id=\"3614\" class=\"elementor elementor-3614 elementor-614\" data-elementor-post-type=\"page\">\n\t\t\t\t\t\t<section class=\"elementor-section elementor-top-section elementor-element elementor-element-a35e6f0 elementor-section-content-middle page-header-with-shape elementor-section-boxed elementor-section-height-default elementor-section-height-default\" data-id=\"a35e6f0\" data-element_type=\"section\" data-e-type=\"section\" data-settings=\"{&quot;background_background&quot;:&quot;classic&quot;}\">\n\t\t\t\t\t\t<div class=\"elementor-container elementor-column-gap-default\">\n\t\t\t\t\t<div class=\"elementor-column elementor-col-50 elementor-top-column elementor-element elementor-element-91cc733\" data-id=\"91cc733\" data-element_type=\"column\" data-e-type=\"column\">\n\t\t\t<div class=\"elementor-widget-wrap elementor-element-populated\">\n\t\t\t\t\t\t<section class=\"elementor-section elementor-inner-section elementor-element elementor-element-c795587 elementor-section-boxed elementor-section-height-default elementor-section-height-default\" data-id=\"c795587\" data-element_type=\"section\" data-e-type=\"section\">\n\t\t\t\t\t\t<div class=\"elementor-container elementor-column-gap-default\">\n\t\t\t\t\t<div class=\"elementor-column elementor-col-100 elementor-inner-column elementor-element elementor-element-6c0b1b1\" data-id=\"6c0b1b1\" data-element_type=\"column\" data-e-type=\"column\">\n\t\t\t<div class=\"elementor-widget-wrap elementor-element-populated\">\n\t\t\t\t\t\t<div class=\"elementor-element elementor-element-6e34fd5 elementor-widget elementor-widget-text-editor\" data-id=\"6e34fd5\" data-element_type=\"widget\" data-e-type=\"widget\" data-widget_type=\"text-editor.default\">\n\t\t\t\t<div class=\"elementor-widget-container\">\n\t\t\t\t\t\t\t\t\t<p><a href=\"tel:+4132 552 05 55\">032 552 05 55<\/a><br \/><a href=\"mailto:info@axelcare.ch\">info@axelcare.ch<\/a><\/p>\t\t\t\t\t\t\t\t<\/div>\n\t\t\t\t<\/div>\n\t\t\t\t\t<\/div>\n\t\t<\/div>\n\t\t\t\t\t<\/div>\n\t\t<\/section>\n\t\t\t\t\t<\/div>\n\t\t<\/div>\n\t\t\t\t<div class=\"elementor-column elementor-col-50 elementor-top-column elementor-element elementor-element-6cba24b column-with-shape\" data-id=\"6cba24b\" data-element_type=\"column\" data-e-type=\"column\">\n\t\t\t<div class=\"elementor-widget-wrap elementor-element-populated\">\n\t\t\t\t\t\t<div class=\"elementor-element elementor-element-fba718a elementor-widget elementor-widget-image\" data-id=\"fba718a\" data-element_type=\"widget\" data-e-type=\"widget\" data-widget_type=\"image.default\">\n\t\t\t\t<div class=\"elementor-widget-container\">\n\t\t\t\t\t\t\t\t\t\t\t\t\t\t\t<img fetchpriority=\"high\" decoding=\"async\" width=\"800\" height=\"658\" src=\"https:\/\/axelcare.ch\/wp\/wp-content\/uploads\/2022\/07\/Plaies-2.png\" class=\"attachment-large size-large wp-image-4291\" alt=\"\" srcset=\"https:\/\/axelcare.ch\/wp\/wp-content\/uploads\/2022\/07\/Plaies-2.png 961w, https:\/\/axelcare.ch\/wp\/wp-content\/uploads\/2022\/07\/Plaies-2-300x247.png 300w, https:\/\/axelcare.ch\/wp\/wp-content\/uploads\/2022\/07\/Plaies-2-768x632.png 768w, https:\/\/axelcare.ch\/wp\/wp-content\/uploads\/2022\/07\/Plaies-2-150x123.png 150w\" sizes=\"(max-width: 800px) 100vw, 800px\" \/>\t\t\t\t\t\t\t\t\t\t\t\t\t\t\t<\/div>\n\t\t\t\t<\/div>\n\t\t\t\t\t<\/div>\n\t\t<\/div>\n\t\t\t\t\t<\/div>\n\t\t<\/section>\n\t\t\t\t<section class=\"elementor-section elementor-top-section elementor-element elementor-element-4a7b3fe8 section-with-border-image elementor-section-boxed elementor-section-height-default elementor-section-height-default\" data-id=\"4a7b3fe8\" data-element_type=\"section\" data-e-type=\"section\">\n\t\t\t\t\t\t<div class=\"elementor-container elementor-column-gap-default\">\n\t\t\t\t\t<div class=\"elementor-column elementor-col-100 elementor-top-column elementor-element elementor-element-413888ec\" data-id=\"413888ec\" data-element_type=\"column\" data-e-type=\"column\">\n\t\t\t<div class=\"elementor-widget-wrap elementor-element-populated\">\n\t\t\t\t\t\t<div class=\"elementor-element elementor-element-6b7e09c elementor-widget elementor-widget-heading\" data-id=\"6b7e09c\" data-element_type=\"widget\" data-e-type=\"widget\" data-widget_type=\"heading.default\">\n\t\t\t\t<div class=\"elementor-widget-container\">\n\t\t\t\t\t<h2 class=\"elementor-heading-title elementor-size-default\">WUNDHEILUNG<\/h2>\t\t\t\t<\/div>\n\t\t\t\t<\/div>\n\t\t\t\t<div class=\"elementor-element elementor-element-6b8b7adc elementor-widget elementor-widget-text-editor\" data-id=\"6b8b7adc\" data-element_type=\"widget\" data-e-type=\"widget\" data-widget_type=\"text-editor.default\">\n\t\t\t\t<div class=\"elementor-widget-container\">\n\t\t\t\t\t\t\t\t\t<p>Bei der Pflege von Wunden spielen Verb\u00e4nde und Desinfektion eine wichtige Rolle, dies ist bekannt. Wie sieht es aber mit der Ern\u00e4hrung aus?<\/p>\t\t\t\t\t\t\t\t<\/div>\n\t\t\t\t<\/div>\n\t\t\t\t<div class=\"elementor-element elementor-element-b89545a elementor-widget elementor-widget-text-editor\" data-id=\"b89545a\" data-element_type=\"widget\" data-e-type=\"widget\" data-widget_type=\"text-editor.default\">\n\t\t\t\t<div class=\"elementor-widget-container\">\n\t\t\t\t\t\t\t\t\t<p>Der Ern\u00e4hrungsstatus ist von gr\u00f6sster Bedeutung, sei es, um Wunden wie Dekubitus zu vermeiden oder bei der Pflege bereits vorhandener Wunden. Mangelern\u00e4hrung erh\u00f6ht das Dekubitusrisiko und kann die Wundheilung (durch verminderte Immunabwehr) verz\u00f6gern. Auch eine ungen\u00fcgende N\u00e4hrstoffaufnahme kann das Heilen einer Wunde verlangsamen, umso mehr, als in dieser Situation der N\u00e4hrstoffbedarf meistens steigt.<\/p><p>Gut zu wissen ist zudem, dass bestimmte N\u00e4hrstoffe wie Arginin, Glutamin, Zink, Vitamin C und Omega-3-Fetts\u00e4uren die Hautqualit\u00e4t verbessern und die Wundheilung unterst\u00fctzen k\u00f6nnen. Diese N\u00e4hrstoffe sind vor allen in \u00d6lsaaten, Lein\u00f6l, Fleisch und Meeresfr\u00fcchten enthalten.<\/p><p>Um die N\u00e4hrstoffaufnahme einer Person ihren Bed\u00fcrfnissen angemessen zu f\u00f6rdern, sind das Anreichern und Aufteilen von Mahlzeiten sowie orale Nahrungssupplemente empfehlenswerte Massnahmen.<\/p>\t\t\t\t\t\t\t\t<\/div>\n\t\t\t\t<\/div>\n\t\t\t\t\t<\/div>\n\t\t<\/div>\n\t\t\t\t\t<\/div>\n\t\t<\/section>\n\t\t\t\t<\/div>\n\t\t","protected":false},"excerpt":{"rendered":"<p>Bei der Pflege von Wunden spielen Verb\u00e4nde und Desinfektion eine wichtige Rolle, dies ist bekannt. Wie sieht es aber mit der Ern\u00e4hrung aus?<\/p>\n","protected":false},"author":1,"featured_media":0,"parent":0,"menu_order":0,"comment_status":"closed","ping_status":"closed","template":"","meta":{"footnotes":""},"class_list":["post-3614","page","type-page","status-publish","hentry"],"yoast_head":"<!-- This site is optimized with the Yoast SEO plugin v27.6 - https:\/\/yoast.com\/product\/yoast-seo-wordpress\/ -->\n<title>Axelcare &#8211; Wundheilung &#8211; K\u00fcnstliche Ern\u00e4hrung zu Hause<\/title>\n<meta name=\"description\" content=\"Bei der Pflege von Wunden spielen Verb\u00e4nde und Desinfektion eine wichtige Rolle, dies ist bekannt. Wie sieht es aber mit der Ern\u00e4hrung aus?\" \/>\n<meta name=\"robots\" content=\"index, follow, max-snippet:-1, max-image-preview:large, max-video-preview:-1\" \/>\n<link rel=\"canonical\" href=\"https:\/\/axelcare.ch\/plaies\/\" \/>\n<meta property=\"og:locale\" content=\"de_DE\" \/>\n<meta property=\"og:type\" content=\"article\" \/>\n<meta property=\"og:title\" content=\"Axelcare &#8211; Wundheilung &#8211; K\u00fcnstliche Ern\u00e4hrung zu Hause\" \/>\n<meta property=\"og:description\" content=\"Bei der Pflege von Wunden spielen Verb\u00e4nde und Desinfektion eine wichtige Rolle, dies ist bekannt. Wie sieht es aber mit der Ern\u00e4hrung aus?\" \/>\n<meta property=\"og:url\" content=\"https:\/\/axelcare.ch\/plaies\/\" \/>\n<meta property=\"og:site_name\" content=\"Axelcare\" \/>\n<meta property=\"article:publisher\" content=\"https:\/\/www.facebook.com\/AxelCare-1705916956371757\" \/>\n<meta property=\"article:modified_time\" content=\"2022-08-09T09:08:58+00:00\" \/>\n<meta property=\"og:image\" content=\"https:\/\/web.axelcare.ch\/wp\/wp-content\/uploads\/2022\/07\/Plaies-2.png\" \/>\n<meta name=\"twitter:card\" content=\"summary_large_image\" \/>\n<meta name=\"twitter:label1\" content=\"Est. reading time\" \/>\n\t<meta name=\"twitter:data1\" content=\"1 minute\" \/>\n<script type=\"application\/ld+json\" class=\"yoast-schema-graph\">{\"@context\":\"https:\\\/\\\/schema.org\",\"@graph\":[{\"@type\":\"WebPage\",\"@id\":\"https:\\\/\\\/axelcare.ch\\\/plaies\\\/\",\"url\":\"https:\\\/\\\/axelcare.ch\\\/plaies\\\/\",\"name\":\"Axelcare &#8211; Wundheilung &#8211; K\u00fcnstliche Ern\u00e4hrung zu Hause\",\"isPartOf\":{\"@id\":\"https:\\\/\\\/axelcare.ch\\\/#website\"},\"primaryImageOfPage\":{\"@id\":\"https:\\\/\\\/axelcare.ch\\\/plaies\\\/#primaryimage\"},\"image\":{\"@id\":\"https:\\\/\\\/axelcare.ch\\\/plaies\\\/#primaryimage\"},\"thumbnailUrl\":\"https:\\\/\\\/web.axelcare.ch\\\/wp\\\/wp-content\\\/uploads\\\/2022\\\/07\\\/Plaies-2.png\",\"datePublished\":\"2022-04-26T13:02:30+00:00\",\"dateModified\":\"2022-08-09T09:08:58+00:00\",\"description\":\"Bei der Pflege von Wunden spielen Verb\u00e4nde und Desinfektion eine wichtige Rolle, dies ist bekannt. Wie sieht es aber mit der Ern\u00e4hrung aus?\",\"breadcrumb\":{\"@id\":\"https:\\\/\\\/axelcare.ch\\\/plaies\\\/#breadcrumb\"},\"inLanguage\":\"de\",\"potentialAction\":[{\"@type\":\"ReadAction\",\"target\":[\"https:\\\/\\\/axelcare.ch\\\/plaies\\\/\"]}]},{\"@type\":\"ImageObject\",\"inLanguage\":\"de\",\"@id\":\"https:\\\/\\\/axelcare.ch\\\/plaies\\\/#primaryimage\",\"url\":\"https:\\\/\\\/web.axelcare.ch\\\/wp\\\/wp-content\\\/uploads\\\/2022\\\/07\\\/Plaies-2.png\",\"contentUrl\":\"https:\\\/\\\/web.axelcare.ch\\\/wp\\\/wp-content\\\/uploads\\\/2022\\\/07\\\/Plaies-2.png\"},{\"@type\":\"BreadcrumbList\",\"@id\":\"https:\\\/\\\/axelcare.ch\\\/plaies\\\/#breadcrumb\",\"itemListElement\":[{\"@type\":\"ListItem\",\"position\":1,\"name\":\"Accueil\",\"item\":\"https:\\\/\\\/axelcare.ch\\\/de\\\/\"},{\"@type\":\"ListItem\",\"position\":2,\"name\":\"Wundheilung\"}]},{\"@type\":\"WebSite\",\"@id\":\"https:\\\/\\\/axelcare.ch\\\/#website\",\"url\":\"https:\\\/\\\/axelcare.ch\\\/\",\"name\":\"Axelcare\",\"description\":\"K\u00fcnstliche Ern\u00e4hrung zu Hause\",\"publisher\":{\"@id\":\"https:\\\/\\\/axelcare.ch\\\/#organization\"},\"potentialAction\":[{\"@type\":\"SearchAction\",\"target\":{\"@type\":\"EntryPoint\",\"urlTemplate\":\"https:\\\/\\\/axelcare.ch\\\/?s={search_term_string}\"},\"query-input\":{\"@type\":\"PropertyValueSpecification\",\"valueRequired\":true,\"valueName\":\"search_term_string\"}}],\"inLanguage\":\"de\"},{\"@type\":\"Organization\",\"@id\":\"https:\\\/\\\/axelcare.ch\\\/#organization\",\"name\":\"AxelCare SA\",\"url\":\"https:\\\/\\\/axelcare.ch\\\/\",\"logo\":{\"@type\":\"ImageObject\",\"inLanguage\":\"de\",\"@id\":\"https:\\\/\\\/axelcare.ch\\\/#\\\/schema\\\/logo\\\/image\\\/\",\"url\":\"https:\\\/\\\/axelcare.ch\\\/wp\\\/wp-content\\\/uploads\\\/2022\\\/04\\\/logo.png\",\"contentUrl\":\"https:\\\/\\\/axelcare.ch\\\/wp\\\/wp-content\\\/uploads\\\/2022\\\/04\\\/logo.png\",\"width\":300,\"height\":100,\"caption\":\"AxelCare SA\"},\"image\":{\"@id\":\"https:\\\/\\\/axelcare.ch\\\/#\\\/schema\\\/logo\\\/image\\\/\"},\"sameAs\":[\"https:\\\/\\\/www.facebook.com\\\/AxelCare-1705916956371757\",\"https:\\\/\\\/www.linkedin.com\\\/company\\\/axelcare\\\/\",\"https:\\\/\\\/www.youtube.com\\\/channel\\\/UClZ7KChzl8sRXl0B7VB9xbw\"]}]}<\/script>\n<!-- \/ Yoast SEO plugin. -->","yoast_head_json":{"title":"Axelcare &#8211; Wundheilung &#8211; K\u00fcnstliche Ern\u00e4hrung zu Hause","description":"Bei der Pflege von Wunden spielen Verb\u00e4nde und Desinfektion eine wichtige Rolle, dies ist bekannt. Wie sieht es aber mit der Ern\u00e4hrung aus?","robots":{"index":"index","follow":"follow","max-snippet":"max-snippet:-1","max-image-preview":"max-image-preview:large","max-video-preview":"max-video-preview:-1"},"canonical":"https:\/\/axelcare.ch\/plaies\/","og_locale":"de_DE","og_type":"article","og_title":"Axelcare &#8211; Wundheilung &#8211; K\u00fcnstliche Ern\u00e4hrung zu Hause","og_description":"Bei der Pflege von Wunden spielen Verb\u00e4nde und Desinfektion eine wichtige Rolle, dies ist bekannt. Wie sieht es aber mit der Ern\u00e4hrung aus?","og_url":"https:\/\/axelcare.ch\/plaies\/","og_site_name":"Axelcare","article_publisher":"https:\/\/www.facebook.com\/AxelCare-1705916956371757","article_modified_time":"2022-08-09T09:08:58+00:00","og_image":[{"url":"https:\/\/web.axelcare.ch\/wp\/wp-content\/uploads\/2022\/07\/Plaies-2.png","type":"","width":"","height":""}],"twitter_card":"summary_large_image","twitter_misc":{"Est. reading time":"1 minute"},"schema":{"@context":"https:\/\/schema.org","@graph":[{"@type":"WebPage","@id":"https:\/\/axelcare.ch\/plaies\/","url":"https:\/\/axelcare.ch\/plaies\/","name":"Axelcare &#8211; Wundheilung &#8211; K\u00fcnstliche Ern\u00e4hrung zu Hause","isPartOf":{"@id":"https:\/\/axelcare.ch\/#website"},"primaryImageOfPage":{"@id":"https:\/\/axelcare.ch\/plaies\/#primaryimage"},"image":{"@id":"https:\/\/axelcare.ch\/plaies\/#primaryimage"},"thumbnailUrl":"https:\/\/web.axelcare.ch\/wp\/wp-content\/uploads\/2022\/07\/Plaies-2.png","datePublished":"2022-04-26T13:02:30+00:00","dateModified":"2022-08-09T09:08:58+00:00","description":"Bei der Pflege von Wunden spielen Verb\u00e4nde und Desinfektion eine wichtige Rolle, dies ist bekannt. Wie sieht es aber mit der Ern\u00e4hrung aus?","breadcrumb":{"@id":"https:\/\/axelcare.ch\/plaies\/#breadcrumb"},"inLanguage":"de","potentialAction":[{"@type":"ReadAction","target":["https:\/\/axelcare.ch\/plaies\/"]}]},{"@type":"ImageObject","inLanguage":"de","@id":"https:\/\/axelcare.ch\/plaies\/#primaryimage","url":"https:\/\/web.axelcare.ch\/wp\/wp-content\/uploads\/2022\/07\/Plaies-2.png","contentUrl":"https:\/\/web.axelcare.ch\/wp\/wp-content\/uploads\/2022\/07\/Plaies-2.png"},{"@type":"BreadcrumbList","@id":"https:\/\/axelcare.ch\/plaies\/#breadcrumb","itemListElement":[{"@type":"ListItem","position":1,"name":"Accueil","item":"https:\/\/axelcare.ch\/de\/"},{"@type":"ListItem","position":2,"name":"Wundheilung"}]},{"@type":"WebSite","@id":"https:\/\/axelcare.ch\/#website","url":"https:\/\/axelcare.ch\/","name":"Axelcare","description":"K\u00fcnstliche Ern\u00e4hrung zu Hause","publisher":{"@id":"https:\/\/axelcare.ch\/#organization"},"potentialAction":[{"@type":"SearchAction","target":{"@type":"EntryPoint","urlTemplate":"https:\/\/axelcare.ch\/?s={search_term_string}"},"query-input":{"@type":"PropertyValueSpecification","valueRequired":true,"valueName":"search_term_string"}}],"inLanguage":"de"},{"@type":"Organization","@id":"https:\/\/axelcare.ch\/#organization","name":"AxelCare SA","url":"https:\/\/axelcare.ch\/","logo":{"@type":"ImageObject","inLanguage":"de","@id":"https:\/\/axelcare.ch\/#\/schema\/logo\/image\/","url":"https:\/\/axelcare.ch\/wp\/wp-content\/uploads\/2022\/04\/logo.png","contentUrl":"https:\/\/axelcare.ch\/wp\/wp-content\/uploads\/2022\/04\/logo.png","width":300,"height":100,"caption":"AxelCare SA"},"image":{"@id":"https:\/\/axelcare.ch\/#\/schema\/logo\/image\/"},"sameAs":["https:\/\/www.facebook.com\/AxelCare-1705916956371757","https:\/\/www.linkedin.com\/company\/axelcare\/","https:\/\/www.youtube.com\/channel\/UClZ7KChzl8sRXl0B7VB9xbw"]}]}},"_links":{"self":[{"href":"https:\/\/axelcare.ch\/de\/wp-json\/wp\/v2\/pages\/3614","targetHints":{"allow":["GET"]}}],"collection":[{"href":"https:\/\/axelcare.ch\/de\/wp-json\/wp\/v2\/pages"}],"about":[{"href":"https:\/\/axelcare.ch\/de\/wp-json\/wp\/v2\/types\/page"}],"author":[{"embeddable":true,"href":"https:\/\/axelcare.ch\/de\/wp-json\/wp\/v2\/users\/1"}],"replies":[{"embeddable":true,"href":"https:\/\/axelcare.ch\/de\/wp-json\/wp\/v2\/comments?post=3614"}],"version-history":[{"count":10,"href":"https:\/\/axelcare.ch\/de\/wp-json\/wp\/v2\/pages\/3614\/revisions"}],"predecessor-version":[{"id":4735,"href":"https:\/\/axelcare.ch\/de\/wp-json\/wp\/v2\/pages\/3614\/revisions\/4735"}],"wp:attachment":[{"href":"https:\/\/axelcare.ch\/de\/wp-json\/wp\/v2\/media?parent=3614"}],"curies":[{"name":"wp","href":"https:\/\/api.w.org\/{rel}","templated":true}]}}