{"id":3605,"date":"2022-05-02T15:18:25","date_gmt":"2022-05-02T14:18:25","guid":{"rendered":"https:\/\/web.axelcare.ch\/evaluation-nutritionnelle\/"},"modified":"2022-08-09T09:51:31","modified_gmt":"2022-08-09T08:51:31","slug":"mna","status":"publish","type":"page","link":"https:\/\/axelcare.ch\/de\/mna\/","title":{"rendered":"MNA\u00ae"},"content":{"rendered":"\t\t<div data-elementor-type=\"wp-page\" data-elementor-id=\"3605\" class=\"elementor elementor-3605 elementor-1334\" data-elementor-post-type=\"page\">\n\t\t\t\t\t\t<section class=\"elementor-section elementor-top-section elementor-element elementor-element-a35e6f0 elementor-section-content-middle page-header-without-shape  elementor-section-boxed elementor-section-height-default elementor-section-height-default\" data-id=\"a35e6f0\" data-element_type=\"section\" data-e-type=\"section\" data-settings=\"{&quot;background_background&quot;:&quot;classic&quot;}\">\n\t\t\t\t\t\t<div class=\"elementor-container elementor-column-gap-default\">\n\t\t\t\t\t<div class=\"elementor-column elementor-col-100 elementor-top-column elementor-element elementor-element-91cc733\" data-id=\"91cc733\" data-element_type=\"column\" data-e-type=\"column\">\n\t\t\t<div class=\"elementor-widget-wrap elementor-element-populated\">\n\t\t\t\t\t\t<div class=\"elementor-element elementor-element-661aa97 elementor-widget elementor-widget-heading\" data-id=\"661aa97\" data-element_type=\"widget\" data-e-type=\"widget\" data-widget_type=\"heading.default\">\n\t\t\t\t<div class=\"elementor-widget-container\">\n\t\t\t\t\t<h1 class=\"elementor-heading-title elementor-size-default\">MNA\u00ae <br>f\u00fcr Senioren<\/h1>\t\t\t\t<\/div>\n\t\t\t\t<\/div>\n\t\t\t\t\t<\/div>\n\t\t<\/div>\n\t\t\t\t\t<\/div>\n\t\t<\/section>\n\t\t\t\t<section class=\"elementor-section elementor-top-section elementor-element elementor-element-3b4a1f1 eval-form-section elementor-section-boxed elementor-section-height-default elementor-section-height-default\" data-id=\"3b4a1f1\" data-element_type=\"section\" data-e-type=\"section\">\n\t\t\t\t\t\t<div class=\"elementor-container elementor-column-gap-default\">\n\t\t\t\t\t<div class=\"elementor-column elementor-col-100 elementor-top-column elementor-element elementor-element-5269e3e\" data-id=\"5269e3e\" data-element_type=\"column\" data-e-type=\"column\">\n\t\t\t<div class=\"elementor-widget-wrap elementor-element-populated\">\n\t\t\t\t\t\t<div class=\"elementor-element elementor-element-76414e8 elementor-widget elementor-widget-text-editor\" data-id=\"76414e8\" data-element_type=\"widget\" data-e-type=\"widget\" data-widget_type=\"text-editor.default\">\n\t\t\t\t<div class=\"elementor-widget-container\">\n\t\t\t\t\t\t\t\t\t<p><strong>Oft essen Menschen im Alter weniger als in fr\u00fcheren Lebensabschnitten. Dies hat physiologische Gr\u00fcnde. Doch bei vielen N\u00e4hrstoffen bleibt der Bedarf gleich oder er steigt sogar.<\/strong><\/p><p>Appetitverlust kann auch psychologische Faktoren oder Ursachen im Zusammenhang mit einer Krankheit haben. Als Folge davon steigt das Risiko der Mangelern\u00e4hrung, und manchmal wird es erst sp\u00e4t erkannt.<\/p><p>F\u00fcr eine erste Orientierung laden wir Sie ein, den untenstehenden MNA\u00ae-Fragebogen (Mini Nutritional Assessment) auszuf\u00fcllen.<\/p>\t\t\t\t\t\t\t\t<\/div>\n\t\t\t\t<\/div>\n\t\t\t\t<div class=\"elementor-element elementor-element-9574aeb elementor-widget elementor-widget-ac-nutri-eval-form\" data-id=\"9574aeb\" data-element_type=\"widget\" data-e-type=\"widget\" data-widget_type=\"ac-nutri-eval-form.default\">\n\t\t\t\t<div class=\"elementor-widget-container\">\n\t\t\t\t\t    <div class=\"c-nutri-eval-form__section c-nutri-eval-form__form-section\">\n      <div class=\"c-nutri-eval-form__section__header\">\n        <h2 class=\"c-nutri-eval-form__section__title\" >Screening<\/h2>\n      <\/div>\n      <div class=\"c-nutri-eval-form__section__content\">\n            <div class=\"c-nutri-eval-form__form\">\n      <form>\n        <div class=\"c-nutri-eval-form__question\">\n          <div class=\"c-nutri-eval-form__question__label\">\n            Hat der Patient w\u00e4hrend der letzten 3 Monate wegen Appetitverlust, Verdauungsproblemen,\nSchwierigkeiten beim Kauen oder Schlucken weniger gegessen?          <\/div>\n          <div class=\"c-nutri-eval-form__question__input\">\n            <div class=\"c-nutri-eval-form__question__line\">\n              <label>starke Abnahme der Nahrungsaufnahme<\/label>\n              <div class=\"c-nutri-eval-form__question__input__radio\">\n                <input type=\"radio\" name=\"diet_drop\" value=\"0\" required>\n              <\/div>\n            <\/div>\n            <div class=\"c-nutri-eval-form__question__line\">\n              <label>leichte Abnahme der Nahrungsaufnahme<\/label><br>\n              <div class=\"c-nutri-eval-form__question__input__radio\">\n                <input type=\"radio\" name=\"diet_drop\" value=\"1\" required>\n              <\/div>\n            <\/div>\n            <div class=\"c-nutri-eval-form__question__line\">\n              <label>keine Abnahme der Nahrungsaufnahme<\/label>\n              <div class=\"c-nutri-eval-form__question__input__radio\">\n                <input type=\"radio\" name=\"diet_drop\" value=\"2\" required>\n              <\/div>\n            <\/div>\n          <\/div>\n        <\/div>\n        <div class=\"c-nutri-eval-form__question\">\n          <div class=\"c-nutri-eval-form__question__label\">\n            Gewichtsverlust in den letzten 3 Monaten          <\/div>\n          <div class=\"c-nutri-eval-form__question__input\">\n            <div class=\"c-nutri-eval-form__question__line\">\n              <label>Gewichtsverlust > 3 kg<\/label>\n              <div class=\"c-nutri-eval-form__question__input__radio\">\n                <input type=\"radio\" name=\"weight_loss\" value=\"0\" required>\n              <\/div>\n            <\/div>\n            <div class=\"c-nutri-eval-form__question__line\">\n              <label>nicht bekannt<\/label><br>\n              <div class=\"c-nutri-eval-form__question__input__radio\">\n                <input type=\"radio\" name=\"weight_loss\" value=\"1\" required>\n              <\/div>\n            <\/div>\n            <div class=\"c-nutri-eval-form__question__line\">\n              <label>Gewichtsverlust zwischen 1 und 3 kg<\/label>\n              <div class=\"c-nutri-eval-form__question__input__radio\">\n                <input type=\"radio\" name=\"weight_loss\" value=\"2\" required>\n              <\/div>\n            <\/div>\n            <div class=\"c-nutri-eval-form__question__line\">\n              <label>kein Gewichtsverlust<\/label>\n              <div class=\"c-nutri-eval-form__question__input__radio\">\n                <input type=\"radio\" name=\"weight_loss\" value=\"3\" required>\n              <\/div>\n            <\/div>\n          <\/div>\n        <\/div>\n        <div class=\"c-nutri-eval-form__question\">\n          <div class=\"c-nutri-eval-form__question__label\">\n            Mobilit\u00e4t          <\/div>\n          <div class=\"c-nutri-eval-form__question__input\">\n            <div class=\"c-nutri-eval-form__question__line\">\n              <label>bettl\u00e4gerig oder in einem Stuhl mobilisiert<\/label>\n              <div class=\"c-nutri-eval-form__question__input__radio\">\n                <input type=\"radio\" name=\"motricity\" value=\"0\" required>\n              <\/div>\n            <\/div>\n            <div class=\"c-nutri-eval-form__question__line\">\n              <label>in der Lage, sich in der Wohnung zu bewegen<\/label><br>\n              <div class=\"c-nutri-eval-form__question__input__radio\">\n                <input type=\"radio\" name=\"motricity\" value=\"1\" required>\n              <\/div>\n            <\/div>\n            <div class=\"c-nutri-eval-form__question__line\">\n              <label>verl\u00e4sst die Wohnung<\/label>\n              <div class=\"c-nutri-eval-form__question__input__radio\">\n                <input type=\"radio\" name=\"motricity\" value=\"2\" required>\n              <\/div>\n            <\/div>\n          <\/div>\n        <\/div>\n        <div class=\"c-nutri-eval-form__question\">\n          <div class=\"c-nutri-eval-form__question__label\">\n            Akute Krankheit oder psychischer Stress w\u00e4hrend der letzten 3 Monate?          <\/div>\n          <div class=\"c-nutri-eval-form__question__input\">\n            <div class=\"c-nutri-eval-form__question__line\">\n              <label>Ja<\/label>\n              <div class=\"c-nutri-eval-form__question__input__radio\">\n                <input type=\"radio\" name=\"acute_illness\" value=\"0\" required>\n              <\/div>\n            <\/div>\n            <div class=\"c-nutri-eval-form__question__line\">\n              <label>Nein<\/label><br>\n              <div class=\"c-nutri-eval-form__question__input__radio\">\n                <input type=\"radio\" name=\"acute_illness\" value=\"2\" required>\n              <\/div>\n            <\/div>\n          <\/div>\n        <\/div>\n        <div class=\"c-nutri-eval-form__question\">\n          <div class=\"c-nutri-eval-form__question__label\">\n            Neuropsychologische Probleme          <\/div>\n          <div class=\"c-nutri-eval-form__question__input\">\n            <div class=\"c-nutri-eval-form__question__line\">\n              <label>schwere Demenz oder Depression<\/label>\n              <div class=\"c-nutri-eval-form__question__input__radio\">\n                <input type=\"radio\" name=\"neuro_problems\" value=\"0\" required>\n              <\/div>\n            <\/div>\n            <div class=\"c-nutri-eval-form__question__line\">\n              <label>leichte Demenz<\/label><br>\n              <div class=\"c-nutri-eval-form__question__input__radio\">\n                <input type=\"radio\" name=\"neuro_problems\" value=\"1\" required>\n              <\/div>\n            <\/div>\n            <div class=\"c-nutri-eval-form__question__line\">\n              <label>keine psychologischen Probleme<\/label><br>\n              <div class=\"c-nutri-eval-form__question__input__radio\">\n                <input type=\"radio\" name=\"neuro_problems\" value=\"2\" required>\n              <\/div>\n            <\/div>\n          <\/div>\n        <\/div>\n        <div class=\"c-nutri-eval-form__question\">\n          <div class=\"c-nutri-eval-form__question__label\">\n            <div class=\"c-nutri-eval-form__question__line\">\n              Body Mass Index (BMI) [kg\/m\u00b2]            <\/div>\n            <div class=\"c-nutri-eval-form__imc-form\">\n              <input type=\"number\" placeholder=\"K\u00f6rpergewicht [kg]\" min=\"20\" name=\"imc_weight\"\/>\n              \/\n              <input type=\"number\" placeholder=\"K\u00f6rpergr\u00f6\u00dfe [m]\" min=\"1\" max=\"3\" step=\"0.05\" name=\"imc_size\"\/>\n              <sup>2<\/sup> =\n              <input type=\"number\" placeholder=\"BMI\" name=\"imc_imc\"\/>\n            <\/div>\n          <\/div>\n          <div class=\"c-nutri-eval-form__question__input\">\n            <div class=\"c-nutri-eval-form__question__line\">\n              <label>BMI < 19<\/label><br>\n              <div class=\"c-nutri-eval-form__question__input__radio\">\n                  <input type=\"radio\" name=\"imc\" value=\"0\" required>\n              <\/div>\n            <\/div>\n            <div class=\"c-nutri-eval-form__question__line\">\n              <label>19 \u2264 BMI < 21<\/label><br>\n              <div class=\"c-nutri-eval-form__question__input__radio\">\n                <input type=\"radio\" name=\"imc\" value=\"1\" required>\n              <\/div>\n            <\/div>\n            <div class=\"c-nutri-eval-form__question__line\">\n              <label>21 \u2264 BMI < 23<\/label><br>\n              <div class=\"c-nutri-eval-form__question__input__radio\">\n                <input type=\"radio\" name=\"imc\" value=\"2\" required>\n              <\/div>\n            <\/div>\n            <div class=\"c-nutri-eval-form__question__line\">\n              <label>BMI \u2265 23<\/label><br>\n              <div class=\"c-nutri-eval-form__question__input__radio\">\n                <input type=\"radio\" name=\"imc\" value=\"3\" required>\n              <\/div>\n            <\/div>\n          <\/div>\n        <\/div>\n      <\/form>\n    <\/div>\n          <\/div>\n    <\/div>\n    <div class=\"c-nutri-eval-form__section c-nutri-eval-form__result-section\">\n      <div class=\"c-nutri-eval-form__section__header\">\n        <h2 class=\"c-nutri-eval-form__section__title\" >Ergebnis des Screenings<\/h2>\n      <\/div>\n      <div class=\"c-nutri-eval-form__section__content\">\n        <div class=\"c-nutri-eval-form__result\" grade=\"empty\">\n              <div class=\"c-nutri-eval-form__result-label high\">Ihre Punktzahl weist kein Risiko f\u00fcr Mangelern\u00e4hrung auf. Wenn Sie \u00fcber 70 Jahre alt sind, ist es jedoch empfehlenswert, den MNA-Test 2x im Jahr und nach einer Krankheit oder einem Spitalaufenthalt erneut auszuf\u00fcllen.<\/div>\n    <div class=\"c-nutri-eval-form__result-label medium\">Wenn Sie Gewicht verloren haben, empfehlen wir Ihnen, dies mit Ihrer \u00c4rztin\/Ihrem Arzt und eine\/r Ern\u00e4hrungsberater\/in zu besprechen, damit ein vollst\u00e4ndiges Mangelern\u00e4hrungsscreening vorgenommen werden kann und Sie gut beraten werden. Wenn Ihr Gewicht stabil ist, empfehlen wir Ihnen, es 1x pro Woche zu  kontrollieren und den MNA-Fragebogen in 3 Monaten nochmals auszuf\u00fcllen.<\/div>\n    <div class=\"c-nutri-eval-form__result-label low\">Ihre Punktzahl weist auf ein erh\u00f6htes Risiko f\u00fcr Mangelern\u00e4hrung hin. Wir empfehlen Ihnen, mit Ihrer \u00c4rztin\/Ihrem Arzt und eine\/r Ern\u00e4hrungsberater\/in dar\u00fcber zu sprechen, damit ein vollst\u00e4ndiges Mangelern\u00e4hrungsscreening vorgenommen werden kann und Sie gut beraten werden.<\/div>\n              <div class=\"c-nutri-eval-form__result-label empty\">Bitte f\u00fcllen Sie das Formular aus.<\/div>\n          <div class=\"c-nutri-eval-form__result-score\">-<\/div>\n        <\/div>\n        <p class=\"c-nutri-eval-form__result-print-container\">\n          <button onclick=\"window.print()\">Drucken<\/button>\n        <\/p>\n      <\/div>\n    <\/div>\n    \t\t\t\t<\/div>\n\t\t\t\t<\/div>\n\t\t\t\t<div class=\"elementor-element elementor-element-7c970f7 elementor-widget elementor-widget-text-editor\" data-id=\"7c970f7\" data-element_type=\"widget\" data-e-type=\"widget\" data-widget_type=\"text-editor.default\">\n\t\t\t\t<div class=\"elementor-widget-container\">\n\t\t\t\t\t\t\t\t\t<p><a href=\"mailto:info@axelcare.ch\"><strong>Bitte nehmen Sie bei Bedarf Kontakt mit uns auf, wir werden Sie f\u00fcr die weiteren Schritte beraten.<\/strong><\/a><\/p>\t\t\t\t\t\t\t\t<\/div>\n\t\t\t\t<\/div>\n\t\t\t\t\t<\/div>\n\t\t<\/div>\n\t\t\t\t\t<\/div>\n\t\t<\/section>\n\t\t\t\t<\/div>\n\t\t","protected":false},"excerpt":{"rendered":"<p>Oft essen Menschen im Alter weniger als in fr\u00fcheren Lebensabschnitten. Dies hat physiologische Gr\u00fcnde. Doch bei vielen N\u00e4hrstoffen bleibt der Bedarf gleich oder er steigt sogar.<\/p>\n","protected":false},"author":1,"featured_media":0,"parent":0,"menu_order":0,"comment_status":"closed","ping_status":"closed","template":"","meta":{"footnotes":""},"class_list":["post-3605","page","type-page","status-publish","hentry"],"yoast_head":"<!-- This site is optimized with the Yoast SEO plugin v27.3 - https:\/\/yoast.com\/product\/yoast-seo-wordpress\/ -->\n<title>Axelcare &#8211; MNA\u00ae &#8211; K\u00fcnstliche Ern\u00e4hrung zu Hause<\/title>\n<meta name=\"description\" content=\"Oft essen Menschen im Alter weniger als in fr\u00fcheren Lebensabschnitten. Dies hat physiologische Gr\u00fcnde. Doch bei vielen N\u00e4hrstoffen bleibt der Bedarf gleich oder er steigt sogar.\" \/>\n<meta name=\"robots\" content=\"index, follow, max-snippet:-1, max-image-preview:large, max-video-preview:-1\" \/>\n<link rel=\"canonical\" href=\"https:\/\/axelcare.ch\/evaluation-nutritionnelle\/\" \/>\n<meta property=\"og:locale\" content=\"de_DE\" \/>\n<meta property=\"og:type\" content=\"article\" \/>\n<meta property=\"og:title\" content=\"Axelcare &#8211; MNA\u00ae &#8211; K\u00fcnstliche Ern\u00e4hrung zu Hause\" \/>\n<meta property=\"og:description\" content=\"Oft essen Menschen im Alter weniger als in fr\u00fcheren Lebensabschnitten. Dies hat physiologische Gr\u00fcnde. Doch bei vielen N\u00e4hrstoffen bleibt der Bedarf gleich oder er steigt sogar.\" \/>\n<meta property=\"og:url\" content=\"https:\/\/axelcare.ch\/evaluation-nutritionnelle\/\" \/>\n<meta property=\"og:site_name\" content=\"Axelcare\" \/>\n<meta property=\"article:publisher\" content=\"https:\/\/www.facebook.com\/AxelCare-1705916956371757\" \/>\n<meta property=\"article:modified_time\" content=\"2022-08-09T08:51:31+00:00\" \/>\n<meta name=\"twitter:card\" content=\"summary_large_image\" \/>\n<meta name=\"twitter:label1\" content=\"Est. reading time\" \/>\n\t<meta name=\"twitter:data1\" content=\"2 minutes\" \/>\n<script type=\"application\/ld+json\" class=\"yoast-schema-graph\">{\"@context\":\"https:\\\/\\\/schema.org\",\"@graph\":[{\"@type\":\"WebPage\",\"@id\":\"https:\\\/\\\/axelcare.ch\\\/evaluation-nutritionnelle\\\/\",\"url\":\"https:\\\/\\\/axelcare.ch\\\/evaluation-nutritionnelle\\\/\",\"name\":\"Axelcare &#8211; MNA\u00ae &#8211; K\u00fcnstliche Ern\u00e4hrung zu Hause\",\"isPartOf\":{\"@id\":\"https:\\\/\\\/axelcare.ch\\\/#website\"},\"datePublished\":\"2022-05-02T14:18:25+00:00\",\"dateModified\":\"2022-08-09T08:51:31+00:00\",\"description\":\"Oft essen Menschen im Alter weniger als in fr\u00fcheren Lebensabschnitten. Dies hat physiologische Gr\u00fcnde. Doch bei vielen N\u00e4hrstoffen bleibt der Bedarf gleich oder er steigt sogar.\",\"breadcrumb\":{\"@id\":\"https:\\\/\\\/axelcare.ch\\\/evaluation-nutritionnelle\\\/#breadcrumb\"},\"inLanguage\":\"de\",\"potentialAction\":[{\"@type\":\"ReadAction\",\"target\":[\"https:\\\/\\\/axelcare.ch\\\/evaluation-nutritionnelle\\\/\"]}]},{\"@type\":\"BreadcrumbList\",\"@id\":\"https:\\\/\\\/axelcare.ch\\\/evaluation-nutritionnelle\\\/#breadcrumb\",\"itemListElement\":[{\"@type\":\"ListItem\",\"position\":1,\"name\":\"Accueil\",\"item\":\"https:\\\/\\\/axelcare.ch\\\/de\\\/\"},{\"@type\":\"ListItem\",\"position\":2,\"name\":\"MNA\u00ae\"}]},{\"@type\":\"WebSite\",\"@id\":\"https:\\\/\\\/axelcare.ch\\\/#website\",\"url\":\"https:\\\/\\\/axelcare.ch\\\/\",\"name\":\"Axelcare\",\"description\":\"K\u00fcnstliche Ern\u00e4hrung zu Hause\",\"publisher\":{\"@id\":\"https:\\\/\\\/axelcare.ch\\\/#organization\"},\"potentialAction\":[{\"@type\":\"SearchAction\",\"target\":{\"@type\":\"EntryPoint\",\"urlTemplate\":\"https:\\\/\\\/axelcare.ch\\\/?s={search_term_string}\"},\"query-input\":{\"@type\":\"PropertyValueSpecification\",\"valueRequired\":true,\"valueName\":\"search_term_string\"}}],\"inLanguage\":\"de\"},{\"@type\":\"Organization\",\"@id\":\"https:\\\/\\\/axelcare.ch\\\/#organization\",\"name\":\"AxelCare SA\",\"url\":\"https:\\\/\\\/axelcare.ch\\\/\",\"logo\":{\"@type\":\"ImageObject\",\"inLanguage\":\"de\",\"@id\":\"https:\\\/\\\/axelcare.ch\\\/#\\\/schema\\\/logo\\\/image\\\/\",\"url\":\"https:\\\/\\\/axelcare.ch\\\/wp\\\/wp-content\\\/uploads\\\/2022\\\/04\\\/logo.png\",\"contentUrl\":\"https:\\\/\\\/axelcare.ch\\\/wp\\\/wp-content\\\/uploads\\\/2022\\\/04\\\/logo.png\",\"width\":300,\"height\":100,\"caption\":\"AxelCare SA\"},\"image\":{\"@id\":\"https:\\\/\\\/axelcare.ch\\\/#\\\/schema\\\/logo\\\/image\\\/\"},\"sameAs\":[\"https:\\\/\\\/www.facebook.com\\\/AxelCare-1705916956371757\",\"https:\\\/\\\/www.linkedin.com\\\/company\\\/axelcare\\\/\",\"https:\\\/\\\/www.youtube.com\\\/channel\\\/UClZ7KChzl8sRXl0B7VB9xbw\"]}]}<\/script>\n<!-- \/ Yoast SEO plugin. -->","yoast_head_json":{"title":"Axelcare &#8211; MNA\u00ae &#8211; K\u00fcnstliche Ern\u00e4hrung zu Hause","description":"Oft essen Menschen im Alter weniger als in fr\u00fcheren Lebensabschnitten. Dies hat physiologische Gr\u00fcnde. Doch bei vielen N\u00e4hrstoffen bleibt der Bedarf gleich oder er steigt sogar.","robots":{"index":"index","follow":"follow","max-snippet":"max-snippet:-1","max-image-preview":"max-image-preview:large","max-video-preview":"max-video-preview:-1"},"canonical":"https:\/\/axelcare.ch\/evaluation-nutritionnelle\/","og_locale":"de_DE","og_type":"article","og_title":"Axelcare &#8211; MNA\u00ae &#8211; K\u00fcnstliche Ern\u00e4hrung zu Hause","og_description":"Oft essen Menschen im Alter weniger als in fr\u00fcheren Lebensabschnitten. Dies hat physiologische Gr\u00fcnde. Doch bei vielen N\u00e4hrstoffen bleibt der Bedarf gleich oder er steigt sogar.","og_url":"https:\/\/axelcare.ch\/evaluation-nutritionnelle\/","og_site_name":"Axelcare","article_publisher":"https:\/\/www.facebook.com\/AxelCare-1705916956371757","article_modified_time":"2022-08-09T08:51:31+00:00","twitter_card":"summary_large_image","twitter_misc":{"Est. reading time":"2 minutes"},"schema":{"@context":"https:\/\/schema.org","@graph":[{"@type":"WebPage","@id":"https:\/\/axelcare.ch\/evaluation-nutritionnelle\/","url":"https:\/\/axelcare.ch\/evaluation-nutritionnelle\/","name":"Axelcare &#8211; MNA\u00ae &#8211; K\u00fcnstliche Ern\u00e4hrung zu Hause","isPartOf":{"@id":"https:\/\/axelcare.ch\/#website"},"datePublished":"2022-05-02T14:18:25+00:00","dateModified":"2022-08-09T08:51:31+00:00","description":"Oft essen Menschen im Alter weniger als in fr\u00fcheren Lebensabschnitten. Dies hat physiologische Gr\u00fcnde. Doch bei vielen N\u00e4hrstoffen bleibt der Bedarf gleich oder er steigt sogar.","breadcrumb":{"@id":"https:\/\/axelcare.ch\/evaluation-nutritionnelle\/#breadcrumb"},"inLanguage":"de","potentialAction":[{"@type":"ReadAction","target":["https:\/\/axelcare.ch\/evaluation-nutritionnelle\/"]}]},{"@type":"BreadcrumbList","@id":"https:\/\/axelcare.ch\/evaluation-nutritionnelle\/#breadcrumb","itemListElement":[{"@type":"ListItem","position":1,"name":"Accueil","item":"https:\/\/axelcare.ch\/de\/"},{"@type":"ListItem","position":2,"name":"MNA\u00ae"}]},{"@type":"WebSite","@id":"https:\/\/axelcare.ch\/#website","url":"https:\/\/axelcare.ch\/","name":"Axelcare","description":"K\u00fcnstliche Ern\u00e4hrung zu Hause","publisher":{"@id":"https:\/\/axelcare.ch\/#organization"},"potentialAction":[{"@type":"SearchAction","target":{"@type":"EntryPoint","urlTemplate":"https:\/\/axelcare.ch\/?s={search_term_string}"},"query-input":{"@type":"PropertyValueSpecification","valueRequired":true,"valueName":"search_term_string"}}],"inLanguage":"de"},{"@type":"Organization","@id":"https:\/\/axelcare.ch\/#organization","name":"AxelCare SA","url":"https:\/\/axelcare.ch\/","logo":{"@type":"ImageObject","inLanguage":"de","@id":"https:\/\/axelcare.ch\/#\/schema\/logo\/image\/","url":"https:\/\/axelcare.ch\/wp\/wp-content\/uploads\/2022\/04\/logo.png","contentUrl":"https:\/\/axelcare.ch\/wp\/wp-content\/uploads\/2022\/04\/logo.png","width":300,"height":100,"caption":"AxelCare SA"},"image":{"@id":"https:\/\/axelcare.ch\/#\/schema\/logo\/image\/"},"sameAs":["https:\/\/www.facebook.com\/AxelCare-1705916956371757","https:\/\/www.linkedin.com\/company\/axelcare\/","https:\/\/www.youtube.com\/channel\/UClZ7KChzl8sRXl0B7VB9xbw"]}]}},"_links":{"self":[{"href":"https:\/\/axelcare.ch\/de\/wp-json\/wp\/v2\/pages\/3605","targetHints":{"allow":["GET"]}}],"collection":[{"href":"https:\/\/axelcare.ch\/de\/wp-json\/wp\/v2\/pages"}],"about":[{"href":"https:\/\/axelcare.ch\/de\/wp-json\/wp\/v2\/types\/page"}],"author":[{"embeddable":true,"href":"https:\/\/axelcare.ch\/de\/wp-json\/wp\/v2\/users\/1"}],"replies":[{"embeddable":true,"href":"https:\/\/axelcare.ch\/de\/wp-json\/wp\/v2\/comments?post=3605"}],"version-history":[{"count":17,"href":"https:\/\/axelcare.ch\/de\/wp-json\/wp\/v2\/pages\/3605\/revisions"}],"predecessor-version":[{"id":4689,"href":"https:\/\/axelcare.ch\/de\/wp-json\/wp\/v2\/pages\/3605\/revisions\/4689"}],"wp:attachment":[{"href":"https:\/\/axelcare.ch\/de\/wp-json\/wp\/v2\/media?parent=3605"}],"curies":[{"name":"wp","href":"https:\/\/api.w.org\/{rel}","templated":true}]}}