{"id":3594,"date":"2022-04-26T14:42:04","date_gmt":"2022-04-26T13:42:04","guid":{"rendered":"https:\/\/web.axelcare.ch\/pediaterie\/"},"modified":"2022-08-09T10:10:09","modified_gmt":"2022-08-09T09:10:09","slug":"kindermedizin","status":"publish","type":"page","link":"https:\/\/axelcare.ch\/de\/kindermedizin\/","title":{"rendered":"Kindermedizin"},"content":{"rendered":"\t\t<div data-elementor-type=\"wp-page\" data-elementor-id=\"3594\" class=\"elementor elementor-3594 elementor-643\" data-elementor-post-type=\"page\">\n\t\t\t\t\t\t<section class=\"elementor-section elementor-top-section elementor-element elementor-element-a35e6f0 elementor-section-content-top page-header-with-shape elementor-section-boxed elementor-section-height-default elementor-section-height-default\" data-id=\"a35e6f0\" data-element_type=\"section\" data-e-type=\"section\" data-settings=\"{&quot;background_background&quot;:&quot;classic&quot;}\">\n\t\t\t\t\t\t<div class=\"elementor-container elementor-column-gap-default\">\n\t\t\t\t\t<div class=\"elementor-column elementor-col-50 elementor-top-column elementor-element elementor-element-91cc733\" data-id=\"91cc733\" data-element_type=\"column\" data-e-type=\"column\">\n\t\t\t<div class=\"elementor-widget-wrap\">\n\t\t\t\t\t\t\t<\/div>\n\t\t<\/div>\n\t\t\t\t<div class=\"elementor-column elementor-col-50 elementor-top-column elementor-element elementor-element-6cba24b elementor-widget-image\" data-id=\"6cba24b\" data-element_type=\"column\" data-e-type=\"column\">\n\t\t\t<div class=\"elementor-widget-wrap elementor-element-populated\">\n\t\t\t\t\t\t<div class=\"elementor-element elementor-element-fba718a e-transform elementor-widget elementor-widget-image\" data-id=\"fba718a\" data-element_type=\"widget\" data-e-type=\"widget\" data-settings=\"{&quot;_transform_translateX_effect_tablet&quot;:{&quot;unit&quot;:&quot;%&quot;,&quot;size&quot;:-40,&quot;sizes&quot;:[]},&quot;_transform_translateX_effect_mobile&quot;:{&quot;unit&quot;:&quot;%&quot;,&quot;size&quot;:10,&quot;sizes&quot;:[]},&quot;_transform_translateY_effect_tablet&quot;:{&quot;unit&quot;:&quot;px&quot;,&quot;size&quot;:-1,&quot;sizes&quot;:[]},&quot;_transform_translateY_effect_mobile&quot;:{&quot;unit&quot;:&quot;px&quot;,&quot;size&quot;:-5,&quot;sizes&quot;:[]},&quot;_transform_translateX_effect&quot;:{&quot;unit&quot;:&quot;%&quot;,&quot;size&quot;:-30,&quot;sizes&quot;:[]},&quot;_transform_translateY_effect&quot;:{&quot;unit&quot;:&quot;px&quot;,&quot;size&quot;:0,&quot;sizes&quot;:[]}}\" data-widget_type=\"image.default\">\n\t\t\t\t<div class=\"elementor-widget-container\">\n\t\t\t\t\t\t\t\t\t\t\t\t\t\t\t<img fetchpriority=\"high\" decoding=\"async\" width=\"800\" height=\"485\" src=\"https:\/\/axelcare.ch\/wp\/wp-content\/uploads\/2022\/04\/pediatrie-shape-1-1024x621.png\" class=\"attachment-large size-large wp-image-647\" alt=\"\" srcset=\"https:\/\/axelcare.ch\/wp\/wp-content\/uploads\/2022\/04\/pediatrie-shape-1-1024x621.png 1024w, https:\/\/axelcare.ch\/wp\/wp-content\/uploads\/2022\/04\/pediatrie-shape-1-300x182.png 300w, https:\/\/axelcare.ch\/wp\/wp-content\/uploads\/2022\/04\/pediatrie-shape-1-768x466.png 768w, https:\/\/axelcare.ch\/wp\/wp-content\/uploads\/2022\/04\/pediatrie-shape-1-150x91.png 150w, https:\/\/axelcare.ch\/wp\/wp-content\/uploads\/2022\/04\/pediatrie-shape-1.png 1065w\" sizes=\"(max-width: 800px) 100vw, 800px\" \/>\t\t\t\t\t\t\t\t\t\t\t\t\t\t\t<\/div>\n\t\t\t\t<\/div>\n\t\t\t\t<section class=\"elementor-section elementor-inner-section elementor-element elementor-element-c795587 elementor-section-boxed elementor-section-height-default elementor-section-height-default\" data-id=\"c795587\" data-element_type=\"section\" data-e-type=\"section\">\n\t\t\t\t\t\t<div class=\"elementor-container elementor-column-gap-default\">\n\t\t\t\t\t<div class=\"elementor-column elementor-col-100 elementor-inner-column elementor-element elementor-element-6c0b1b1\" data-id=\"6c0b1b1\" data-element_type=\"column\" data-e-type=\"column\">\n\t\t\t<div class=\"elementor-widget-wrap elementor-element-populated\">\n\t\t\t\t\t\t<div class=\"elementor-element elementor-element-6e34fd5 elementor-widget elementor-widget-text-editor\" data-id=\"6e34fd5\" data-element_type=\"widget\" data-e-type=\"widget\" data-widget_type=\"text-editor.default\">\n\t\t\t\t<div class=\"elementor-widget-container\">\n\t\t\t\t\t\t\t\t\t<p><a href=\"tel:+4132 552 05 55\">032 552 05 55<\/a><br \/><a href=\"mailto:info@axelcare.ch\">info@axelcare.ch<\/a><\/p>\t\t\t\t\t\t\t\t<\/div>\n\t\t\t\t<\/div>\n\t\t\t\t\t<\/div>\n\t\t<\/div>\n\t\t\t\t\t<\/div>\n\t\t<\/section>\n\t\t\t\t\t<\/div>\n\t\t<\/div>\n\t\t\t\t\t<\/div>\n\t\t<\/section>\n\t\t\t\t<section class=\"elementor-section elementor-top-section elementor-element elementor-element-4a7b3fe8 section-with-border-image elementor-section-boxed elementor-section-height-default elementor-section-height-default\" data-id=\"4a7b3fe8\" data-element_type=\"section\" data-e-type=\"section\">\n\t\t\t\t\t\t<div class=\"elementor-container elementor-column-gap-default\">\n\t\t\t\t\t<div class=\"elementor-column elementor-col-100 elementor-top-column elementor-element elementor-element-413888ec\" data-id=\"413888ec\" data-element_type=\"column\" data-e-type=\"column\">\n\t\t\t<div class=\"elementor-widget-wrap elementor-element-populated\">\n\t\t\t\t\t\t<div class=\"elementor-element elementor-element-6b7e09c elementor-widget elementor-widget-heading\" data-id=\"6b7e09c\" data-element_type=\"widget\" data-e-type=\"widget\" data-widget_type=\"heading.default\">\n\t\t\t\t<div class=\"elementor-widget-container\">\n\t\t\t\t\t<h2 class=\"elementor-heading-title elementor-size-default\">SCHWERPUNKT KINDERMEDIZIN<\/h2>\t\t\t\t<\/div>\n\t\t\t\t<\/div>\n\t\t\t\t<div class=\"elementor-element elementor-element-6b8b7adc elementor-widget elementor-widget-text-editor\" data-id=\"6b8b7adc\" data-element_type=\"widget\" data-e-type=\"widget\" data-widget_type=\"text-editor.default\">\n\t\t\t\t<div class=\"elementor-widget-container\">\n\t\t\t\t\t\t\t\t\t<p>Mangelern\u00e4hrung bei Kindern: Ursachen, Folgen und L\u00f6sungen<\/p>\t\t\t\t\t\t\t\t<\/div>\n\t\t\t\t<\/div>\n\t\t\t\t<div class=\"elementor-element elementor-element-b89545a elementor-widget elementor-widget-text-editor\" data-id=\"b89545a\" data-element_type=\"widget\" data-e-type=\"widget\" data-widget_type=\"text-editor.default\">\n\t\t\t\t<div class=\"elementor-widget-container\">\n\t\t\t\t\t\t\t\t\t<p>Wie bei den Erwachsenen gibt es auch bei den Kindern viele Ursachen f\u00fcr Mangelern\u00e4hrung: nicht ausreichende Nahrungsaufnahme, gr\u00f6sserer N\u00e4hrstoffbedarf in einer akuten Situation oder aufgrund einer chronischen Krankheit, erh\u00f6hter Verlust \u00fcber die Verdauung, die Haut oder die Harnwege &#8230;<\/p><p>Mangelern\u00e4hrung hat zahlreiche Folgen; das Komplikationsrisiko steigt, die Wundheilung kann sich verz\u00f6gern, eine vorhandene Krankheit kann schlimmer werden. Weitere m\u00f6gliche Auswirkungen sind insbesondere der Abfall in der Wachstumskurve (Gewicht und Gr\u00f6sse) sowie spezifische Mangelerscheinungen (beispielsweise Kalzium-, Eisen- und Vitamin-D-Mangel). Deshalb ist es wichtig, Mangelern\u00e4hrung bei Kindern fr\u00fchzeitig zu erkennen und schnell darauf zu reagieren, um ein harmonisches Wachstum zu gew\u00e4hrleisten.<\/p><p>In Abstimmung auf die Umst\u00e4nde und das Alter des Kindes kann eine Ern\u00e4hrungstherapie gestartet werden.<\/p><p>Dazu werden in einem ersten Schritt die Mahlzeiten aufgeteilt und angereichert, zudem ist viel Abwechslung im Men\u00fcplan wichtig. Bei S\u00e4uglingen sind eine Erg\u00e4nzung zum Stillen oder das Anreichern der Flaschennahrung m\u00f6gliche L\u00f6sungen.<\/p><p>Wenn \u00e4ltere Kindern durch ihre Nahrungsaufnahme nicht zunehmen, k\u00f6nnen speziell f\u00fcr Kinder entwickelte orale Nahrungserg\u00e4nzungsmittel empfohlen werden. Diese sollen die Mahlzeiten nicht ersetzen, sondern erg\u00e4nzen.<\/p><p>Bei schwerer Mangelern\u00e4hrung, wenn die genannten Massnahmen nicht zum Ziel f\u00fchren oder wenn die Ern\u00e4hrung \u00fcber den Mund nicht mehr m\u00f6glich ist, kann eine enterale Ern\u00e4hrung \u00fcber eine Sonde angezeigt sein. Eine parenterale Ern\u00e4hrung (\u00fcber einen ven\u00f6sen Zugang) hingegen wird dann verwendet, wenn der Verdauungstrakt nicht (oder nicht ausreichend) funktionst\u00fcchtig ist.<\/p>\t\t\t\t\t\t\t\t<\/div>\n\t\t\t\t<\/div>\n\t\t\t\t<div class=\"elementor-element elementor-element-21a5d21d elementor-widget elementor-widget-image\" data-id=\"21a5d21d\" data-element_type=\"widget\" data-e-type=\"widget\" data-widget_type=\"image.default\">\n\t\t\t\t<div class=\"elementor-widget-container\">\n\t\t\t\t\t\t\t\t\t\t\t\t\t\t\t<img decoding=\"async\" width=\"575\" height=\"680\" src=\"https:\/\/axelcare.ch\/wp\/wp-content\/uploads\/2022\/04\/pediatrie-shape-3.png\" class=\"attachment-large size-large wp-image-651\" alt=\"\" srcset=\"https:\/\/axelcare.ch\/wp\/wp-content\/uploads\/2022\/04\/pediatrie-shape-3.png 575w, https:\/\/axelcare.ch\/wp\/wp-content\/uploads\/2022\/04\/pediatrie-shape-3-254x300.png 254w, https:\/\/axelcare.ch\/wp\/wp-content\/uploads\/2022\/04\/pediatrie-shape-3-127x150.png 127w\" sizes=\"(max-width: 575px) 100vw, 575px\" \/>\t\t\t\t\t\t\t\t\t\t\t\t\t\t\t<\/div>\n\t\t\t\t<\/div>\n\t\t\t\t<div class=\"elementor-element elementor-element-51f5e337 elementor-widget elementor-widget-image\" data-id=\"51f5e337\" data-element_type=\"widget\" data-e-type=\"widget\" data-widget_type=\"image.default\">\n\t\t\t\t<div class=\"elementor-widget-container\">\n\t\t\t\t\t\t\t\t\t\t\t\t\t\t\t<img decoding=\"async\" width=\"596\" height=\"1024\" src=\"https:\/\/axelcare.ch\/wp\/wp-content\/uploads\/2022\/04\/pediatrie-shape-2-596x1024.png\" class=\"attachment-large size-large wp-image-649\" alt=\"\" srcset=\"https:\/\/axelcare.ch\/wp\/wp-content\/uploads\/2022\/04\/pediatrie-shape-2-596x1024.png 596w, https:\/\/axelcare.ch\/wp\/wp-content\/uploads\/2022\/04\/pediatrie-shape-2-175x300.png 175w, https:\/\/axelcare.ch\/wp\/wp-content\/uploads\/2022\/04\/pediatrie-shape-2-87x150.png 87w, https:\/\/axelcare.ch\/wp\/wp-content\/uploads\/2022\/04\/pediatrie-shape-2.png 614w\" sizes=\"(max-width: 596px) 100vw, 596px\" \/>\t\t\t\t\t\t\t\t\t\t\t\t\t\t\t<\/div>\n\t\t\t\t<\/div>\n\t\t\t\t\t<\/div>\n\t\t<\/div>\n\t\t\t\t\t<\/div>\n\t\t<\/section>\n\t\t\t\t<\/div>\n\t\t","protected":false},"excerpt":{"rendered":"<p>Mangelern\u00e4hrung bei Kindern: Ursachen, Folgen und L\u00f6sungen<\/p>\n","protected":false},"author":1,"featured_media":0,"parent":0,"menu_order":0,"comment_status":"closed","ping_status":"closed","template":"","meta":{"footnotes":""},"class_list":["post-3594","page","type-page","status-publish","hentry"],"yoast_head":"<!-- This site is optimized with the Yoast SEO plugin v27.3 - https:\/\/yoast.com\/product\/yoast-seo-wordpress\/ -->\n<title>Axelcare &#8211; Kindermedizin &#8211; K\u00fcnstliche Ern\u00e4hrung zu Hause<\/title>\n<meta name=\"description\" content=\"Mangelern\u00e4hrung bei Kindern: Ursachen, Folgen und L\u00f6sungen\" \/>\n<meta name=\"robots\" content=\"index, follow, max-snippet:-1, max-image-preview:large, max-video-preview:-1\" \/>\n<link rel=\"canonical\" href=\"https:\/\/axelcare.ch\/de\/kindermedizin\/\" \/>\n<meta property=\"og:locale\" content=\"de_DE\" \/>\n<meta property=\"og:type\" content=\"article\" \/>\n<meta property=\"og:title\" content=\"Axelcare &#8211; Kindermedizin &#8211; K\u00fcnstliche Ern\u00e4hrung zu Hause\" \/>\n<meta property=\"og:description\" content=\"Mangelern\u00e4hrung bei Kindern: Ursachen, Folgen und L\u00f6sungen\" \/>\n<meta property=\"og:url\" content=\"https:\/\/axelcare.ch\/de\/kindermedizin\/\" \/>\n<meta property=\"og:site_name\" content=\"Axelcare\" \/>\n<meta property=\"article:publisher\" content=\"https:\/\/www.facebook.com\/AxelCare-1705916956371757\" \/>\n<meta property=\"article:modified_time\" content=\"2022-08-09T09:10:09+00:00\" \/>\n<meta property=\"og:image\" content=\"https:\/\/web.axelcare.ch\/wp\/wp-content\/uploads\/2022\/04\/pediatrie-shape-1-1024x621.png\" \/>\n<meta name=\"twitter:card\" content=\"summary_large_image\" \/>\n<meta name=\"twitter:label1\" content=\"Est. reading time\" \/>\n\t<meta name=\"twitter:data1\" content=\"1 minute\" \/>\n<script type=\"application\/ld+json\" class=\"yoast-schema-graph\">{\"@context\":\"https:\\\/\\\/schema.org\",\"@graph\":[{\"@type\":\"WebPage\",\"@id\":\"https:\\\/\\\/axelcare.ch\\\/de\\\/kindermedizin\\\/\",\"url\":\"https:\\\/\\\/axelcare.ch\\\/de\\\/kindermedizin\\\/\",\"name\":\"Axelcare &#8211; Kindermedizin &#8211; K\u00fcnstliche Ern\u00e4hrung zu Hause\",\"isPartOf\":{\"@id\":\"https:\\\/\\\/axelcare.ch\\\/#website\"},\"primaryImageOfPage\":{\"@id\":\"https:\\\/\\\/axelcare.ch\\\/de\\\/kindermedizin\\\/#primaryimage\"},\"image\":{\"@id\":\"https:\\\/\\\/axelcare.ch\\\/de\\\/kindermedizin\\\/#primaryimage\"},\"thumbnailUrl\":\"https:\\\/\\\/web.axelcare.ch\\\/wp\\\/wp-content\\\/uploads\\\/2022\\\/04\\\/pediatrie-shape-1-1024x621.png\",\"datePublished\":\"2022-04-26T13:42:04+00:00\",\"dateModified\":\"2022-08-09T09:10:09+00:00\",\"description\":\"Mangelern\u00e4hrung bei Kindern: Ursachen, Folgen und L\u00f6sungen\",\"breadcrumb\":{\"@id\":\"https:\\\/\\\/axelcare.ch\\\/de\\\/kindermedizin\\\/#breadcrumb\"},\"inLanguage\":\"de\",\"potentialAction\":[{\"@type\":\"ReadAction\",\"target\":[\"https:\\\/\\\/axelcare.ch\\\/de\\\/kindermedizin\\\/\"]}]},{\"@type\":\"ImageObject\",\"inLanguage\":\"de\",\"@id\":\"https:\\\/\\\/axelcare.ch\\\/de\\\/kindermedizin\\\/#primaryimage\",\"url\":\"https:\\\/\\\/web.axelcare.ch\\\/wp\\\/wp-content\\\/uploads\\\/2022\\\/04\\\/pediatrie-shape-1-1024x621.png\",\"contentUrl\":\"https:\\\/\\\/web.axelcare.ch\\\/wp\\\/wp-content\\\/uploads\\\/2022\\\/04\\\/pediatrie-shape-1-1024x621.png\"},{\"@type\":\"BreadcrumbList\",\"@id\":\"https:\\\/\\\/axelcare.ch\\\/de\\\/kindermedizin\\\/#breadcrumb\",\"itemListElement\":[{\"@type\":\"ListItem\",\"position\":1,\"name\":\"Accueil\",\"item\":\"https:\\\/\\\/axelcare.ch\\\/de\\\/\"},{\"@type\":\"ListItem\",\"position\":2,\"name\":\"Kindermedizin\"}]},{\"@type\":\"WebSite\",\"@id\":\"https:\\\/\\\/axelcare.ch\\\/#website\",\"url\":\"https:\\\/\\\/axelcare.ch\\\/\",\"name\":\"Axelcare\",\"description\":\"K\u00fcnstliche Ern\u00e4hrung zu Hause\",\"publisher\":{\"@id\":\"https:\\\/\\\/axelcare.ch\\\/#organization\"},\"potentialAction\":[{\"@type\":\"SearchAction\",\"target\":{\"@type\":\"EntryPoint\",\"urlTemplate\":\"https:\\\/\\\/axelcare.ch\\\/?s={search_term_string}\"},\"query-input\":{\"@type\":\"PropertyValueSpecification\",\"valueRequired\":true,\"valueName\":\"search_term_string\"}}],\"inLanguage\":\"de\"},{\"@type\":\"Organization\",\"@id\":\"https:\\\/\\\/axelcare.ch\\\/#organization\",\"name\":\"AxelCare SA\",\"url\":\"https:\\\/\\\/axelcare.ch\\\/\",\"logo\":{\"@type\":\"ImageObject\",\"inLanguage\":\"de\",\"@id\":\"https:\\\/\\\/axelcare.ch\\\/#\\\/schema\\\/logo\\\/image\\\/\",\"url\":\"https:\\\/\\\/axelcare.ch\\\/wp\\\/wp-content\\\/uploads\\\/2022\\\/04\\\/logo.png\",\"contentUrl\":\"https:\\\/\\\/axelcare.ch\\\/wp\\\/wp-content\\\/uploads\\\/2022\\\/04\\\/logo.png\",\"width\":300,\"height\":100,\"caption\":\"AxelCare SA\"},\"image\":{\"@id\":\"https:\\\/\\\/axelcare.ch\\\/#\\\/schema\\\/logo\\\/image\\\/\"},\"sameAs\":[\"https:\\\/\\\/www.facebook.com\\\/AxelCare-1705916956371757\",\"https:\\\/\\\/www.linkedin.com\\\/company\\\/axelcare\\\/\",\"https:\\\/\\\/www.youtube.com\\\/channel\\\/UClZ7KChzl8sRXl0B7VB9xbw\"]}]}<\/script>\n<!-- \/ Yoast SEO plugin. -->","yoast_head_json":{"title":"Axelcare &#8211; Kindermedizin &#8211; K\u00fcnstliche Ern\u00e4hrung zu Hause","description":"Mangelern\u00e4hrung bei Kindern: Ursachen, Folgen und L\u00f6sungen","robots":{"index":"index","follow":"follow","max-snippet":"max-snippet:-1","max-image-preview":"max-image-preview:large","max-video-preview":"max-video-preview:-1"},"canonical":"https:\/\/axelcare.ch\/de\/kindermedizin\/","og_locale":"de_DE","og_type":"article","og_title":"Axelcare &#8211; Kindermedizin &#8211; K\u00fcnstliche Ern\u00e4hrung zu Hause","og_description":"Mangelern\u00e4hrung bei Kindern: Ursachen, Folgen und L\u00f6sungen","og_url":"https:\/\/axelcare.ch\/de\/kindermedizin\/","og_site_name":"Axelcare","article_publisher":"https:\/\/www.facebook.com\/AxelCare-1705916956371757","article_modified_time":"2022-08-09T09:10:09+00:00","og_image":[{"url":"https:\/\/web.axelcare.ch\/wp\/wp-content\/uploads\/2022\/04\/pediatrie-shape-1-1024x621.png","type":"","width":"","height":""}],"twitter_card":"summary_large_image","twitter_misc":{"Est. reading time":"1 minute"},"schema":{"@context":"https:\/\/schema.org","@graph":[{"@type":"WebPage","@id":"https:\/\/axelcare.ch\/de\/kindermedizin\/","url":"https:\/\/axelcare.ch\/de\/kindermedizin\/","name":"Axelcare &#8211; Kindermedizin &#8211; K\u00fcnstliche Ern\u00e4hrung zu Hause","isPartOf":{"@id":"https:\/\/axelcare.ch\/#website"},"primaryImageOfPage":{"@id":"https:\/\/axelcare.ch\/de\/kindermedizin\/#primaryimage"},"image":{"@id":"https:\/\/axelcare.ch\/de\/kindermedizin\/#primaryimage"},"thumbnailUrl":"https:\/\/web.axelcare.ch\/wp\/wp-content\/uploads\/2022\/04\/pediatrie-shape-1-1024x621.png","datePublished":"2022-04-26T13:42:04+00:00","dateModified":"2022-08-09T09:10:09+00:00","description":"Mangelern\u00e4hrung bei Kindern: Ursachen, Folgen und L\u00f6sungen","breadcrumb":{"@id":"https:\/\/axelcare.ch\/de\/kindermedizin\/#breadcrumb"},"inLanguage":"de","potentialAction":[{"@type":"ReadAction","target":["https:\/\/axelcare.ch\/de\/kindermedizin\/"]}]},{"@type":"ImageObject","inLanguage":"de","@id":"https:\/\/axelcare.ch\/de\/kindermedizin\/#primaryimage","url":"https:\/\/web.axelcare.ch\/wp\/wp-content\/uploads\/2022\/04\/pediatrie-shape-1-1024x621.png","contentUrl":"https:\/\/web.axelcare.ch\/wp\/wp-content\/uploads\/2022\/04\/pediatrie-shape-1-1024x621.png"},{"@type":"BreadcrumbList","@id":"https:\/\/axelcare.ch\/de\/kindermedizin\/#breadcrumb","itemListElement":[{"@type":"ListItem","position":1,"name":"Accueil","item":"https:\/\/axelcare.ch\/de\/"},{"@type":"ListItem","position":2,"name":"Kindermedizin"}]},{"@type":"WebSite","@id":"https:\/\/axelcare.ch\/#website","url":"https:\/\/axelcare.ch\/","name":"Axelcare","description":"K\u00fcnstliche Ern\u00e4hrung zu Hause","publisher":{"@id":"https:\/\/axelcare.ch\/#organization"},"potentialAction":[{"@type":"SearchAction","target":{"@type":"EntryPoint","urlTemplate":"https:\/\/axelcare.ch\/?s={search_term_string}"},"query-input":{"@type":"PropertyValueSpecification","valueRequired":true,"valueName":"search_term_string"}}],"inLanguage":"de"},{"@type":"Organization","@id":"https:\/\/axelcare.ch\/#organization","name":"AxelCare SA","url":"https:\/\/axelcare.ch\/","logo":{"@type":"ImageObject","inLanguage":"de","@id":"https:\/\/axelcare.ch\/#\/schema\/logo\/image\/","url":"https:\/\/axelcare.ch\/wp\/wp-content\/uploads\/2022\/04\/logo.png","contentUrl":"https:\/\/axelcare.ch\/wp\/wp-content\/uploads\/2022\/04\/logo.png","width":300,"height":100,"caption":"AxelCare SA"},"image":{"@id":"https:\/\/axelcare.ch\/#\/schema\/logo\/image\/"},"sameAs":["https:\/\/www.facebook.com\/AxelCare-1705916956371757","https:\/\/www.linkedin.com\/company\/axelcare\/","https:\/\/www.youtube.com\/channel\/UClZ7KChzl8sRXl0B7VB9xbw"]}]}},"_links":{"self":[{"href":"https:\/\/axelcare.ch\/de\/wp-json\/wp\/v2\/pages\/3594","targetHints":{"allow":["GET"]}}],"collection":[{"href":"https:\/\/axelcare.ch\/de\/wp-json\/wp\/v2\/pages"}],"about":[{"href":"https:\/\/axelcare.ch\/de\/wp-json\/wp\/v2\/types\/page"}],"author":[{"embeddable":true,"href":"https:\/\/axelcare.ch\/de\/wp-json\/wp\/v2\/users\/1"}],"replies":[{"embeddable":true,"href":"https:\/\/axelcare.ch\/de\/wp-json\/wp\/v2\/comments?post=3594"}],"version-history":[{"count":7,"href":"https:\/\/axelcare.ch\/de\/wp-json\/wp\/v2\/pages\/3594\/revisions"}],"predecessor-version":[{"id":4741,"href":"https:\/\/axelcare.ch\/de\/wp-json\/wp\/v2\/pages\/3594\/revisions\/4741"}],"wp:attachment":[{"href":"https:\/\/axelcare.ch\/de\/wp-json\/wp\/v2\/media?parent=3594"}],"curies":[{"name":"wp","href":"https:\/\/api.w.org\/{rel}","templated":true}]}}