{"id":3582,"date":"2022-04-25T13:21:19","date_gmt":"2022-04-25T12:21:19","guid":{"rendered":"https:\/\/web.axelcare.ch\/denutrition\/sno-supplements-nutritifs-oraux\/"},"modified":"2022-06-23T11:15:57","modified_gmt":"2022-06-23T10:15:57","slug":"ons","status":"publish","type":"page","link":"https:\/\/axelcare.ch\/de\/mangelernaehrung\/ons\/","title":{"rendered":"ONS"},"content":{"rendered":"\t\t<div data-elementor-type=\"wp-page\" data-elementor-id=\"3582\" class=\"elementor elementor-3582 elementor-406\" data-elementor-post-type=\"page\">\n\t\t\t\t\t\t<section class=\"elementor-section elementor-top-section elementor-element elementor-element-a35e6f0 elementor-section-height-min-height elementor-section-items-stretch elementor-section-content-top page-header-with-shape elementor-section-boxed elementor-section-height-default\" data-id=\"a35e6f0\" data-element_type=\"section\" data-e-type=\"section\" data-settings=\"{&quot;background_background&quot;:&quot;classic&quot;}\">\n\t\t\t\t\t\t<div class=\"elementor-container elementor-column-gap-default\">\n\t\t\t\t\t<div class=\"elementor-column elementor-col-50 elementor-top-column elementor-element elementor-element-91cc733\" data-id=\"91cc733\" data-element_type=\"column\" data-e-type=\"column\">\n\t\t\t<div class=\"elementor-widget-wrap elementor-element-populated\">\n\t\t\t\t\t\t<section class=\"elementor-section elementor-inner-section elementor-element elementor-element-c795587 elementor-section-boxed elementor-section-height-default elementor-section-height-default\" data-id=\"c795587\" data-element_type=\"section\" data-e-type=\"section\">\n\t\t\t\t\t\t<div class=\"elementor-container elementor-column-gap-default\">\n\t\t\t\t\t<div class=\"elementor-column elementor-col-100 elementor-inner-column elementor-element elementor-element-6c0b1b1\" data-id=\"6c0b1b1\" data-element_type=\"column\" data-e-type=\"column\">\n\t\t\t<div class=\"elementor-widget-wrap elementor-element-populated\">\n\t\t\t\t\t\t<div class=\"elementor-element elementor-element-6e34fd5 elementor-widget elementor-widget-text-editor\" data-id=\"6e34fd5\" data-element_type=\"widget\" data-e-type=\"widget\" data-widget_type=\"text-editor.default\">\n\t\t\t\t<div class=\"elementor-widget-container\">\n\t\t\t\t\t\t\t\t\t<p><a href=\"tel:+4132 552 05 55\">032 552 05 55<\/a><br \/><a href=\"mailto:info@axelcare.ch\">info@axelcare.ch<\/a><\/p>\t\t\t\t\t\t\t\t<\/div>\n\t\t\t\t<\/div>\n\t\t\t\t\t<\/div>\n\t\t<\/div>\n\t\t\t\t\t<\/div>\n\t\t<\/section>\n\t\t\t\t\t<\/div>\n\t\t<\/div>\n\t\t\t\t<div class=\"elementor-column elementor-col-50 elementor-top-column elementor-element elementor-element-6cba24b column-with-shape\" data-id=\"6cba24b\" data-element_type=\"column\" data-e-type=\"column\">\n\t\t\t<div class=\"elementor-widget-wrap elementor-element-populated\">\n\t\t\t\t\t\t<div class=\"elementor-element elementor-element-fba718a e-transform elementor-widget elementor-widget-image\" data-id=\"fba718a\" data-element_type=\"widget\" data-e-type=\"widget\" data-settings=\"{&quot;_transform_translateX_effect_tablet&quot;:{&quot;unit&quot;:&quot;%&quot;,&quot;size&quot;:-40,&quot;sizes&quot;:[]},&quot;_transform_translateX_effect_mobile&quot;:{&quot;unit&quot;:&quot;%&quot;,&quot;size&quot;:8,&quot;sizes&quot;:[]},&quot;_transform_translateY_effect_tablet&quot;:{&quot;unit&quot;:&quot;px&quot;,&quot;size&quot;:-1,&quot;sizes&quot;:[]},&quot;_transform_translateY_effect_mobile&quot;:{&quot;unit&quot;:&quot;px&quot;,&quot;size&quot;:0,&quot;sizes&quot;:[]},&quot;_transform_translateX_effect&quot;:{&quot;unit&quot;:&quot;%&quot;,&quot;size&quot;:-30,&quot;sizes&quot;:[]},&quot;_transform_translateY_effect&quot;:{&quot;unit&quot;:&quot;px&quot;,&quot;size&quot;:0,&quot;sizes&quot;:[]}}\" data-widget_type=\"image.default\">\n\t\t\t\t<div class=\"elementor-widget-container\">\n\t\t\t\t\t\t\t\t\t\t\t\t\t\t\t<img fetchpriority=\"high\" decoding=\"async\" width=\"800\" height=\"531\" src=\"https:\/\/axelcare.ch\/wp\/wp-content\/uploads\/2022\/05\/sno-1.png\" class=\"attachment-large size-large wp-image-2706\" alt=\"\" srcset=\"https:\/\/axelcare.ch\/wp\/wp-content\/uploads\/2022\/05\/sno-1.png 949w, https:\/\/axelcare.ch\/wp\/wp-content\/uploads\/2022\/05\/sno-1-300x199.png 300w, https:\/\/axelcare.ch\/wp\/wp-content\/uploads\/2022\/05\/sno-1-768x510.png 768w, https:\/\/axelcare.ch\/wp\/wp-content\/uploads\/2022\/05\/sno-1-150x100.png 150w\" sizes=\"(max-width: 800px) 100vw, 800px\" \/>\t\t\t\t\t\t\t\t\t\t\t\t\t\t\t<\/div>\n\t\t\t\t<\/div>\n\t\t\t\t\t<\/div>\n\t\t<\/div>\n\t\t\t\t\t<\/div>\n\t\t<\/section>\n\t\t\t\t<section class=\"elementor-section elementor-top-section elementor-element elementor-element-8ec7663 elementor-section-height-min-height section-with-border-image elementor-section-boxed elementor-section-height-default elementor-section-items-middle\" data-id=\"8ec7663\" data-element_type=\"section\" data-e-type=\"section\" data-settings=\"{&quot;background_background&quot;:&quot;classic&quot;}\">\n\t\t\t\t\t\t<div class=\"elementor-container elementor-column-gap-default\">\n\t\t\t\t\t<div class=\"elementor-column elementor-col-100 elementor-top-column elementor-element elementor-element-25f3b7f\" data-id=\"25f3b7f\" data-element_type=\"column\" data-e-type=\"column\">\n\t\t\t<div class=\"elementor-widget-wrap elementor-element-populated\">\n\t\t\t\t\t\t<div class=\"elementor-element elementor-element-6b7e09c elementor-widget elementor-widget-heading\" data-id=\"6b7e09c\" data-element_type=\"widget\" data-e-type=\"widget\" data-widget_type=\"heading.default\">\n\t\t\t\t<div class=\"elementor-widget-container\">\n\t\t\t\t\t<h2 class=\"elementor-heading-title elementor-size-default\">ORALE\nNAHRUNGSSUPPLEMENTE<\/h2>\t\t\t\t<\/div>\n\t\t\t\t<\/div>\n\t\t\t\t<div class=\"elementor-element elementor-element-933510f elementor-widget elementor-widget-text-editor\" data-id=\"933510f\" data-element_type=\"widget\" data-e-type=\"widget\" data-widget_type=\"text-editor.default\">\n\t\t\t\t<div class=\"elementor-widget-container\">\n\t\t\t\t\t\t\t\t\t<p>Orale Nahrungssupplemente (ONS) erh\u00f6hen die orale Aufnahme von Mikro- und Makron\u00e4hrstoffen.<\/p>\t\t\t\t\t\t\t\t<\/div>\n\t\t\t\t<\/div>\n\t\t\t\t<div class=\"elementor-element elementor-element-a379151 elementor-widget elementor-widget-text-editor\" data-id=\"a379151\" data-element_type=\"widget\" data-e-type=\"widget\" data-widget_type=\"text-editor.default\">\n\t\t\t\t<div class=\"elementor-widget-container\">\n\t\t\t\t\t\t\t\t\t<p>Orale Nahrungssupplemente, ONS genannt, sind industriell hergestellte, den europ\u00e4ischen Normen entsprechende Pr\u00e4parate. Sie enthalten insbesondere Mikro- und Makron\u00e4hrstoffe* und werden im Allgemeinen in fl\u00fcssiger, \u00abmilchiger\u00bb Form angeboten. Sie sind aber auch in cremiger Konsistenz und auf der Basis von Fruchtsaft erh\u00e4ltlich. Je nach verordneten ONS gibt es verschiedene Geschmacksrichtungen. Auf Wunsch und je nach Bedarf sind auch spezielle Texturen m\u00f6glich. Die Ern\u00e4hrungsberater\/innen von AxelCare w\u00e4hlen f\u00fcr den\/die Patienten\/in das den Bed\u00fcrfnissen entsprechende Produkt aus.<\/p><p>ONS sind dann eine Option, wenn die Anreicherung nicht ausreicht, um den Energie- und\/oder Proteinbedarf zu decken. Sie werden bei Mangelern\u00e4hrung, einem Risiko f\u00fcr Mangelern\u00e4hrung oder bei erh\u00f6htem N\u00e4hrstoffbedarf, beispielsweise im Fall einer Wunde, verordnet. Ihre Wirksamkeit konnte im Spital, zu Hause sowie in Alters- und Pflegeheimen nachgewiesen werden. ONS ersetzen die Mahlzeiten nicht, sondern erg\u00e4nzen die Nahrungsaufnahme.<\/p><p>Damit ONS von den Krankenversicherungen \u00fcbernommen werden, m\u00fcssen die Patient\/innen und die verantwortlichen \u00c4rzte\/innen ein entsprechendes Formular unterschreiben. F\u00fcr eine \u00dcbernahme durch die Grundversicherung m\u00fcssen die ONS bestimmte Modalit\u00e4ten erf\u00fcllen. Bitte kontaktieren Sie unser Call-Center, wenn Sie mehr Informationen dar\u00fcber brauchen.<\/p><p><strong>Unsere Tipps f\u00fcr die Einnahme von ONS:<\/strong><\/p><p>\u00fcber den ganzen Tag verteilt in kleinen Portionen<\/p><p>zwischen den Mahlzeiten (maximal 1 Stunde vorher)<\/p><p>gek\u00fchlt oder warm (beispielsweise bei Kaffee- oder Schokoladenaroma)<\/p><p>vor der Einnahme sch\u00fctteln<\/p><p>mit Wasser, Milch, Sirup, Fruchtsaft verd\u00fcnnen, wenn Ihnen die Konsistenz nicht zusagt<\/p><p>geschmacksneutrale ONS k\u00f6nnen als Kaffeerahm, Suppenzusatz oder beim Kuchenbacken verwendet werden<\/p><p><em>*Makron\u00e4hrstoffe: Proteine, Fette, Kohlenhydrate \/ Mikron\u00e4hrstoffe: Vitamine, Mineralstoffe, Spurenelemente.<\/em><\/p>\t\t\t\t\t\t\t\t<\/div>\n\t\t\t\t<\/div>\n\t\t\t\t<div class=\"elementor-element elementor-element-27cef79 elementor-widget elementor-widget-text-editor\" data-id=\"27cef79\" data-element_type=\"widget\" data-e-type=\"widget\" data-widget_type=\"text-editor.default\">\n\t\t\t\t<div class=\"elementor-widget-container\">\n\t\t\t\t\t\t\t\t\t<p><a href=\"\/de\/mangelernaehrung\/\"><strong>Zur\u00fcck zur \u00dcbersicht<\/strong><\/a><\/p>\t\t\t\t\t\t\t\t<\/div>\n\t\t\t\t<\/div>\n\t\t\t\t\t<\/div>\n\t\t<\/div>\n\t\t\t\t\t<\/div>\n\t\t<\/section>\n\t\t\t\t<\/div>\n\t\t","protected":false},"excerpt":{"rendered":"<p>Les suppl\u00e9ments nutritifs oraux (SNO) augmentent les apports oraux en micro- et macronutriments.<\/p>\n","protected":false},"author":1,"featured_media":0,"parent":3559,"menu_order":0,"comment_status":"closed","ping_status":"closed","template":"","meta":{"footnotes":""},"class_list":["post-3582","page","type-page","status-publish","hentry"],"yoast_head":"<!-- This site is optimized with the Yoast SEO plugin v27.6 - https:\/\/yoast.com\/product\/yoast-seo-wordpress\/ -->\n<title>Axelcare &#8211; ONS &#8211; K\u00fcnstliche Ern\u00e4hrung zu Hause<\/title>\n<meta name=\"description\" content=\"Les suppl\u00e9ments nutritifs oraux (SNO) augmentent les apports oraux en micro- et macronutriments.\" \/>\n<meta name=\"robots\" content=\"index, follow, max-snippet:-1, max-image-preview:large, max-video-preview:-1\" \/>\n<link rel=\"canonical\" href=\"https:\/\/axelcare.ch\/denutrition\/sno-supplements-nutritifs-oraux\/\" \/>\n<meta property=\"og:locale\" content=\"de_DE\" \/>\n<meta property=\"og:type\" content=\"article\" \/>\n<meta property=\"og:title\" content=\"Axelcare &#8211; ONS &#8211; K\u00fcnstliche Ern\u00e4hrung zu Hause\" \/>\n<meta property=\"og:description\" content=\"Les suppl\u00e9ments nutritifs oraux (SNO) augmentent les apports oraux en micro- et macronutriments.\" \/>\n<meta property=\"og:url\" content=\"https:\/\/axelcare.ch\/denutrition\/sno-supplements-nutritifs-oraux\/\" \/>\n<meta property=\"og:site_name\" content=\"Axelcare\" \/>\n<meta property=\"article:publisher\" content=\"https:\/\/www.facebook.com\/AxelCare-1705916956371757\" \/>\n<meta property=\"article:modified_time\" content=\"2022-06-23T10:15:57+00:00\" \/>\n<meta property=\"og:image\" content=\"https:\/\/web.axelcare.ch\/wp\/wp-content\/uploads\/2022\/05\/sno-1.png\" \/>\n<meta name=\"twitter:card\" content=\"summary_large_image\" \/>\n<meta name=\"twitter:label1\" content=\"Est. reading time\" \/>\n\t<meta name=\"twitter:data1\" content=\"1 minute\" \/>\n<script type=\"application\/ld+json\" class=\"yoast-schema-graph\">{\"@context\":\"https:\\\/\\\/schema.org\",\"@graph\":[{\"@type\":\"WebPage\",\"@id\":\"https:\\\/\\\/axelcare.ch\\\/denutrition\\\/sno-supplements-nutritifs-oraux\\\/\",\"url\":\"https:\\\/\\\/axelcare.ch\\\/denutrition\\\/sno-supplements-nutritifs-oraux\\\/\",\"name\":\"Axelcare &#8211; ONS &#8211; K\u00fcnstliche Ern\u00e4hrung zu Hause\",\"isPartOf\":{\"@id\":\"https:\\\/\\\/axelcare.ch\\\/#website\"},\"primaryImageOfPage\":{\"@id\":\"https:\\\/\\\/axelcare.ch\\\/denutrition\\\/sno-supplements-nutritifs-oraux\\\/#primaryimage\"},\"image\":{\"@id\":\"https:\\\/\\\/axelcare.ch\\\/denutrition\\\/sno-supplements-nutritifs-oraux\\\/#primaryimage\"},\"thumbnailUrl\":\"https:\\\/\\\/web.axelcare.ch\\\/wp\\\/wp-content\\\/uploads\\\/2022\\\/05\\\/sno-1.png\",\"datePublished\":\"2022-04-25T12:21:19+00:00\",\"dateModified\":\"2022-06-23T10:15:57+00:00\",\"description\":\"Les suppl\u00e9ments nutritifs oraux (SNO) augmentent les apports oraux en micro- et macronutriments.\",\"breadcrumb\":{\"@id\":\"https:\\\/\\\/axelcare.ch\\\/denutrition\\\/sno-supplements-nutritifs-oraux\\\/#breadcrumb\"},\"inLanguage\":\"de\",\"potentialAction\":[{\"@type\":\"ReadAction\",\"target\":[\"https:\\\/\\\/axelcare.ch\\\/denutrition\\\/sno-supplements-nutritifs-oraux\\\/\"]}]},{\"@type\":\"ImageObject\",\"inLanguage\":\"de\",\"@id\":\"https:\\\/\\\/axelcare.ch\\\/denutrition\\\/sno-supplements-nutritifs-oraux\\\/#primaryimage\",\"url\":\"https:\\\/\\\/web.axelcare.ch\\\/wp\\\/wp-content\\\/uploads\\\/2022\\\/05\\\/sno-1.png\",\"contentUrl\":\"https:\\\/\\\/web.axelcare.ch\\\/wp\\\/wp-content\\\/uploads\\\/2022\\\/05\\\/sno-1.png\"},{\"@type\":\"BreadcrumbList\",\"@id\":\"https:\\\/\\\/axelcare.ch\\\/denutrition\\\/sno-supplements-nutritifs-oraux\\\/#breadcrumb\",\"itemListElement\":[{\"@type\":\"ListItem\",\"position\":1,\"name\":\"Accueil\",\"item\":\"https:\\\/\\\/axelcare.ch\\\/de\\\/\"},{\"@type\":\"ListItem\",\"position\":2,\"name\":\"Mangelern\u00e4hrung\",\"item\":\"https:\\\/\\\/axelcare.ch\\\/de\\\/mangelernaehrung\\\/\"},{\"@type\":\"ListItem\",\"position\":3,\"name\":\"ONS\"}]},{\"@type\":\"WebSite\",\"@id\":\"https:\\\/\\\/axelcare.ch\\\/#website\",\"url\":\"https:\\\/\\\/axelcare.ch\\\/\",\"name\":\"Axelcare\",\"description\":\"K\u00fcnstliche Ern\u00e4hrung zu Hause\",\"publisher\":{\"@id\":\"https:\\\/\\\/axelcare.ch\\\/#organization\"},\"potentialAction\":[{\"@type\":\"SearchAction\",\"target\":{\"@type\":\"EntryPoint\",\"urlTemplate\":\"https:\\\/\\\/axelcare.ch\\\/?s={search_term_string}\"},\"query-input\":{\"@type\":\"PropertyValueSpecification\",\"valueRequired\":true,\"valueName\":\"search_term_string\"}}],\"inLanguage\":\"de\"},{\"@type\":\"Organization\",\"@id\":\"https:\\\/\\\/axelcare.ch\\\/#organization\",\"name\":\"AxelCare SA\",\"url\":\"https:\\\/\\\/axelcare.ch\\\/\",\"logo\":{\"@type\":\"ImageObject\",\"inLanguage\":\"de\",\"@id\":\"https:\\\/\\\/axelcare.ch\\\/#\\\/schema\\\/logo\\\/image\\\/\",\"url\":\"https:\\\/\\\/axelcare.ch\\\/wp\\\/wp-content\\\/uploads\\\/2022\\\/04\\\/logo.png\",\"contentUrl\":\"https:\\\/\\\/axelcare.ch\\\/wp\\\/wp-content\\\/uploads\\\/2022\\\/04\\\/logo.png\",\"width\":300,\"height\":100,\"caption\":\"AxelCare SA\"},\"image\":{\"@id\":\"https:\\\/\\\/axelcare.ch\\\/#\\\/schema\\\/logo\\\/image\\\/\"},\"sameAs\":[\"https:\\\/\\\/www.facebook.com\\\/AxelCare-1705916956371757\",\"https:\\\/\\\/www.linkedin.com\\\/company\\\/axelcare\\\/\",\"https:\\\/\\\/www.youtube.com\\\/channel\\\/UClZ7KChzl8sRXl0B7VB9xbw\"]}]}<\/script>\n<!-- \/ Yoast SEO plugin. -->","yoast_head_json":{"title":"Axelcare &#8211; ONS &#8211; K\u00fcnstliche Ern\u00e4hrung zu Hause","description":"Les suppl\u00e9ments nutritifs oraux (SNO) augmentent les apports oraux en micro- et macronutriments.","robots":{"index":"index","follow":"follow","max-snippet":"max-snippet:-1","max-image-preview":"max-image-preview:large","max-video-preview":"max-video-preview:-1"},"canonical":"https:\/\/axelcare.ch\/denutrition\/sno-supplements-nutritifs-oraux\/","og_locale":"de_DE","og_type":"article","og_title":"Axelcare &#8211; ONS &#8211; K\u00fcnstliche Ern\u00e4hrung zu Hause","og_description":"Les suppl\u00e9ments nutritifs oraux (SNO) augmentent les apports oraux en micro- et macronutriments.","og_url":"https:\/\/axelcare.ch\/denutrition\/sno-supplements-nutritifs-oraux\/","og_site_name":"Axelcare","article_publisher":"https:\/\/www.facebook.com\/AxelCare-1705916956371757","article_modified_time":"2022-06-23T10:15:57+00:00","og_image":[{"url":"https:\/\/web.axelcare.ch\/wp\/wp-content\/uploads\/2022\/05\/sno-1.png","type":"","width":"","height":""}],"twitter_card":"summary_large_image","twitter_misc":{"Est. reading time":"1 minute"},"schema":{"@context":"https:\/\/schema.org","@graph":[{"@type":"WebPage","@id":"https:\/\/axelcare.ch\/denutrition\/sno-supplements-nutritifs-oraux\/","url":"https:\/\/axelcare.ch\/denutrition\/sno-supplements-nutritifs-oraux\/","name":"Axelcare &#8211; ONS &#8211; K\u00fcnstliche Ern\u00e4hrung zu Hause","isPartOf":{"@id":"https:\/\/axelcare.ch\/#website"},"primaryImageOfPage":{"@id":"https:\/\/axelcare.ch\/denutrition\/sno-supplements-nutritifs-oraux\/#primaryimage"},"image":{"@id":"https:\/\/axelcare.ch\/denutrition\/sno-supplements-nutritifs-oraux\/#primaryimage"},"thumbnailUrl":"https:\/\/web.axelcare.ch\/wp\/wp-content\/uploads\/2022\/05\/sno-1.png","datePublished":"2022-04-25T12:21:19+00:00","dateModified":"2022-06-23T10:15:57+00:00","description":"Les suppl\u00e9ments nutritifs oraux (SNO) augmentent les apports oraux en micro- et macronutriments.","breadcrumb":{"@id":"https:\/\/axelcare.ch\/denutrition\/sno-supplements-nutritifs-oraux\/#breadcrumb"},"inLanguage":"de","potentialAction":[{"@type":"ReadAction","target":["https:\/\/axelcare.ch\/denutrition\/sno-supplements-nutritifs-oraux\/"]}]},{"@type":"ImageObject","inLanguage":"de","@id":"https:\/\/axelcare.ch\/denutrition\/sno-supplements-nutritifs-oraux\/#primaryimage","url":"https:\/\/web.axelcare.ch\/wp\/wp-content\/uploads\/2022\/05\/sno-1.png","contentUrl":"https:\/\/web.axelcare.ch\/wp\/wp-content\/uploads\/2022\/05\/sno-1.png"},{"@type":"BreadcrumbList","@id":"https:\/\/axelcare.ch\/denutrition\/sno-supplements-nutritifs-oraux\/#breadcrumb","itemListElement":[{"@type":"ListItem","position":1,"name":"Accueil","item":"https:\/\/axelcare.ch\/de\/"},{"@type":"ListItem","position":2,"name":"Mangelern\u00e4hrung","item":"https:\/\/axelcare.ch\/de\/mangelernaehrung\/"},{"@type":"ListItem","position":3,"name":"ONS"}]},{"@type":"WebSite","@id":"https:\/\/axelcare.ch\/#website","url":"https:\/\/axelcare.ch\/","name":"Axelcare","description":"K\u00fcnstliche Ern\u00e4hrung zu Hause","publisher":{"@id":"https:\/\/axelcare.ch\/#organization"},"potentialAction":[{"@type":"SearchAction","target":{"@type":"EntryPoint","urlTemplate":"https:\/\/axelcare.ch\/?s={search_term_string}"},"query-input":{"@type":"PropertyValueSpecification","valueRequired":true,"valueName":"search_term_string"}}],"inLanguage":"de"},{"@type":"Organization","@id":"https:\/\/axelcare.ch\/#organization","name":"AxelCare SA","url":"https:\/\/axelcare.ch\/","logo":{"@type":"ImageObject","inLanguage":"de","@id":"https:\/\/axelcare.ch\/#\/schema\/logo\/image\/","url":"https:\/\/axelcare.ch\/wp\/wp-content\/uploads\/2022\/04\/logo.png","contentUrl":"https:\/\/axelcare.ch\/wp\/wp-content\/uploads\/2022\/04\/logo.png","width":300,"height":100,"caption":"AxelCare SA"},"image":{"@id":"https:\/\/axelcare.ch\/#\/schema\/logo\/image\/"},"sameAs":["https:\/\/www.facebook.com\/AxelCare-1705916956371757","https:\/\/www.linkedin.com\/company\/axelcare\/","https:\/\/www.youtube.com\/channel\/UClZ7KChzl8sRXl0B7VB9xbw"]}]}},"_links":{"self":[{"href":"https:\/\/axelcare.ch\/de\/wp-json\/wp\/v2\/pages\/3582","targetHints":{"allow":["GET"]}}],"collection":[{"href":"https:\/\/axelcare.ch\/de\/wp-json\/wp\/v2\/pages"}],"about":[{"href":"https:\/\/axelcare.ch\/de\/wp-json\/wp\/v2\/types\/page"}],"author":[{"embeddable":true,"href":"https:\/\/axelcare.ch\/de\/wp-json\/wp\/v2\/users\/1"}],"replies":[{"embeddable":true,"href":"https:\/\/axelcare.ch\/de\/wp-json\/wp\/v2\/comments?post=3582"}],"version-history":[{"count":8,"href":"https:\/\/axelcare.ch\/de\/wp-json\/wp\/v2\/pages\/3582\/revisions"}],"predecessor-version":[{"id":3930,"href":"https:\/\/axelcare.ch\/de\/wp-json\/wp\/v2\/pages\/3582\/revisions\/3930"}],"up":[{"embeddable":true,"href":"https:\/\/axelcare.ch\/de\/wp-json\/wp\/v2\/pages\/3559"}],"wp:attachment":[{"href":"https:\/\/axelcare.ch\/de\/wp-json\/wp\/v2\/media?parent=3582"}],"curies":[{"name":"wp","href":"https:\/\/api.w.org\/{rel}","templated":true}]}}