{"id":3567,"date":"2022-04-25T14:59:46","date_gmt":"2022-04-25T13:59:46","guid":{"rendered":"https:\/\/web.axelcare.ch\/denutrition\/enrichissement-et-fractionnement-alimentaire\/"},"modified":"2022-06-23T11:15:20","modified_gmt":"2022-06-23T10:15:20","slug":"anreichern-und-aufteilen","status":"publish","type":"page","link":"https:\/\/axelcare.ch\/de\/mangelernaehrung\/anreichern-und-aufteilen\/","title":{"rendered":"Anreichern und Aufteilen"},"content":{"rendered":"\t\t<div data-elementor-type=\"wp-page\" data-elementor-id=\"3567\" class=\"elementor elementor-3567 elementor-470\" data-elementor-post-type=\"page\">\n\t\t\t\t\t\t<section class=\"elementor-section elementor-top-section elementor-element elementor-element-a35e6f0 elementor-section-height-min-height elementor-section-items-stretch elementor-section-content-top page-header-with-shape elementor-section-boxed elementor-section-height-default\" data-id=\"a35e6f0\" data-element_type=\"section\" data-e-type=\"section\" data-settings=\"{&quot;background_background&quot;:&quot;classic&quot;}\">\n\t\t\t\t\t\t<div class=\"elementor-container elementor-column-gap-default\">\n\t\t\t\t\t<div class=\"elementor-column elementor-col-50 elementor-top-column elementor-element elementor-element-91cc733\" data-id=\"91cc733\" data-element_type=\"column\" data-e-type=\"column\">\n\t\t\t<div class=\"elementor-widget-wrap elementor-element-populated\">\n\t\t\t\t\t\t<section class=\"elementor-section elementor-inner-section elementor-element elementor-element-c795587 elementor-section-boxed elementor-section-height-default elementor-section-height-default\" data-id=\"c795587\" data-element_type=\"section\" data-e-type=\"section\">\n\t\t\t\t\t\t<div class=\"elementor-container elementor-column-gap-default\">\n\t\t\t\t\t<div class=\"elementor-column elementor-col-100 elementor-inner-column elementor-element elementor-element-6c0b1b1\" data-id=\"6c0b1b1\" data-element_type=\"column\" data-e-type=\"column\">\n\t\t\t<div class=\"elementor-widget-wrap elementor-element-populated\">\n\t\t\t\t\t\t<div class=\"elementor-element elementor-element-6e34fd5 elementor-widget elementor-widget-text-editor\" data-id=\"6e34fd5\" data-element_type=\"widget\" data-e-type=\"widget\" data-widget_type=\"text-editor.default\">\n\t\t\t\t<div class=\"elementor-widget-container\">\n\t\t\t\t\t\t\t\t\t<p><a href=\"tel:+4132 552 05 55\">032 552 05 55<\/a><br \/><a href=\"mailto:info@axelcare.ch\">info@axelcare.ch<\/a><\/p>\t\t\t\t\t\t\t\t<\/div>\n\t\t\t\t<\/div>\n\t\t\t\t\t<\/div>\n\t\t<\/div>\n\t\t\t\t\t<\/div>\n\t\t<\/section>\n\t\t\t\t\t<\/div>\n\t\t<\/div>\n\t\t\t\t<div class=\"elementor-column elementor-col-50 elementor-top-column elementor-element elementor-element-6cba24b column-with-shape\" data-id=\"6cba24b\" data-element_type=\"column\" data-e-type=\"column\">\n\t\t\t<div class=\"elementor-widget-wrap elementor-element-populated\">\n\t\t\t\t\t\t<div class=\"elementor-element elementor-element-fba718a e-transform elementor-widget elementor-widget-image\" data-id=\"fba718a\" data-element_type=\"widget\" data-e-type=\"widget\" data-settings=\"{&quot;_transform_translateX_effect_tablet&quot;:{&quot;unit&quot;:&quot;%&quot;,&quot;size&quot;:-40,&quot;sizes&quot;:[]},&quot;_transform_translateX_effect_mobile&quot;:{&quot;unit&quot;:&quot;%&quot;,&quot;size&quot;:-35,&quot;sizes&quot;:[]},&quot;_transform_translateY_effect_tablet&quot;:{&quot;unit&quot;:&quot;px&quot;,&quot;size&quot;:-1,&quot;sizes&quot;:[]},&quot;_transform_translateY_effect_mobile&quot;:{&quot;unit&quot;:&quot;px&quot;,&quot;size&quot;:-85,&quot;sizes&quot;:[]},&quot;_transform_translateX_effect&quot;:{&quot;unit&quot;:&quot;%&quot;,&quot;size&quot;:-30,&quot;sizes&quot;:[]},&quot;_transform_translateY_effect&quot;:{&quot;unit&quot;:&quot;px&quot;,&quot;size&quot;:0,&quot;sizes&quot;:[]}}\" data-widget_type=\"image.default\">\n\t\t\t\t<div class=\"elementor-widget-container\">\n\t\t\t\t\t\t\t\t\t\t\t\t\t\t\t<img fetchpriority=\"high\" decoding=\"async\" width=\"800\" height=\"531\" src=\"https:\/\/axelcare.ch\/wp\/wp-content\/uploads\/2022\/06\/enrichissement-2.png\" class=\"attachment-large size-large wp-image-2921\" alt=\"\" srcset=\"https:\/\/axelcare.ch\/wp\/wp-content\/uploads\/2022\/06\/enrichissement-2.png 949w, https:\/\/axelcare.ch\/wp\/wp-content\/uploads\/2022\/06\/enrichissement-2-300x199.png 300w, https:\/\/axelcare.ch\/wp\/wp-content\/uploads\/2022\/06\/enrichissement-2-768x510.png 768w, https:\/\/axelcare.ch\/wp\/wp-content\/uploads\/2022\/06\/enrichissement-2-150x100.png 150w\" sizes=\"(max-width: 800px) 100vw, 800px\" \/>\t\t\t\t\t\t\t\t\t\t\t\t\t\t\t<\/div>\n\t\t\t\t<\/div>\n\t\t\t\t\t<\/div>\n\t\t<\/div>\n\t\t\t\t\t<\/div>\n\t\t<\/section>\n\t\t\t\t<section class=\"elementor-section elementor-top-section elementor-element elementor-element-8ec7663 elementor-section-height-min-height section-with-border-image elementor-section-boxed elementor-section-height-default elementor-section-items-middle\" data-id=\"8ec7663\" data-element_type=\"section\" data-e-type=\"section\" data-settings=\"{&quot;background_background&quot;:&quot;classic&quot;}\">\n\t\t\t\t\t\t<div class=\"elementor-container elementor-column-gap-default\">\n\t\t\t\t\t<div class=\"elementor-column elementor-col-100 elementor-top-column elementor-element elementor-element-25f3b7f\" data-id=\"25f3b7f\" data-element_type=\"column\" data-e-type=\"column\">\n\t\t\t<div class=\"elementor-widget-wrap elementor-element-populated\">\n\t\t\t\t\t\t<div class=\"elementor-element elementor-element-6b7e09c elementor-widget elementor-widget-heading\" data-id=\"6b7e09c\" data-element_type=\"widget\" data-e-type=\"widget\" data-widget_type=\"heading.default\">\n\t\t\t\t<div class=\"elementor-widget-container\">\n\t\t\t\t\t<h2 class=\"elementor-heading-title elementor-size-default\">DIE ERN\u00c4HRUNG ANREICHERN UND AUFSPLITTEN<\/h2>\t\t\t\t<\/div>\n\t\t\t\t<\/div>\n\t\t\t\t<div class=\"elementor-element elementor-element-933510f elementor-widget elementor-widget-text-editor\" data-id=\"933510f\" data-element_type=\"widget\" data-e-type=\"widget\" data-widget_type=\"text-editor.default\">\n\t\t\t\t<div class=\"elementor-widget-container\">\n\t\t\t\t\t\t\t\t\t<p>Die t\u00e4gliche Ern\u00e4hrung optimieren: Bei Mangelern\u00e4hrung sind Anreichern und Aufteilen die beiden ersten L\u00f6sungen.<\/p>\t\t\t\t\t\t\t\t<\/div>\n\t\t\t\t<\/div>\n\t\t\t\t<div class=\"elementor-element elementor-element-b5f0ccc elementor-widget elementor-widget-text-editor\" data-id=\"b5f0ccc\" data-element_type=\"widget\" data-e-type=\"widget\" data-widget_type=\"text-editor.default\">\n\t\t\t\t<div class=\"elementor-widget-container\">\n\t\t\t\t\t\t\t\t\t<p>Eine der empfohlenen Strategien zur Erh\u00f6hung des t\u00e4glichen Energiebedarfs ist das Aufteilen: Die Essenszeiten werden mit drei Haupt- und zwei bis drei Zwischenmahlzeiten \u00fcber den ganzen Tag verteilt. Dadurch erfolgt die Nahrungsaufnahme regelm\u00e4ssig und ohne lange Unterbr\u00fcche in der Energiezufuhr.<\/p><p>Die zweite Methode zur Einnahme von gen\u00fcgend Energie und Proteinen, ohne die Menge zu erh\u00f6hen: anreichern! Dabei werden die Portionen, die eine Person essen mag, aus besonders energie- und proteinreichen Nahrungsmitteln zusammengestellt.<\/p><p>Einer Suppe, einem Dessert oder einem Getr\u00e4nk k\u00f6nnen zum Beispiel Zutaten beigegeben werden, die viel Protein, Fett oder Kohlenhydrate (st\u00e4rke- oder zuckerhaltige Produkte) enthalten.<\/p><p>Proteine (Fleisch, Fisch, Eier oder Milchprodukte) sind f\u00fcr die optimale Leistungsf\u00e4higkeit der Muskeln, der Wundheilung und des Immunsystems notwendig. Kohlenhydrate (Teigwaren, Brot, Reis, Kartoffeln) und Fette (\u00d6l, Butter, Rahm, Mayonnaise) versorgen den ganzen K\u00f6rper mit wichtiger Energie.<\/p><p>Zur Anreicherung von Mahlzeiten sind auch verschiedene Protein- und Maltodextrinpulver* erh\u00e4ltlich. Diese werden vom Arzt\/\u00c4rztin verschrieben und k\u00f6nnen bei AxelCare bezogen werden. Wenn Sie mehr \u00fcber diese Produkte wissen m\u00f6chten, nehmen Sie bitte mit dem AxelCare-Team Kontakt auf.<\/p><p>Der\/Die Ern\u00e4hrungsberater\/in von AxelCare ist stets darauf bedacht, den Patient\/innen individuelle Ern\u00e4hrungsempfehlungen abzugeben im Kontext der definierten Zielen und den aktuellsten Leitlinien. Er\/Sie evaluiert die Essensgewohnheiten des\/der Patienten\/in und optimiert sie mit den zur Verf\u00fcgung stehenden fachlichen Hilfsmitteln der Ern\u00e4hrungsberatung. Das Anreichern und Aufteilen von Mahlzeiten sind zwei davon.<\/p><p><em>*Kohlenhydratpulver auf St\u00e4rkebasis.<\/em><\/p>\t\t\t\t\t\t\t\t<\/div>\n\t\t\t\t<\/div>\n\t\t\t\t<div class=\"elementor-element elementor-element-15fe04a elementor-widget elementor-widget-text-editor\" data-id=\"15fe04a\" data-element_type=\"widget\" data-e-type=\"widget\" data-widget_type=\"text-editor.default\">\n\t\t\t\t<div class=\"elementor-widget-container\">\n\t\t\t\t\t\t\t\t\t<p><a href=\"\/de\/mangelernaehrung\/\"><strong>Zur\u00fcck zur \u00dcbersicht<\/strong><\/a><\/p>\t\t\t\t\t\t\t\t<\/div>\n\t\t\t\t<\/div>\n\t\t\t\t\t<\/div>\n\t\t<\/div>\n\t\t\t\t\t<\/div>\n\t\t<\/section>\n\t\t\t\t<\/div>\n\t\t","protected":false},"excerpt":{"rendered":"<p>Alimentation habituelle optimis\u00e9e : l\u2019enrichissement et le fractionnement alimentaire sont les premi\u00e8res solutions qui s\u2019offrent \u00e0 vous en cas de d\u00e9nutrition.<\/p>\n","protected":false},"author":1,"featured_media":0,"parent":3559,"menu_order":0,"comment_status":"closed","ping_status":"closed","template":"","meta":{"footnotes":""},"class_list":["post-3567","page","type-page","status-publish","hentry"],"yoast_head":"<!-- This site is optimized with the Yoast SEO plugin v27.6 - https:\/\/yoast.com\/product\/yoast-seo-wordpress\/ -->\n<title>Axelcare &#8211; Anreichern und Aufteilen &#8211; K\u00fcnstliche Ern\u00e4hrung zu Hause<\/title>\n<meta name=\"description\" content=\"Alimentation habituelle optimis\u00e9e : l\u2019enrichissement et le fractionnement alimentaire sont les premi\u00e8res solutions qui s\u2019offrent \u00e0 vous en cas de d\u00e9nutrition.\" \/>\n<meta name=\"robots\" content=\"index, follow, max-snippet:-1, max-image-preview:large, max-video-preview:-1\" \/>\n<link rel=\"canonical\" href=\"https:\/\/axelcare.ch\/denutrition\/enrichissement-et-fractionnement-alimentaire\/\" \/>\n<meta property=\"og:locale\" content=\"de_DE\" \/>\n<meta property=\"og:type\" content=\"article\" \/>\n<meta property=\"og:title\" content=\"Axelcare &#8211; Anreichern und Aufteilen &#8211; K\u00fcnstliche Ern\u00e4hrung zu Hause\" \/>\n<meta property=\"og:description\" content=\"Alimentation habituelle optimis\u00e9e : l\u2019enrichissement et le fractionnement alimentaire sont les premi\u00e8res solutions qui s\u2019offrent \u00e0 vous en cas de d\u00e9nutrition.\" \/>\n<meta property=\"og:url\" content=\"https:\/\/axelcare.ch\/denutrition\/enrichissement-et-fractionnement-alimentaire\/\" \/>\n<meta property=\"og:site_name\" content=\"Axelcare\" \/>\n<meta property=\"article:publisher\" content=\"https:\/\/www.facebook.com\/AxelCare-1705916956371757\" \/>\n<meta property=\"article:modified_time\" content=\"2022-06-23T10:15:20+00:00\" \/>\n<meta property=\"og:image\" content=\"https:\/\/web.axelcare.ch\/wp\/wp-content\/uploads\/2022\/06\/enrichissement-2.png\" \/>\n<meta name=\"twitter:card\" content=\"summary_large_image\" \/>\n<meta name=\"twitter:label1\" content=\"Est. reading time\" \/>\n\t<meta name=\"twitter:data1\" content=\"1 minute\" \/>\n<script type=\"application\/ld+json\" class=\"yoast-schema-graph\">{\"@context\":\"https:\\\/\\\/schema.org\",\"@graph\":[{\"@type\":\"WebPage\",\"@id\":\"https:\\\/\\\/axelcare.ch\\\/denutrition\\\/enrichissement-et-fractionnement-alimentaire\\\/\",\"url\":\"https:\\\/\\\/axelcare.ch\\\/denutrition\\\/enrichissement-et-fractionnement-alimentaire\\\/\",\"name\":\"Axelcare &#8211; Anreichern und Aufteilen &#8211; K\u00fcnstliche Ern\u00e4hrung zu Hause\",\"isPartOf\":{\"@id\":\"https:\\\/\\\/axelcare.ch\\\/#website\"},\"primaryImageOfPage\":{\"@id\":\"https:\\\/\\\/axelcare.ch\\\/denutrition\\\/enrichissement-et-fractionnement-alimentaire\\\/#primaryimage\"},\"image\":{\"@id\":\"https:\\\/\\\/axelcare.ch\\\/denutrition\\\/enrichissement-et-fractionnement-alimentaire\\\/#primaryimage\"},\"thumbnailUrl\":\"https:\\\/\\\/web.axelcare.ch\\\/wp\\\/wp-content\\\/uploads\\\/2022\\\/06\\\/enrichissement-2.png\",\"datePublished\":\"2022-04-25T13:59:46+00:00\",\"dateModified\":\"2022-06-23T10:15:20+00:00\",\"description\":\"Alimentation habituelle optimis\u00e9e : l\u2019enrichissement et le fractionnement alimentaire sont les premi\u00e8res solutions qui s\u2019offrent \u00e0 vous en cas de d\u00e9nutrition.\",\"breadcrumb\":{\"@id\":\"https:\\\/\\\/axelcare.ch\\\/denutrition\\\/enrichissement-et-fractionnement-alimentaire\\\/#breadcrumb\"},\"inLanguage\":\"de\",\"potentialAction\":[{\"@type\":\"ReadAction\",\"target\":[\"https:\\\/\\\/axelcare.ch\\\/denutrition\\\/enrichissement-et-fractionnement-alimentaire\\\/\"]}]},{\"@type\":\"ImageObject\",\"inLanguage\":\"de\",\"@id\":\"https:\\\/\\\/axelcare.ch\\\/denutrition\\\/enrichissement-et-fractionnement-alimentaire\\\/#primaryimage\",\"url\":\"https:\\\/\\\/web.axelcare.ch\\\/wp\\\/wp-content\\\/uploads\\\/2022\\\/06\\\/enrichissement-2.png\",\"contentUrl\":\"https:\\\/\\\/web.axelcare.ch\\\/wp\\\/wp-content\\\/uploads\\\/2022\\\/06\\\/enrichissement-2.png\"},{\"@type\":\"BreadcrumbList\",\"@id\":\"https:\\\/\\\/axelcare.ch\\\/denutrition\\\/enrichissement-et-fractionnement-alimentaire\\\/#breadcrumb\",\"itemListElement\":[{\"@type\":\"ListItem\",\"position\":1,\"name\":\"Accueil\",\"item\":\"https:\\\/\\\/axelcare.ch\\\/de\\\/\"},{\"@type\":\"ListItem\",\"position\":2,\"name\":\"Mangelern\u00e4hrung\",\"item\":\"https:\\\/\\\/axelcare.ch\\\/de\\\/mangelernaehrung\\\/\"},{\"@type\":\"ListItem\",\"position\":3,\"name\":\"Anreichern und Aufteilen\"}]},{\"@type\":\"WebSite\",\"@id\":\"https:\\\/\\\/axelcare.ch\\\/#website\",\"url\":\"https:\\\/\\\/axelcare.ch\\\/\",\"name\":\"Axelcare\",\"description\":\"K\u00fcnstliche Ern\u00e4hrung zu Hause\",\"publisher\":{\"@id\":\"https:\\\/\\\/axelcare.ch\\\/#organization\"},\"potentialAction\":[{\"@type\":\"SearchAction\",\"target\":{\"@type\":\"EntryPoint\",\"urlTemplate\":\"https:\\\/\\\/axelcare.ch\\\/?s={search_term_string}\"},\"query-input\":{\"@type\":\"PropertyValueSpecification\",\"valueRequired\":true,\"valueName\":\"search_term_string\"}}],\"inLanguage\":\"de\"},{\"@type\":\"Organization\",\"@id\":\"https:\\\/\\\/axelcare.ch\\\/#organization\",\"name\":\"AxelCare SA\",\"url\":\"https:\\\/\\\/axelcare.ch\\\/\",\"logo\":{\"@type\":\"ImageObject\",\"inLanguage\":\"de\",\"@id\":\"https:\\\/\\\/axelcare.ch\\\/#\\\/schema\\\/logo\\\/image\\\/\",\"url\":\"https:\\\/\\\/axelcare.ch\\\/wp\\\/wp-content\\\/uploads\\\/2022\\\/04\\\/logo.png\",\"contentUrl\":\"https:\\\/\\\/axelcare.ch\\\/wp\\\/wp-content\\\/uploads\\\/2022\\\/04\\\/logo.png\",\"width\":300,\"height\":100,\"caption\":\"AxelCare SA\"},\"image\":{\"@id\":\"https:\\\/\\\/axelcare.ch\\\/#\\\/schema\\\/logo\\\/image\\\/\"},\"sameAs\":[\"https:\\\/\\\/www.facebook.com\\\/AxelCare-1705916956371757\",\"https:\\\/\\\/www.linkedin.com\\\/company\\\/axelcare\\\/\",\"https:\\\/\\\/www.youtube.com\\\/channel\\\/UClZ7KChzl8sRXl0B7VB9xbw\"]}]}<\/script>\n<!-- \/ Yoast SEO plugin. -->","yoast_head_json":{"title":"Axelcare &#8211; Anreichern und Aufteilen &#8211; K\u00fcnstliche Ern\u00e4hrung zu Hause","description":"Alimentation habituelle optimis\u00e9e : l\u2019enrichissement et le fractionnement alimentaire sont les premi\u00e8res solutions qui s\u2019offrent \u00e0 vous en cas de d\u00e9nutrition.","robots":{"index":"index","follow":"follow","max-snippet":"max-snippet:-1","max-image-preview":"max-image-preview:large","max-video-preview":"max-video-preview:-1"},"canonical":"https:\/\/axelcare.ch\/denutrition\/enrichissement-et-fractionnement-alimentaire\/","og_locale":"de_DE","og_type":"article","og_title":"Axelcare &#8211; Anreichern und Aufteilen &#8211; K\u00fcnstliche Ern\u00e4hrung zu Hause","og_description":"Alimentation habituelle optimis\u00e9e : l\u2019enrichissement et le fractionnement alimentaire sont les premi\u00e8res solutions qui s\u2019offrent \u00e0 vous en cas de d\u00e9nutrition.","og_url":"https:\/\/axelcare.ch\/denutrition\/enrichissement-et-fractionnement-alimentaire\/","og_site_name":"Axelcare","article_publisher":"https:\/\/www.facebook.com\/AxelCare-1705916956371757","article_modified_time":"2022-06-23T10:15:20+00:00","og_image":[{"url":"https:\/\/web.axelcare.ch\/wp\/wp-content\/uploads\/2022\/06\/enrichissement-2.png","type":"","width":"","height":""}],"twitter_card":"summary_large_image","twitter_misc":{"Est. reading time":"1 minute"},"schema":{"@context":"https:\/\/schema.org","@graph":[{"@type":"WebPage","@id":"https:\/\/axelcare.ch\/denutrition\/enrichissement-et-fractionnement-alimentaire\/","url":"https:\/\/axelcare.ch\/denutrition\/enrichissement-et-fractionnement-alimentaire\/","name":"Axelcare &#8211; Anreichern und Aufteilen &#8211; K\u00fcnstliche Ern\u00e4hrung zu Hause","isPartOf":{"@id":"https:\/\/axelcare.ch\/#website"},"primaryImageOfPage":{"@id":"https:\/\/axelcare.ch\/denutrition\/enrichissement-et-fractionnement-alimentaire\/#primaryimage"},"image":{"@id":"https:\/\/axelcare.ch\/denutrition\/enrichissement-et-fractionnement-alimentaire\/#primaryimage"},"thumbnailUrl":"https:\/\/web.axelcare.ch\/wp\/wp-content\/uploads\/2022\/06\/enrichissement-2.png","datePublished":"2022-04-25T13:59:46+00:00","dateModified":"2022-06-23T10:15:20+00:00","description":"Alimentation habituelle optimis\u00e9e : l\u2019enrichissement et le fractionnement alimentaire sont les premi\u00e8res solutions qui s\u2019offrent \u00e0 vous en cas de d\u00e9nutrition.","breadcrumb":{"@id":"https:\/\/axelcare.ch\/denutrition\/enrichissement-et-fractionnement-alimentaire\/#breadcrumb"},"inLanguage":"de","potentialAction":[{"@type":"ReadAction","target":["https:\/\/axelcare.ch\/denutrition\/enrichissement-et-fractionnement-alimentaire\/"]}]},{"@type":"ImageObject","inLanguage":"de","@id":"https:\/\/axelcare.ch\/denutrition\/enrichissement-et-fractionnement-alimentaire\/#primaryimage","url":"https:\/\/web.axelcare.ch\/wp\/wp-content\/uploads\/2022\/06\/enrichissement-2.png","contentUrl":"https:\/\/web.axelcare.ch\/wp\/wp-content\/uploads\/2022\/06\/enrichissement-2.png"},{"@type":"BreadcrumbList","@id":"https:\/\/axelcare.ch\/denutrition\/enrichissement-et-fractionnement-alimentaire\/#breadcrumb","itemListElement":[{"@type":"ListItem","position":1,"name":"Accueil","item":"https:\/\/axelcare.ch\/de\/"},{"@type":"ListItem","position":2,"name":"Mangelern\u00e4hrung","item":"https:\/\/axelcare.ch\/de\/mangelernaehrung\/"},{"@type":"ListItem","position":3,"name":"Anreichern und Aufteilen"}]},{"@type":"WebSite","@id":"https:\/\/axelcare.ch\/#website","url":"https:\/\/axelcare.ch\/","name":"Axelcare","description":"K\u00fcnstliche Ern\u00e4hrung zu Hause","publisher":{"@id":"https:\/\/axelcare.ch\/#organization"},"potentialAction":[{"@type":"SearchAction","target":{"@type":"EntryPoint","urlTemplate":"https:\/\/axelcare.ch\/?s={search_term_string}"},"query-input":{"@type":"PropertyValueSpecification","valueRequired":true,"valueName":"search_term_string"}}],"inLanguage":"de"},{"@type":"Organization","@id":"https:\/\/axelcare.ch\/#organization","name":"AxelCare SA","url":"https:\/\/axelcare.ch\/","logo":{"@type":"ImageObject","inLanguage":"de","@id":"https:\/\/axelcare.ch\/#\/schema\/logo\/image\/","url":"https:\/\/axelcare.ch\/wp\/wp-content\/uploads\/2022\/04\/logo.png","contentUrl":"https:\/\/axelcare.ch\/wp\/wp-content\/uploads\/2022\/04\/logo.png","width":300,"height":100,"caption":"AxelCare SA"},"image":{"@id":"https:\/\/axelcare.ch\/#\/schema\/logo\/image\/"},"sameAs":["https:\/\/www.facebook.com\/AxelCare-1705916956371757","https:\/\/www.linkedin.com\/company\/axelcare\/","https:\/\/www.youtube.com\/channel\/UClZ7KChzl8sRXl0B7VB9xbw"]}]}},"_links":{"self":[{"href":"https:\/\/axelcare.ch\/de\/wp-json\/wp\/v2\/pages\/3567","targetHints":{"allow":["GET"]}}],"collection":[{"href":"https:\/\/axelcare.ch\/de\/wp-json\/wp\/v2\/pages"}],"about":[{"href":"https:\/\/axelcare.ch\/de\/wp-json\/wp\/v2\/types\/page"}],"author":[{"embeddable":true,"href":"https:\/\/axelcare.ch\/de\/wp-json\/wp\/v2\/users\/1"}],"replies":[{"embeddable":true,"href":"https:\/\/axelcare.ch\/de\/wp-json\/wp\/v2\/comments?post=3567"}],"version-history":[{"count":8,"href":"https:\/\/axelcare.ch\/de\/wp-json\/wp\/v2\/pages\/3567\/revisions"}],"predecessor-version":[{"id":3927,"href":"https:\/\/axelcare.ch\/de\/wp-json\/wp\/v2\/pages\/3567\/revisions\/3927"}],"up":[{"embeddable":true,"href":"https:\/\/axelcare.ch\/de\/wp-json\/wp\/v2\/pages\/3559"}],"wp:attachment":[{"href":"https:\/\/axelcare.ch\/de\/wp-json\/wp\/v2\/media?parent=3567"}],"curies":[{"name":"wp","href":"https:\/\/api.w.org\/{rel}","templated":true}]}}