{"id":2314,"date":"2022-05-30T10:25:28","date_gmt":"2022-05-30T09:25:28","guid":{"rendered":"https:\/\/web.axelcare.ch\/?page_id=2314"},"modified":"2022-08-16T09:38:31","modified_gmt":"2022-08-16T08:38:31","slug":"dienstleisungen","status":"publish","type":"page","link":"https:\/\/axelcare.ch\/de\/dienstleisungen\/","title":{"rendered":"Dienstleisungen"},"content":{"rendered":"\t\t<div data-elementor-type=\"wp-page\" data-elementor-id=\"2314\" class=\"elementor elementor-2314 elementor-2309\" data-elementor-post-type=\"page\">\n\t\t\t\t\t\t<section class=\"elementor-section elementor-top-section elementor-element elementor-element-a35e6f0 elementor-section-height-min-height elementor-section-items-stretch elementor-section-content-top page-header-with-shape elementor-section-boxed elementor-section-height-default\" data-id=\"a35e6f0\" data-element_type=\"section\" data-e-type=\"section\" data-settings=\"{&quot;background_background&quot;:&quot;classic&quot;}\">\n\t\t\t\t\t\t<div class=\"elementor-container elementor-column-gap-default\">\n\t\t\t\t\t<div class=\"elementor-column elementor-col-50 elementor-top-column elementor-element elementor-element-91cc733\" data-id=\"91cc733\" data-element_type=\"column\" data-e-type=\"column\">\n\t\t\t<div class=\"elementor-widget-wrap elementor-element-populated\">\n\t\t\t\t\t\t<section class=\"elementor-section elementor-inner-section elementor-element elementor-element-c795587 elementor-section-boxed elementor-section-height-default elementor-section-height-default\" data-id=\"c795587\" data-element_type=\"section\" data-e-type=\"section\">\n\t\t\t\t\t\t<div class=\"elementor-container elementor-column-gap-default\">\n\t\t\t\t\t<div class=\"elementor-column elementor-col-100 elementor-inner-column elementor-element elementor-element-6c0b1b1\" data-id=\"6c0b1b1\" data-element_type=\"column\" data-e-type=\"column\">\n\t\t\t<div class=\"elementor-widget-wrap elementor-element-populated\">\n\t\t\t\t\t\t<div class=\"elementor-element elementor-element-6e34fd5 elementor-widget elementor-widget-text-editor\" data-id=\"6e34fd5\" data-element_type=\"widget\" data-e-type=\"widget\" data-widget_type=\"text-editor.default\">\n\t\t\t\t<div class=\"elementor-widget-container\">\n\t\t\t\t\t\t\t\t\t<p><a href=\"tel:+4132 552 05 55\">032 552 05 55<\/a><br \/><a href=\"mailto:info@axelcare.ch\">info@axelcare.ch<\/a><\/p>\t\t\t\t\t\t\t\t<\/div>\n\t\t\t\t<\/div>\n\t\t\t\t\t<\/div>\n\t\t<\/div>\n\t\t\t\t\t<\/div>\n\t\t<\/section>\n\t\t\t\t\t<\/div>\n\t\t<\/div>\n\t\t\t\t<div class=\"elementor-column elementor-col-50 elementor-top-column elementor-element elementor-element-6cba24b column-with-shape\" data-id=\"6cba24b\" data-element_type=\"column\" data-e-type=\"column\">\n\t\t\t<div class=\"elementor-widget-wrap elementor-element-populated\">\n\t\t\t\t\t\t<div class=\"elementor-element elementor-element-fba718a e-transform elementor-widget elementor-widget-image\" data-id=\"fba718a\" data-element_type=\"widget\" data-e-type=\"widget\" data-settings=\"{&quot;_transform_translateX_effect_tablet&quot;:{&quot;unit&quot;:&quot;%&quot;,&quot;size&quot;:-20,&quot;sizes&quot;:[]},&quot;_transform_translateX_effect_mobile&quot;:{&quot;unit&quot;:&quot;%&quot;,&quot;size&quot;:-20,&quot;sizes&quot;:[]},&quot;_transform_translateY_effect_tablet&quot;:{&quot;unit&quot;:&quot;px&quot;,&quot;size&quot;:-1,&quot;sizes&quot;:[]},&quot;_transform_translateY_effect_mobile&quot;:{&quot;unit&quot;:&quot;px&quot;,&quot;size&quot;:0,&quot;sizes&quot;:[]},&quot;_transform_translateX_effect&quot;:{&quot;unit&quot;:&quot;%&quot;,&quot;size&quot;:0,&quot;sizes&quot;:[]},&quot;_transform_translateY_effect&quot;:{&quot;unit&quot;:&quot;px&quot;,&quot;size&quot;:-20,&quot;sizes&quot;:[]}}\" data-widget_type=\"image.default\">\n\t\t\t\t<div class=\"elementor-widget-container\">\n\t\t\t\t\t\t\t\t\t\t\t\t\t\t\t<img fetchpriority=\"high\" decoding=\"async\" width=\"800\" height=\"658\" src=\"https:\/\/axelcare.ch\/wp\/wp-content\/uploads\/2022\/05\/Services.png\" class=\"attachment-large size-large wp-image-2629\" alt=\"\" srcset=\"https:\/\/axelcare.ch\/wp\/wp-content\/uploads\/2022\/05\/Services.png 961w, https:\/\/axelcare.ch\/wp\/wp-content\/uploads\/2022\/05\/Services-300x247.png 300w, https:\/\/axelcare.ch\/wp\/wp-content\/uploads\/2022\/05\/Services-768x632.png 768w, https:\/\/axelcare.ch\/wp\/wp-content\/uploads\/2022\/05\/Services-150x123.png 150w\" sizes=\"(max-width: 800px) 100vw, 800px\" \/>\t\t\t\t\t\t\t\t\t\t\t\t\t\t\t<\/div>\n\t\t\t\t<\/div>\n\t\t\t\t\t<\/div>\n\t\t<\/div>\n\t\t\t\t\t<\/div>\n\t\t<\/section>\n\t\t\t\t<section class=\"elementor-section elementor-top-section elementor-element elementor-element-4a7b3fe8 section-with-border-image elementor-section-boxed elementor-section-height-default elementor-section-height-default\" data-id=\"4a7b3fe8\" data-element_type=\"section\" data-e-type=\"section\">\n\t\t\t\t\t\t<div class=\"elementor-container elementor-column-gap-default\">\n\t\t\t\t\t<div class=\"elementor-column elementor-col-100 elementor-top-column elementor-element elementor-element-413888ec\" data-id=\"413888ec\" data-element_type=\"column\" data-e-type=\"column\">\n\t\t\t<div class=\"elementor-widget-wrap elementor-element-populated\">\n\t\t\t\t\t\t<div class=\"elementor-element elementor-element-6b7e09c elementor-widget elementor-widget-heading\" data-id=\"6b7e09c\" data-element_type=\"widget\" data-e-type=\"widget\" data-widget_type=\"heading.default\">\n\t\t\t\t<div class=\"elementor-widget-container\">\n\t\t\t\t\t<h2 class=\"elementor-heading-title elementor-size-default\">UNSERE<br>DIENSTLEISTUNGEN<\/h2>\t\t\t\t<\/div>\n\t\t\t\t<\/div>\n\t\t\t\t<div class=\"elementor-element elementor-element-6b8b7adc elementor-widget elementor-widget-text-editor\" data-id=\"6b8b7adc\" data-element_type=\"widget\" data-e-type=\"widget\" data-widget_type=\"text-editor.default\">\n\t\t\t\t<div class=\"elementor-widget-container\">\n\t\t\t\t\t\t\t\t\t<p>Gemeinsam f\u00fcr Ihr Wohlbefinden<\/p>\t\t\t\t\t\t\t\t<\/div>\n\t\t\t\t<\/div>\n\t\t\t\t<div class=\"elementor-element elementor-element-b89545a elementor-widget elementor-widget-text-editor\" data-id=\"b89545a\" data-element_type=\"widget\" data-e-type=\"widget\" data-widget_type=\"text-editor.default\">\n\t\t\t\t<div class=\"elementor-widget-container\">\n\t\t\t\t\t\t\t\t\t<p>AxelCare ist eine von der Gesellschaft f\u00fcr klinische Ern\u00e4hrung der Schweiz (GESKES) anerkannte Homecare-Organisation f\u00fcr k\u00fcnstliche Ern\u00e4hrung. Sie stellt die ern\u00e4hrungstherapeutische Betreuung der Patient\/innen sowohl an deren Wohnort als auch in einem Alters- und Pflegeheim sicher.<\/p><p>Im Mittelpunkt aller T\u00e4tigkeiten unseres Teams steht das Wohlbefinden der unter Mangelern\u00e4hrung leidenden Patient\/innen. Unsere Kompetenzen im Umgang mit Menschen sowie unser technisches Know-how erm\u00f6glichen uns eine individuelle und wirksame Betreuung auf der Grundlage der aktuellen geltenden Empfehlungen. Dabei hat f\u00fcr uns die interdisziplin\u00e4re Arbeit mit dem behandelndem Arzt\/der behandelnden \u00c4rztin, mit Spitexmitarbeitenden und dem Pflegefachpersonal eine grosse Bedeutung.<\/p>\t\t\t\t\t\t\t\t<\/div>\n\t\t\t\t<\/div>\n\t\t\t\t<div class=\"elementor-element elementor-element-5a52266 elementor-widget elementor-widget-text-editor\" data-id=\"5a52266\" data-element_type=\"widget\" data-e-type=\"widget\" data-widget_type=\"text-editor.default\">\n\t\t\t\t<div class=\"elementor-widget-container\">\n\t\t\t\t\t\t\t\t\t<p><strong>Administration und Lieferungen<\/strong><\/p><p>Wir stellen einen Telefondienst und einen Notfalllieferdienst 24\/24\u00a0Stunden und 7\/7\u00a0Tage sicher.<\/p><p>Ein\/e Ansprechpartner\/in bearbeitet die Bestellungen und die administrative Abwicklung des Auftrags sowohl im Call-Center wie auch bei der Auslieferung und gew\u00e4hrleistet dadurch eine pers\u00f6nliche Betreuung.<\/p><p>Unsere Rechnungsabteilung verwaltet auch den Antrag auf die Kosten\u00fcbernahme durch die Versicherung.<\/p><p>Wir bieten Ihnen einen SMS-Informationsdienst f\u00fcr die Ank\u00fcndigung der Lieferzeit.<\/p><p>Alle lieferbaren Produkte stehen zur Verf\u00fcgung. Unser Logistikteam \u00fcbernimmt die Vorbereitung Ihrer Bestellung und die Auslieferung direkt zu Ihnen nach Hause. Gebrauchtes Material kann bei der Lieferung zur\u00fcckgegeben werden.<\/p>\t\t\t\t\t\t\t\t<\/div>\n\t\t\t\t<\/div>\n\t\t\t\t<div class=\"elementor-element elementor-element-6e969ec elementor-widget elementor-widget-text-editor\" data-id=\"6e969ec\" data-element_type=\"widget\" data-e-type=\"widget\" data-widget_type=\"text-editor.default\">\n\t\t\t\t<div class=\"elementor-widget-container\">\n\t\t\t\t\t\t\t\t\t<p><strong>Pflege<\/strong><\/p><p>Hinter den Angeboten von AxelCare steht ein Team aus Fachpersonen, die sich tagt\u00e4glich mit der enteralen und parenteralen Ern\u00e4hrung besch\u00e4ftigen.<\/p><p>Alle Anfragen vonseiten unserer verschreibenden Partner kommen bei unserer f\u00fcr die Koordination zust\u00e4ndigen Pflegefachfrau zusammen, damit die Betreuung der Patient\/innen ab dem Zeitpunkt ihres Austritts aus dem Spital gew\u00e4hrleistet werden kann.<\/p><p>Wir bieten eine individuelle Begleitung an. Dazu geh\u00f6ren nicht nur Schulungen zu Hause, bei denen der\/die Patient\/in, die Angeh\u00f6rigen und die Spitexmitarbeitenden einbezogen werden, sondern auch die Unterst\u00fctzung bei der Pflege der Sonde.<\/p><p>Ein Team, das sich bez\u00fcglich den neusten Empfehlungen zu den Pflegeprotokollen laufend weiterbildet, steht ebenfalls zu Ihrer Verf\u00fcgung.<\/p>\t\t\t\t\t\t\t\t<\/div>\n\t\t\t\t<\/div>\n\t\t\t\t<div class=\"elementor-element elementor-element-1757fb0 elementor-widget elementor-widget-text-editor\" data-id=\"1757fb0\" data-element_type=\"widget\" data-e-type=\"widget\" data-widget_type=\"text-editor.default\">\n\t\t\t\t<div class=\"elementor-widget-container\">\n\t\t\t\t\t\t\t\t\t<p><strong>Ern\u00e4hrungstherapeutische Betreuung<\/strong><\/p><p>Unsere Ern\u00e4hrungsberater\/innen werten Ihren Ern\u00e4hrungszustand aus und \u00fcberpr\u00fcfen ihn regelm\u00e4ssig. Jede Beratung ist auf die jeweilige individuelle Situation zugeschnitten.<\/p><p>Bei AxelCare arbeiten vom Schweizerischen Verband der Ern\u00e4hrungsberater\/innen (SVDE) anerkannte Fachpersonen, die sich auf die Bereiche Mangel- und klinische Ern\u00e4hrung spezialisiert haben. F\u00fcr einen Beratungstermin kommt Ihr\/e Ern\u00e4hrungsberater\/in zu Ihnen, damit Sie m\u00f6glichst wenig reisen m\u00fcssen.<\/p><p>Mit Ihrem Einverst\u00e4ndnis setzen wir uns direkt mit Ihrem Arzt\/Ihrer \u00c4rztin, dem Spital, den Spitexmitarbeitenden und anderen Gesundheitsfachpersonen in Verbindung, damit wir die bestm\u00f6gliche Betreuung sicherstellen k\u00f6nnen.<\/p><p>Bei Mangelern\u00e4hrung und\/oder k\u00fcnstlicher Ern\u00e4hrung \u00fcbernimmt die Grundversicherung ern\u00e4hrungsberaterische Leistungen bei Ihnen zu Hause, wenn sie \u00e4rztlich verordnet wurden.<\/p><p>Die Beratungsgespr\u00e4che, die von den SVDE-anerkannten Ern\u00e4hrungsberatern\/innen gef\u00fchrt werden, beinhalten das Folgende:<\/p>\t\t\t\t\t\t\t\t<\/div>\n\t\t\t\t<\/div>\n\t\t\t\t<div class=\"elementor-element elementor-element-446d387 elementor-widget elementor-widget-text-editor\" data-id=\"446d387\" data-element_type=\"widget\" data-e-type=\"widget\" data-widget_type=\"text-editor.default\">\n\t\t\t\t<div class=\"elementor-widget-container\">\n\t\t\t\t\t\t\t\t\t<ul><li>Beurteilung Ihrer Essensgewohnheiten und Ihres Nahrungsbedarfs vor dem Hintergrund Ihrer Krankheit und unter Ber\u00fccksichtigung der Umst\u00e4nde und Ihrer F\u00e4higkeiten (Kauen, Schlucken, Einkaufen, Kochen, Hilfe oder Unterst\u00fctzung durch Angeh\u00f6rige, Hilfe zu Hause usw.);<\/li><li>Beratung bei der Auswahl von Nahrungsmitteln unter Einbezug Ihrer Lebensgewohnheiten;<\/li><li>Empfehlungen f\u00fcr die Anpassung Ihrer Mahlzeiten und, falls vorhanden, f\u00fcr Ihre supportive Ern\u00e4hrungstherapie.<\/li><li>Die Dauer der ern\u00e4hrungstherapeutischen Begleitung h\u00e4ngt vom Therapieverlauf und von Ihrer Situation ab.<\/li><\/ul>\t\t\t\t\t\t\t\t<\/div>\n\t\t\t\t<\/div>\n\t\t\t\t<div class=\"elementor-element elementor-element-f6f66dc elementor-widget elementor-widget-text-editor\" data-id=\"f6f66dc\" data-element_type=\"widget\" data-e-type=\"widget\" data-widget_type=\"text-editor.default\">\n\t\t\t\t<div class=\"elementor-widget-container\">\n\t\t\t\t\t\t\t\t\t<p><strong>Unterst\u00fctzung durch die Apotheker\/innen<\/strong><\/p><p>Unsere Apotheker\/innen \u00fcberpr\u00fcfen die Rezepte f\u00fcr die enterale bzw. parenterale Ern\u00e4hrung und f\u00fcr Begleitmedikamente.<\/p><p>Mit ihrem Fachwissen \u00fcber Ern\u00e4hrung k\u00f6nnen sie zudem alle Fragen in diesem Zusammenhang beantworten, wie zum Beispiel betreffend Verabreichung von Medikamenten \u00fcber die Ern\u00e4hrungssonde, Verabreichungsmodalit\u00e4ten bei der parenteralen Ern\u00e4hrung, Kompatibilit\u00e4t mit anderen Medikamenten, Supplementierung von Elektrolyten usw. <\/p>\t\t\t\t\t\t\t\t<\/div>\n\t\t\t\t<\/div>\n\t\t\t\t\t<\/div>\n\t\t<\/div>\n\t\t\t\t\t<\/div>\n\t\t<\/section>\n\t\t\t\t<\/div>\n\t\t","protected":false},"excerpt":{"rendered":"<p>Gemeinsam f\u00fcr Ihr Wohlbefinden<\/p>\n","protected":false},"author":2,"featured_media":0,"parent":0,"menu_order":0,"comment_status":"closed","ping_status":"closed","template":"","meta":{"footnotes":""},"class_list":["post-2314","page","type-page","status-publish","hentry"],"yoast_head":"<!-- This site is optimized with the Yoast SEO plugin v27.6 - https:\/\/yoast.com\/product\/yoast-seo-wordpress\/ -->\n<title>Axelcare &#8211; Dienstleisungen &#8211; K\u00fcnstliche Ern\u00e4hrung zu Hause<\/title>\n<meta name=\"description\" content=\"Gemeinsam f\u00fcr Ihr Wohlbefinden\" \/>\n<meta name=\"robots\" content=\"index, follow, max-snippet:-1, max-image-preview:large, max-video-preview:-1\" \/>\n<link rel=\"canonical\" href=\"https:\/\/axelcare.ch\/de\/dienstleisungen\/\" \/>\n<meta property=\"og:locale\" content=\"de_DE\" \/>\n<meta property=\"og:type\" content=\"article\" \/>\n<meta property=\"og:title\" content=\"Axelcare &#8211; Dienstleisungen &#8211; K\u00fcnstliche Ern\u00e4hrung zu Hause\" \/>\n<meta property=\"og:description\" content=\"Gemeinsam f\u00fcr Ihr Wohlbefinden\" \/>\n<meta property=\"og:url\" content=\"https:\/\/axelcare.ch\/de\/dienstleisungen\/\" \/>\n<meta property=\"og:site_name\" content=\"Axelcare\" \/>\n<meta property=\"article:publisher\" content=\"https:\/\/www.facebook.com\/AxelCare-1705916956371757\" \/>\n<meta property=\"article:modified_time\" content=\"2022-08-16T08:38:31+00:00\" \/>\n<meta property=\"og:image\" content=\"https:\/\/axelcare.ch\/wp\/wp-content\/uploads\/2022\/05\/Services.png\" \/>\n<meta name=\"twitter:card\" content=\"summary_large_image\" \/>\n<meta name=\"twitter:label1\" content=\"Est. reading time\" \/>\n\t<meta name=\"twitter:data1\" content=\"4 minutes\" \/>\n<script type=\"application\/ld+json\" class=\"yoast-schema-graph\">{\"@context\":\"https:\\\/\\\/schema.org\",\"@graph\":[{\"@type\":\"WebPage\",\"@id\":\"https:\\\/\\\/axelcare.ch\\\/de\\\/dienstleisungen\\\/\",\"url\":\"https:\\\/\\\/axelcare.ch\\\/de\\\/dienstleisungen\\\/\",\"name\":\"Axelcare &#8211; Dienstleisungen &#8211; K\u00fcnstliche Ern\u00e4hrung zu Hause\",\"isPartOf\":{\"@id\":\"https:\\\/\\\/axelcare.ch\\\/#website\"},\"primaryImageOfPage\":{\"@id\":\"https:\\\/\\\/axelcare.ch\\\/de\\\/dienstleisungen\\\/#primaryimage\"},\"image\":{\"@id\":\"https:\\\/\\\/axelcare.ch\\\/de\\\/dienstleisungen\\\/#primaryimage\"},\"thumbnailUrl\":\"https:\\\/\\\/axelcare.ch\\\/wp\\\/wp-content\\\/uploads\\\/2022\\\/05\\\/Services.png\",\"datePublished\":\"2022-05-30T09:25:28+00:00\",\"dateModified\":\"2022-08-16T08:38:31+00:00\",\"description\":\"Gemeinsam f\u00fcr Ihr Wohlbefinden\",\"breadcrumb\":{\"@id\":\"https:\\\/\\\/axelcare.ch\\\/de\\\/dienstleisungen\\\/#breadcrumb\"},\"inLanguage\":\"de\",\"potentialAction\":[{\"@type\":\"ReadAction\",\"target\":[\"https:\\\/\\\/axelcare.ch\\\/de\\\/dienstleisungen\\\/\"]}]},{\"@type\":\"ImageObject\",\"inLanguage\":\"de\",\"@id\":\"https:\\\/\\\/axelcare.ch\\\/de\\\/dienstleisungen\\\/#primaryimage\",\"url\":\"https:\\\/\\\/axelcare.ch\\\/wp\\\/wp-content\\\/uploads\\\/2022\\\/05\\\/Services.png\",\"contentUrl\":\"https:\\\/\\\/axelcare.ch\\\/wp\\\/wp-content\\\/uploads\\\/2022\\\/05\\\/Services.png\"},{\"@type\":\"BreadcrumbList\",\"@id\":\"https:\\\/\\\/axelcare.ch\\\/de\\\/dienstleisungen\\\/#breadcrumb\",\"itemListElement\":[{\"@type\":\"ListItem\",\"position\":1,\"name\":\"Accueil\",\"item\":\"https:\\\/\\\/axelcare.ch\\\/de\\\/\"},{\"@type\":\"ListItem\",\"position\":2,\"name\":\"Dienstleisungen\"}]},{\"@type\":\"WebSite\",\"@id\":\"https:\\\/\\\/axelcare.ch\\\/#website\",\"url\":\"https:\\\/\\\/axelcare.ch\\\/\",\"name\":\"Axelcare\",\"description\":\"K\u00fcnstliche Ern\u00e4hrung zu Hause\",\"publisher\":{\"@id\":\"https:\\\/\\\/axelcare.ch\\\/#organization\"},\"potentialAction\":[{\"@type\":\"SearchAction\",\"target\":{\"@type\":\"EntryPoint\",\"urlTemplate\":\"https:\\\/\\\/axelcare.ch\\\/?s={search_term_string}\"},\"query-input\":{\"@type\":\"PropertyValueSpecification\",\"valueRequired\":true,\"valueName\":\"search_term_string\"}}],\"inLanguage\":\"de\"},{\"@type\":\"Organization\",\"@id\":\"https:\\\/\\\/axelcare.ch\\\/#organization\",\"name\":\"AxelCare SA\",\"url\":\"https:\\\/\\\/axelcare.ch\\\/\",\"logo\":{\"@type\":\"ImageObject\",\"inLanguage\":\"de\",\"@id\":\"https:\\\/\\\/axelcare.ch\\\/#\\\/schema\\\/logo\\\/image\\\/\",\"url\":\"https:\\\/\\\/axelcare.ch\\\/wp\\\/wp-content\\\/uploads\\\/2022\\\/04\\\/logo.png\",\"contentUrl\":\"https:\\\/\\\/axelcare.ch\\\/wp\\\/wp-content\\\/uploads\\\/2022\\\/04\\\/logo.png\",\"width\":300,\"height\":100,\"caption\":\"AxelCare SA\"},\"image\":{\"@id\":\"https:\\\/\\\/axelcare.ch\\\/#\\\/schema\\\/logo\\\/image\\\/\"},\"sameAs\":[\"https:\\\/\\\/www.facebook.com\\\/AxelCare-1705916956371757\",\"https:\\\/\\\/www.linkedin.com\\\/company\\\/axelcare\\\/\",\"https:\\\/\\\/www.youtube.com\\\/channel\\\/UClZ7KChzl8sRXl0B7VB9xbw\"]}]}<\/script>\n<!-- \/ Yoast SEO plugin. -->","yoast_head_json":{"title":"Axelcare &#8211; Dienstleisungen &#8211; K\u00fcnstliche Ern\u00e4hrung zu Hause","description":"Gemeinsam f\u00fcr Ihr Wohlbefinden","robots":{"index":"index","follow":"follow","max-snippet":"max-snippet:-1","max-image-preview":"max-image-preview:large","max-video-preview":"max-video-preview:-1"},"canonical":"https:\/\/axelcare.ch\/de\/dienstleisungen\/","og_locale":"de_DE","og_type":"article","og_title":"Axelcare &#8211; Dienstleisungen &#8211; K\u00fcnstliche Ern\u00e4hrung zu Hause","og_description":"Gemeinsam f\u00fcr Ihr Wohlbefinden","og_url":"https:\/\/axelcare.ch\/de\/dienstleisungen\/","og_site_name":"Axelcare","article_publisher":"https:\/\/www.facebook.com\/AxelCare-1705916956371757","article_modified_time":"2022-08-16T08:38:31+00:00","og_image":[{"url":"https:\/\/axelcare.ch\/wp\/wp-content\/uploads\/2022\/05\/Services.png","type":"","width":"","height":""}],"twitter_card":"summary_large_image","twitter_misc":{"Est. reading time":"4 minutes"},"schema":{"@context":"https:\/\/schema.org","@graph":[{"@type":"WebPage","@id":"https:\/\/axelcare.ch\/de\/dienstleisungen\/","url":"https:\/\/axelcare.ch\/de\/dienstleisungen\/","name":"Axelcare &#8211; Dienstleisungen &#8211; K\u00fcnstliche Ern\u00e4hrung zu Hause","isPartOf":{"@id":"https:\/\/axelcare.ch\/#website"},"primaryImageOfPage":{"@id":"https:\/\/axelcare.ch\/de\/dienstleisungen\/#primaryimage"},"image":{"@id":"https:\/\/axelcare.ch\/de\/dienstleisungen\/#primaryimage"},"thumbnailUrl":"https:\/\/axelcare.ch\/wp\/wp-content\/uploads\/2022\/05\/Services.png","datePublished":"2022-05-30T09:25:28+00:00","dateModified":"2022-08-16T08:38:31+00:00","description":"Gemeinsam f\u00fcr Ihr Wohlbefinden","breadcrumb":{"@id":"https:\/\/axelcare.ch\/de\/dienstleisungen\/#breadcrumb"},"inLanguage":"de","potentialAction":[{"@type":"ReadAction","target":["https:\/\/axelcare.ch\/de\/dienstleisungen\/"]}]},{"@type":"ImageObject","inLanguage":"de","@id":"https:\/\/axelcare.ch\/de\/dienstleisungen\/#primaryimage","url":"https:\/\/axelcare.ch\/wp\/wp-content\/uploads\/2022\/05\/Services.png","contentUrl":"https:\/\/axelcare.ch\/wp\/wp-content\/uploads\/2022\/05\/Services.png"},{"@type":"BreadcrumbList","@id":"https:\/\/axelcare.ch\/de\/dienstleisungen\/#breadcrumb","itemListElement":[{"@type":"ListItem","position":1,"name":"Accueil","item":"https:\/\/axelcare.ch\/de\/"},{"@type":"ListItem","position":2,"name":"Dienstleisungen"}]},{"@type":"WebSite","@id":"https:\/\/axelcare.ch\/#website","url":"https:\/\/axelcare.ch\/","name":"Axelcare","description":"K\u00fcnstliche Ern\u00e4hrung zu Hause","publisher":{"@id":"https:\/\/axelcare.ch\/#organization"},"potentialAction":[{"@type":"SearchAction","target":{"@type":"EntryPoint","urlTemplate":"https:\/\/axelcare.ch\/?s={search_term_string}"},"query-input":{"@type":"PropertyValueSpecification","valueRequired":true,"valueName":"search_term_string"}}],"inLanguage":"de"},{"@type":"Organization","@id":"https:\/\/axelcare.ch\/#organization","name":"AxelCare SA","url":"https:\/\/axelcare.ch\/","logo":{"@type":"ImageObject","inLanguage":"de","@id":"https:\/\/axelcare.ch\/#\/schema\/logo\/image\/","url":"https:\/\/axelcare.ch\/wp\/wp-content\/uploads\/2022\/04\/logo.png","contentUrl":"https:\/\/axelcare.ch\/wp\/wp-content\/uploads\/2022\/04\/logo.png","width":300,"height":100,"caption":"AxelCare SA"},"image":{"@id":"https:\/\/axelcare.ch\/#\/schema\/logo\/image\/"},"sameAs":["https:\/\/www.facebook.com\/AxelCare-1705916956371757","https:\/\/www.linkedin.com\/company\/axelcare\/","https:\/\/www.youtube.com\/channel\/UClZ7KChzl8sRXl0B7VB9xbw"]}]}},"_links":{"self":[{"href":"https:\/\/axelcare.ch\/de\/wp-json\/wp\/v2\/pages\/2314","targetHints":{"allow":["GET"]}}],"collection":[{"href":"https:\/\/axelcare.ch\/de\/wp-json\/wp\/v2\/pages"}],"about":[{"href":"https:\/\/axelcare.ch\/de\/wp-json\/wp\/v2\/types\/page"}],"author":[{"embeddable":true,"href":"https:\/\/axelcare.ch\/de\/wp-json\/wp\/v2\/users\/2"}],"replies":[{"embeddable":true,"href":"https:\/\/axelcare.ch\/de\/wp-json\/wp\/v2\/comments?post=2314"}],"version-history":[{"count":27,"href":"https:\/\/axelcare.ch\/de\/wp-json\/wp\/v2\/pages\/2314\/revisions"}],"predecessor-version":[{"id":4965,"href":"https:\/\/axelcare.ch\/de\/wp-json\/wp\/v2\/pages\/2314\/revisions\/4965"}],"wp:attachment":[{"href":"https:\/\/axelcare.ch\/de\/wp-json\/wp\/v2\/media?parent=2314"}],"curies":[{"name":"wp","href":"https:\/\/api.w.org\/{rel}","templated":true}]}}