{"id":1282,"date":"2022-04-26T13:10:43","date_gmt":"2022-04-26T12:10:43","guid":{"rendered":"https:\/\/web.axelcare.ch\/?page_id=1282"},"modified":"2022-08-09T10:07:07","modified_gmt":"2022-08-09T09:07:07","slug":"krebs","status":"publish","type":"page","link":"https:\/\/axelcare.ch\/de\/krebs\/","title":{"rendered":"Krebs"},"content":{"rendered":"\t\t<div data-elementor-type=\"wp-page\" data-elementor-id=\"1282\" class=\"elementor elementor-1282 elementor-589\" data-elementor-post-type=\"page\">\n\t\t\t\t\t\t<section class=\"elementor-section elementor-top-section elementor-element elementor-element-a35e6f0 elementor-section-content-top page-header-with-shape elementor-section-boxed elementor-section-height-default elementor-section-height-default\" data-id=\"a35e6f0\" data-element_type=\"section\" data-e-type=\"section\" data-settings=\"{&quot;background_background&quot;:&quot;classic&quot;}\">\n\t\t\t\t\t\t<div class=\"elementor-container elementor-column-gap-default\">\n\t\t\t\t\t<div class=\"elementor-column elementor-col-50 elementor-top-column elementor-element elementor-element-91cc733\" data-id=\"91cc733\" data-element_type=\"column\" data-e-type=\"column\">\n\t\t\t<div class=\"elementor-widget-wrap elementor-element-populated\">\n\t\t\t\t\t\t<section class=\"elementor-section elementor-inner-section elementor-element elementor-element-c795587 elementor-section-boxed elementor-section-height-default elementor-section-height-default\" data-id=\"c795587\" data-element_type=\"section\" data-e-type=\"section\">\n\t\t\t\t\t\t<div class=\"elementor-container elementor-column-gap-default\">\n\t\t\t\t\t<div class=\"elementor-column elementor-col-100 elementor-inner-column elementor-element elementor-element-6c0b1b1\" data-id=\"6c0b1b1\" data-element_type=\"column\" data-e-type=\"column\">\n\t\t\t<div class=\"elementor-widget-wrap elementor-element-populated\">\n\t\t\t\t\t\t<div class=\"elementor-element elementor-element-6e34fd5 elementor-widget elementor-widget-text-editor\" data-id=\"6e34fd5\" data-element_type=\"widget\" data-e-type=\"widget\" data-widget_type=\"text-editor.default\">\n\t\t\t\t<div class=\"elementor-widget-container\">\n\t\t\t\t\t\t\t\t\t<p><a href=\"tel:+4132 552 05 55\">032 552 05 55<\/a><br \/><a href=\"mailto:info@axelcare.ch\">info@axelcare.ch<\/a><\/p>\t\t\t\t\t\t\t\t<\/div>\n\t\t\t\t<\/div>\n\t\t\t\t\t<\/div>\n\t\t<\/div>\n\t\t\t\t\t<\/div>\n\t\t<\/section>\n\t\t\t\t\t<\/div>\n\t\t<\/div>\n\t\t\t\t<div class=\"elementor-column elementor-col-50 elementor-top-column elementor-element elementor-element-6cba24b column-with-shape\" data-id=\"6cba24b\" data-element_type=\"column\" data-e-type=\"column\">\n\t\t\t<div class=\"elementor-widget-wrap elementor-element-populated\">\n\t\t\t\t\t\t<div class=\"elementor-element elementor-element-fba718a e-transform elementor-widget elementor-widget-image\" data-id=\"fba718a\" data-element_type=\"widget\" data-e-type=\"widget\" data-settings=\"{&quot;_transform_translateX_effect_tablet&quot;:{&quot;unit&quot;:&quot;%&quot;,&quot;size&quot;:-20,&quot;sizes&quot;:[]},&quot;_transform_translateX_effect_mobile&quot;:{&quot;unit&quot;:&quot;%&quot;,&quot;size&quot;:-20,&quot;sizes&quot;:[]},&quot;_transform_translateY_effect_tablet&quot;:{&quot;unit&quot;:&quot;px&quot;,&quot;size&quot;:-1,&quot;sizes&quot;:[]},&quot;_transform_translateY_effect_mobile&quot;:{&quot;unit&quot;:&quot;px&quot;,&quot;size&quot;:0,&quot;sizes&quot;:[]},&quot;_transform_translateX_effect&quot;:{&quot;unit&quot;:&quot;%&quot;,&quot;size&quot;:0,&quot;sizes&quot;:[]},&quot;_transform_translateY_effect&quot;:{&quot;unit&quot;:&quot;px&quot;,&quot;size&quot;:-20,&quot;sizes&quot;:[]}}\" data-widget_type=\"image.default\">\n\t\t\t\t<div class=\"elementor-widget-container\">\n\t\t\t\t\t\t\t\t\t\t\t\t\t\t\t<img fetchpriority=\"high\" decoding=\"async\" width=\"800\" height=\"658\" src=\"https:\/\/axelcare.ch\/wp\/wp-content\/uploads\/2022\/04\/cancer-shape-1.png\" class=\"attachment-large size-large wp-image-593\" alt=\"\" srcset=\"https:\/\/axelcare.ch\/wp\/wp-content\/uploads\/2022\/04\/cancer-shape-1.png 961w, https:\/\/axelcare.ch\/wp\/wp-content\/uploads\/2022\/04\/cancer-shape-1-300x247.png 300w, https:\/\/axelcare.ch\/wp\/wp-content\/uploads\/2022\/04\/cancer-shape-1-768x632.png 768w, https:\/\/axelcare.ch\/wp\/wp-content\/uploads\/2022\/04\/cancer-shape-1-150x123.png 150w\" sizes=\"(max-width: 800px) 100vw, 800px\" \/>\t\t\t\t\t\t\t\t\t\t\t\t\t\t\t<\/div>\n\t\t\t\t<\/div>\n\t\t\t\t\t<\/div>\n\t\t<\/div>\n\t\t\t\t\t<\/div>\n\t\t<\/section>\n\t\t\t\t<section class=\"elementor-section elementor-top-section elementor-element elementor-element-4a7b3fe8 section-with-border-image elementor-section-boxed elementor-section-height-default elementor-section-height-default\" data-id=\"4a7b3fe8\" data-element_type=\"section\" data-e-type=\"section\">\n\t\t\t\t\t\t<div class=\"elementor-container elementor-column-gap-default\">\n\t\t\t\t\t<div class=\"elementor-column elementor-col-100 elementor-top-column elementor-element elementor-element-413888ec\" data-id=\"413888ec\" data-element_type=\"column\" data-e-type=\"column\">\n\t\t\t<div class=\"elementor-widget-wrap elementor-element-populated\">\n\t\t\t\t\t\t<div class=\"elementor-element elementor-element-6b7e09c elementor-widget elementor-widget-heading\" data-id=\"6b7e09c\" data-element_type=\"widget\" data-e-type=\"widget\" data-widget_type=\"heading.default\">\n\t\t\t\t<div class=\"elementor-widget-container\">\n\t\t\t\t\t<h2 class=\"elementor-heading-title elementor-size-default\">KREBS UND<br>ERN\u00c4HRUNG<\/h2>\t\t\t\t<\/div>\n\t\t\t\t<\/div>\n\t\t\t\t<div class=\"elementor-element elementor-element-6b8b7adc elementor-widget elementor-widget-text-editor\" data-id=\"6b8b7adc\" data-element_type=\"widget\" data-e-type=\"widget\" data-widget_type=\"text-editor.default\">\n\t\t\t\t<div class=\"elementor-widget-container\">\n\t\t\t\t\t\t\t\t\t<p>Wie passe ich meine Ern\u00e4hrung der Krebserkrankung und den Behandlungen an?<\/p>\t\t\t\t\t\t\t\t<\/div>\n\t\t\t\t<\/div>\n\t\t\t\t<div class=\"elementor-element elementor-element-b89545a elementor-widget elementor-widget-text-editor\" data-id=\"b89545a\" data-element_type=\"widget\" data-e-type=\"widget\" data-widget_type=\"text-editor.default\">\n\t\t\t\t<div class=\"elementor-widget-container\">\n\t\t\t\t\t\t\t\t\t<p>Die Ern\u00e4hrung ist ein Teil der Krebstherapie. Ihr\/e Onkologe\/in hat Ihnen vielleicht bereits erkl\u00e4rt, dass es wichtig ist, K\u00f6rpergewicht und Muskelmasse stabil zu halten, um Mangelern\u00e4hrung vorzubeugen.<\/p><p>Mangelern\u00e4hrung ist assoziiert mit einem R\u00fcckgang der Therapietoleranz, mit der Verschlechterung des Gesamtzustands und der mentalen Verfassung (Fatigue, Kr\u00e4fteverlust usw.). Deshalb ist das Ziel, mit einem guten Ern\u00e4hrungsstatus die Selbstst\u00e4ndigkeit und Lebensqualit\u00e4t zu erhalten.<\/p><p>Die Krebserkrankung und die Therapie k\u00f6nnen die Ern\u00e4hrung beeintr\u00e4chtigen und zu Mangelern\u00e4hrung f\u00fchren. Im Folgenden haben wir die h\u00e4ufigsten Symptome einer Mangelern\u00e4hrung zusammengestellt und mit Tipps erg\u00e4nzt, um ihre Auswirkungen zu verringern.<\/p><p>Bei Appetitverlust oder fr\u00fchzeitiger S\u00e4ttigung empfehlen wir, die Mahlzeiten \u00fcber den Tag zu verteilen (Hauptmahlzeiten und 2 bis 3 Zwischenverpflegungen) und auf proteinreiche und st\u00e4rkehaltige Lebensmittel zu achten. Es ist zudem m\u00f6glich, das Essen durch fetthaltige Zutaten wie Reibk\u00e4se, Schinken usw. anzureichern.<\/p><p>Chemotherapien k\u00f6nnen \u2013 neben anderen Ausl\u00f6sern \u2013 \u00dcbelkeit und Erbrechen verursachen. Abhilfe bieten zum Beispiel kalte Gerichte mit dezentem Geruch sowie st\u00e4rkehaltige, trockene Nahrungsmittel (Zwieback, Crackers usw.). Essen Sie, worauf Sie Lust haben, und essen Sie zu dem Zeitpunkt, an dem Sie sich am wohlsten f\u00fchlen.<\/p><p>Die Fl\u00fcssigkeitsaufnahme ist sehr wichtig: Bei Verstopfung reguliert sie den Stuhlgang, bei Durchfall hilft sie, eine Dehydrierung zu verhindern. Lebensmittel mit \u00abstopfender\u00bb oder umgekehrt mit \u00ababf\u00fchrender\u00bb Wirkung oder mit hohem Anteil an Nahrungsfasern helfen f\u00fcr die Linderung solcher Beschwerden ebenfalls. Bei Verstopfung unterst\u00fctzt eine regelm\u00e4ssige k\u00f6rperliche Aktivit\u00e4t die Verdauung.<\/p><p>Bei Aphthen oder Schmerzen im Mund gilt es, m\u00f6glichst jene Lebensmittel zu meiden, die Reizungen hervorrufen k\u00f6nnen, wie zum Beispiel saures, scharfes Essen, Alkohol und Tabak. Die Temperatur und die Konsistenz der Lebensmittel k\u00f6nnen sich ebenfalls auf diese Beschwerden auswirken. Wenn sich der Geschmacks- und der Geruchssinn ver\u00e4ndern, helfen m\u00f6glicherweise kalte und geschmacksarme Mahlzeiten. Sp\u00fcren Sie den Geschmack von Nahrungsmitteln schw\u00e4cher als gew\u00f6hnlich, k\u00f6nnten Gew\u00fcrze oder Kr\u00e4uter und die Variation der Konsistenz den fehlenden Geschmack kompensieren.<\/p><p>Wenn Sie weitere Informationen m\u00f6chten, wenden Sie sich bitte an Ihre\/n \u00c4rztin\/Arzt oder an eine\/n Ern\u00e4hrungsberater\/in: Sie erhalten eine pers\u00f6nliche Beratung und k\u00f6nnen sich \u00fcber die M\u00f6glichkeiten einer Ern\u00e4hrungstherapie informieren.<\/p>\t\t\t\t\t\t\t\t<\/div>\n\t\t\t\t<\/div>\n\t\t\t\t<div class=\"elementor-element elementor-element-98b0b1e elementor-widget elementor-widget-image\" data-id=\"98b0b1e\" data-element_type=\"widget\" data-e-type=\"widget\" data-widget_type=\"image.default\">\n\t\t\t\t<div class=\"elementor-widget-container\">\n\t\t\t\t\t\t\t\t\t\t\t\t\t\t\t<img decoding=\"async\" width=\"672\" height=\"680\" src=\"https:\/\/axelcare.ch\/wp\/wp-content\/uploads\/2022\/04\/cancer-shape-2.png\" class=\"attachment-large size-large wp-image-595\" alt=\"\" srcset=\"https:\/\/axelcare.ch\/wp\/wp-content\/uploads\/2022\/04\/cancer-shape-2.png 672w, https:\/\/axelcare.ch\/wp\/wp-content\/uploads\/2022\/04\/cancer-shape-2-296x300.png 296w, https:\/\/axelcare.ch\/wp\/wp-content\/uploads\/2022\/04\/cancer-shape-2-148x150.png 148w\" sizes=\"(max-width: 672px) 100vw, 672px\" \/>\t\t\t\t\t\t\t\t\t\t\t\t\t\t\t<\/div>\n\t\t\t\t<\/div>\n\t\t\t\t\t<\/div>\n\t\t<\/div>\n\t\t\t\t\t<\/div>\n\t\t<\/section>\n\t\t\t\t<\/div>\n\t\t","protected":false},"excerpt":{"rendered":"<p>Wie passe ich meine Ern\u00e4hrung der Krebserkrankung und den Behandlungen an?<\/p>\n","protected":false},"author":1,"featured_media":0,"parent":0,"menu_order":0,"comment_status":"closed","ping_status":"closed","template":"","meta":{"footnotes":""},"class_list":["post-1282","page","type-page","status-publish","hentry"],"yoast_head":"<!-- This site is optimized with the Yoast SEO plugin v27.3 - https:\/\/yoast.com\/product\/yoast-seo-wordpress\/ -->\n<title>Axelcare &#8211; Krebs &#8211; K\u00fcnstliche Ern\u00e4hrung zu Hause<\/title>\n<meta name=\"description\" content=\"Wie passe ich meine Ern\u00e4hrung der Krebserkrankung und den Behandlungen an?\" \/>\n<meta name=\"robots\" content=\"index, follow, max-snippet:-1, max-image-preview:large, max-video-preview:-1\" \/>\n<link rel=\"canonical\" href=\"https:\/\/axelcare.ch\/cancer\/\" \/>\n<meta property=\"og:locale\" content=\"de_DE\" \/>\n<meta property=\"og:type\" content=\"article\" \/>\n<meta property=\"og:title\" content=\"Axelcare &#8211; Krebs &#8211; K\u00fcnstliche Ern\u00e4hrung zu Hause\" \/>\n<meta property=\"og:description\" content=\"Wie passe ich meine Ern\u00e4hrung der Krebserkrankung und den Behandlungen an?\" \/>\n<meta property=\"og:url\" content=\"https:\/\/axelcare.ch\/cancer\/\" \/>\n<meta property=\"og:site_name\" content=\"Axelcare\" \/>\n<meta property=\"article:publisher\" content=\"https:\/\/www.facebook.com\/AxelCare-1705916956371757\" \/>\n<meta property=\"article:modified_time\" content=\"2022-08-09T09:07:07+00:00\" \/>\n<meta property=\"og:image\" content=\"https:\/\/web.axelcare.ch\/wp\/wp-content\/uploads\/2022\/04\/cancer-shape-1.png\" \/>\n<meta name=\"twitter:card\" content=\"summary_large_image\" \/>\n<meta name=\"twitter:label1\" content=\"Est. reading time\" \/>\n\t<meta name=\"twitter:data1\" content=\"2 minutes\" \/>\n<script type=\"application\/ld+json\" class=\"yoast-schema-graph\">{\"@context\":\"https:\\\/\\\/schema.org\",\"@graph\":[{\"@type\":\"WebPage\",\"@id\":\"https:\\\/\\\/axelcare.ch\\\/cancer\\\/\",\"url\":\"https:\\\/\\\/axelcare.ch\\\/cancer\\\/\",\"name\":\"Axelcare &#8211; Krebs &#8211; K\u00fcnstliche Ern\u00e4hrung zu Hause\",\"isPartOf\":{\"@id\":\"https:\\\/\\\/axelcare.ch\\\/#website\"},\"primaryImageOfPage\":{\"@id\":\"https:\\\/\\\/axelcare.ch\\\/cancer\\\/#primaryimage\"},\"image\":{\"@id\":\"https:\\\/\\\/axelcare.ch\\\/cancer\\\/#primaryimage\"},\"thumbnailUrl\":\"https:\\\/\\\/web.axelcare.ch\\\/wp\\\/wp-content\\\/uploads\\\/2022\\\/04\\\/cancer-shape-1.png\",\"datePublished\":\"2022-04-26T12:10:43+00:00\",\"dateModified\":\"2022-08-09T09:07:07+00:00\",\"description\":\"Wie passe ich meine Ern\u00e4hrung der Krebserkrankung und den Behandlungen an?\",\"breadcrumb\":{\"@id\":\"https:\\\/\\\/axelcare.ch\\\/cancer\\\/#breadcrumb\"},\"inLanguage\":\"de\",\"potentialAction\":[{\"@type\":\"ReadAction\",\"target\":[\"https:\\\/\\\/axelcare.ch\\\/cancer\\\/\"]}]},{\"@type\":\"ImageObject\",\"inLanguage\":\"de\",\"@id\":\"https:\\\/\\\/axelcare.ch\\\/cancer\\\/#primaryimage\",\"url\":\"https:\\\/\\\/web.axelcare.ch\\\/wp\\\/wp-content\\\/uploads\\\/2022\\\/04\\\/cancer-shape-1.png\",\"contentUrl\":\"https:\\\/\\\/web.axelcare.ch\\\/wp\\\/wp-content\\\/uploads\\\/2022\\\/04\\\/cancer-shape-1.png\"},{\"@type\":\"BreadcrumbList\",\"@id\":\"https:\\\/\\\/axelcare.ch\\\/cancer\\\/#breadcrumb\",\"itemListElement\":[{\"@type\":\"ListItem\",\"position\":1,\"name\":\"Accueil\",\"item\":\"https:\\\/\\\/axelcare.ch\\\/de\\\/\"},{\"@type\":\"ListItem\",\"position\":2,\"name\":\"Krebs\"}]},{\"@type\":\"WebSite\",\"@id\":\"https:\\\/\\\/axelcare.ch\\\/#website\",\"url\":\"https:\\\/\\\/axelcare.ch\\\/\",\"name\":\"Axelcare\",\"description\":\"K\u00fcnstliche Ern\u00e4hrung zu Hause\",\"publisher\":{\"@id\":\"https:\\\/\\\/axelcare.ch\\\/#organization\"},\"potentialAction\":[{\"@type\":\"SearchAction\",\"target\":{\"@type\":\"EntryPoint\",\"urlTemplate\":\"https:\\\/\\\/axelcare.ch\\\/?s={search_term_string}\"},\"query-input\":{\"@type\":\"PropertyValueSpecification\",\"valueRequired\":true,\"valueName\":\"search_term_string\"}}],\"inLanguage\":\"de\"},{\"@type\":\"Organization\",\"@id\":\"https:\\\/\\\/axelcare.ch\\\/#organization\",\"name\":\"AxelCare SA\",\"url\":\"https:\\\/\\\/axelcare.ch\\\/\",\"logo\":{\"@type\":\"ImageObject\",\"inLanguage\":\"de\",\"@id\":\"https:\\\/\\\/axelcare.ch\\\/#\\\/schema\\\/logo\\\/image\\\/\",\"url\":\"https:\\\/\\\/axelcare.ch\\\/wp\\\/wp-content\\\/uploads\\\/2022\\\/04\\\/logo.png\",\"contentUrl\":\"https:\\\/\\\/axelcare.ch\\\/wp\\\/wp-content\\\/uploads\\\/2022\\\/04\\\/logo.png\",\"width\":300,\"height\":100,\"caption\":\"AxelCare SA\"},\"image\":{\"@id\":\"https:\\\/\\\/axelcare.ch\\\/#\\\/schema\\\/logo\\\/image\\\/\"},\"sameAs\":[\"https:\\\/\\\/www.facebook.com\\\/AxelCare-1705916956371757\",\"https:\\\/\\\/www.linkedin.com\\\/company\\\/axelcare\\\/\",\"https:\\\/\\\/www.youtube.com\\\/channel\\\/UClZ7KChzl8sRXl0B7VB9xbw\"]}]}<\/script>\n<!-- \/ Yoast SEO plugin. -->","yoast_head_json":{"title":"Axelcare &#8211; Krebs &#8211; K\u00fcnstliche Ern\u00e4hrung zu Hause","description":"Wie passe ich meine Ern\u00e4hrung der Krebserkrankung und den Behandlungen an?","robots":{"index":"index","follow":"follow","max-snippet":"max-snippet:-1","max-image-preview":"max-image-preview:large","max-video-preview":"max-video-preview:-1"},"canonical":"https:\/\/axelcare.ch\/cancer\/","og_locale":"de_DE","og_type":"article","og_title":"Axelcare &#8211; Krebs &#8211; K\u00fcnstliche Ern\u00e4hrung zu Hause","og_description":"Wie passe ich meine Ern\u00e4hrung der Krebserkrankung und den Behandlungen an?","og_url":"https:\/\/axelcare.ch\/cancer\/","og_site_name":"Axelcare","article_publisher":"https:\/\/www.facebook.com\/AxelCare-1705916956371757","article_modified_time":"2022-08-09T09:07:07+00:00","og_image":[{"url":"https:\/\/web.axelcare.ch\/wp\/wp-content\/uploads\/2022\/04\/cancer-shape-1.png","type":"","width":"","height":""}],"twitter_card":"summary_large_image","twitter_misc":{"Est. reading time":"2 minutes"},"schema":{"@context":"https:\/\/schema.org","@graph":[{"@type":"WebPage","@id":"https:\/\/axelcare.ch\/cancer\/","url":"https:\/\/axelcare.ch\/cancer\/","name":"Axelcare &#8211; Krebs &#8211; K\u00fcnstliche Ern\u00e4hrung zu Hause","isPartOf":{"@id":"https:\/\/axelcare.ch\/#website"},"primaryImageOfPage":{"@id":"https:\/\/axelcare.ch\/cancer\/#primaryimage"},"image":{"@id":"https:\/\/axelcare.ch\/cancer\/#primaryimage"},"thumbnailUrl":"https:\/\/web.axelcare.ch\/wp\/wp-content\/uploads\/2022\/04\/cancer-shape-1.png","datePublished":"2022-04-26T12:10:43+00:00","dateModified":"2022-08-09T09:07:07+00:00","description":"Wie passe ich meine Ern\u00e4hrung der Krebserkrankung und den Behandlungen an?","breadcrumb":{"@id":"https:\/\/axelcare.ch\/cancer\/#breadcrumb"},"inLanguage":"de","potentialAction":[{"@type":"ReadAction","target":["https:\/\/axelcare.ch\/cancer\/"]}]},{"@type":"ImageObject","inLanguage":"de","@id":"https:\/\/axelcare.ch\/cancer\/#primaryimage","url":"https:\/\/web.axelcare.ch\/wp\/wp-content\/uploads\/2022\/04\/cancer-shape-1.png","contentUrl":"https:\/\/web.axelcare.ch\/wp\/wp-content\/uploads\/2022\/04\/cancer-shape-1.png"},{"@type":"BreadcrumbList","@id":"https:\/\/axelcare.ch\/cancer\/#breadcrumb","itemListElement":[{"@type":"ListItem","position":1,"name":"Accueil","item":"https:\/\/axelcare.ch\/de\/"},{"@type":"ListItem","position":2,"name":"Krebs"}]},{"@type":"WebSite","@id":"https:\/\/axelcare.ch\/#website","url":"https:\/\/axelcare.ch\/","name":"Axelcare","description":"K\u00fcnstliche Ern\u00e4hrung zu Hause","publisher":{"@id":"https:\/\/axelcare.ch\/#organization"},"potentialAction":[{"@type":"SearchAction","target":{"@type":"EntryPoint","urlTemplate":"https:\/\/axelcare.ch\/?s={search_term_string}"},"query-input":{"@type":"PropertyValueSpecification","valueRequired":true,"valueName":"search_term_string"}}],"inLanguage":"de"},{"@type":"Organization","@id":"https:\/\/axelcare.ch\/#organization","name":"AxelCare SA","url":"https:\/\/axelcare.ch\/","logo":{"@type":"ImageObject","inLanguage":"de","@id":"https:\/\/axelcare.ch\/#\/schema\/logo\/image\/","url":"https:\/\/axelcare.ch\/wp\/wp-content\/uploads\/2022\/04\/logo.png","contentUrl":"https:\/\/axelcare.ch\/wp\/wp-content\/uploads\/2022\/04\/logo.png","width":300,"height":100,"caption":"AxelCare SA"},"image":{"@id":"https:\/\/axelcare.ch\/#\/schema\/logo\/image\/"},"sameAs":["https:\/\/www.facebook.com\/AxelCare-1705916956371757","https:\/\/www.linkedin.com\/company\/axelcare\/","https:\/\/www.youtube.com\/channel\/UClZ7KChzl8sRXl0B7VB9xbw"]}]}},"_links":{"self":[{"href":"https:\/\/axelcare.ch\/de\/wp-json\/wp\/v2\/pages\/1282","targetHints":{"allow":["GET"]}}],"collection":[{"href":"https:\/\/axelcare.ch\/de\/wp-json\/wp\/v2\/pages"}],"about":[{"href":"https:\/\/axelcare.ch\/de\/wp-json\/wp\/v2\/types\/page"}],"author":[{"embeddable":true,"href":"https:\/\/axelcare.ch\/de\/wp-json\/wp\/v2\/users\/1"}],"replies":[{"embeddable":true,"href":"https:\/\/axelcare.ch\/de\/wp-json\/wp\/v2\/comments?post=1282"}],"version-history":[{"count":21,"href":"https:\/\/axelcare.ch\/de\/wp-json\/wp\/v2\/pages\/1282\/revisions"}],"predecessor-version":[{"id":4726,"href":"https:\/\/axelcare.ch\/de\/wp-json\/wp\/v2\/pages\/1282\/revisions\/4726"}],"wp:attachment":[{"href":"https:\/\/axelcare.ch\/de\/wp-json\/wp\/v2\/media?parent=1282"}],"curies":[{"name":"wp","href":"https:\/\/api.w.org\/{rel}","templated":true}]}}